{"id":987476460,"date":"2022-07-11T20:48:35","date_gmt":"2022-07-11T18:48:35","guid":{"rendered":"https:\/\/www.claresco-cosmetic.de\/kosmetik-shop\/?post_type=product&#038;p=987476460"},"modified":"2025-12-31T18:21:05","modified_gmt":"2025-12-31T17:21:05","slug":"detoxing-oil-serum","status":"publish","type":"product","link":"https:\/\/www.claresco-cosmetic.de\/kosmetik-shop\/produkt\/detoxing-oil-serum\/","title":{"rendered":"Detoxing Oil Serum"},"content":{"rendered":"<h5>Produktinformationen<\/h5>\n<p>Strahlen Sie mit Ihrer Haut um die Wette! Begriffe wie Detox und Haut\u00f6l wecken so angenehme Gef\u00fchle. Einfach leicht und frei sein. Das klappt eindrucksvoll mit dem entgiftenden, hautstraffenden \u00d6l f\u00fcrs Gesicht, dem DETOXING OIL. Sein wirkstoffreiches Netzwerk aus europ\u00e4ischen Pflanzenstoffen, wie Wacholder, Lorbeer, Immortelle, Zitrone und Zypresse ist ganzheitlich belassen. So wie es uns die Natur vormacht. Und es verbindet sich einf\u00fchlsam mit dem \u00d6l aus dem Schwarzen Sesam Ursamen. \u200b<\/p>\n<p>Wunderbar ist seine Wirkung: abschwellend, reinigend, in Fluss bringend, ausleitend<\/p>\n<p>Und zwar mit den intensiv wirkenden Antioxidantien Sesamolin und Sesamol, hochwertigen, pflanzlichen Eiwei\u00dfen, Vitaminen der B-Gruppe und Lezithin sowie den besonders wichtigen schwefelhaltigen Aminos\u00e4uren. Es aktiviert auf sp\u00fcrbar angenehme Weise Ihren Stoffwechsel und den wirklich lebensnotwendigen Lymphfluss. Ablagerungen werden sichtbar gel\u00f6st. Im Gewebe und in den Gef\u00e4\u00dfen. Ihre Gesichtshaut wirkt durch neue Reinheit unglaublich lebendig, klar und glatt. Einfach sch\u00f6n. Und genie\u00dfen Sie auch den unglaublich feinen Duft dieses Haut\u00f6ls. \u200b<\/p>\n<p>&nbsp;<\/p>\n<h5>Anwendung<\/h5>\n<p>Tragen Sie einige Tropfen pur auf bestimmte Stellen unter einer Pflegecreme auf oder mischen Sie das DETOXING OIL direkt mit der Pflegecreme in der Hand.\u200b Geben Sie zus\u00e4tzlich einige Tropfen pur auf die Hauptlymphknoten &#8211; Hals, Achsel, Leiste, Kniekehle.<\/p>\n<p>&nbsp;<\/p>\n<h5>Empfohlen f\u00fcr<\/h5>\n<ul>\n<li>Unreinheiten und Unterlagerungen \u2192 regt des Stoffwechsel an\u200b<\/li>\n<li>Aufgeschwemmtes, gestautes Gewebe \u2192 wirkt entgiftend und hautstraffend<\/li>\n<li>Couperose \u2192 mindert R\u00f6tungen und beruhigt die Haut<\/li>\n<\/ul>\n<p>&nbsp;<\/p>\n[et_pb_section global_module=\"987493092\"][\/et_pb_section]\n","protected":false},"excerpt":{"rendered":"<p>Entgiftendes \u00d6l-Serum zur Aktivierung des Lymphflusses<\/p>\n<p>&nbsp;<\/p>\n<ul>\n<li style=\"margin-bottom: 12px;\">Reinigt und entgiftet das Hautgewebe<\/li>\n<li style=\"margin-bottom: 12px;\">Aktiviert den Lymphfluss<\/li>\n<li style=\"margin-bottom: 12px;\">Lindert Blockaden und Schwellungen<\/li>\n<li style=\"margin-bottom: 12px;\">Wirksam gegen Unreinheiten und Unterlagerungen<\/li>\n<li style=\"margin-bottom: 12px;\">Hergestellt aus kostbaren Heil- und Verj\u00fcngungspflanzen, den sacred plants<\/li>\n<li style=\"margin-bottom: 12px;\">Reich an Biophotonen f\u00fcr eine revolution\u00e4re Hautlebendigkeit<\/li>\n<li>100% biologischer Anbau in Mischkultur<\/li>\n<\/ul>\n","protected":false},"featured_media":987476453,"comment_status":"open","ping_status":"closed","template":"","meta":{"_et_pb_use_builder":"","_et_pb_old_content":"","_et_gb_content_width":""},"product_brand":[473],"product_cat":[251,84,243,210,463,240,239,244],"product_tag":[],"class_list":{"0":"post-987476460","1":"product","2":"type-product","3":"status-publish","4":"has-post-thumbnail","6":"product_brand-pharmos-natur","7":"product_cat-pharmos-alle-naturkosmetik","8":"product_cat-gesicht","9":"product_cat-pharmos-gesichtspflege","10":"product_cat-gesichtspflege","11":"product_cat-holistic-detox","12":"product_cat-pharmos-naturkosmetik","13":"product_cat-pharmos-natur","14":"product_cat-pharmos-serum","16":"first","17":"onbackorder","18":"taxable","19":"shipping-taxable","20":"purchasable","21":"product-type-simple"},"booking_location":null,"booking_location_type":null,"booking_duration":null,"booking_duration_unit":null,"booking_buffer":null,"booking_cost":null,"booking_resources":null,"exclude_global_add_ons":[],"addons":[],"_links":{"self":[{"href":"https:\/\/www.claresco-cosmetic.de\/kosmetik-shop\/wp-json\/wp\/v2\/product\/987476460","targetHints":{"allow":["GET"]}}],"collection":[{"href":"https:\/\/www.claresco-cosmetic.de\/kosmetik-shop\/wp-json\/wp\/v2\/product"}],"about":[{"href":"https:\/\/www.claresco-cosmetic.de\/kosmetik-shop\/wp-json\/wp\/v2\/types\/product"}],"replies":[{"embeddable":true,"href":"https:\/\/www.claresco-cosmetic.de\/kosmetik-shop\/wp-json\/wp\/v2\/comments?post=987476460"}],"wp:featuredmedia":[{"embeddable":true,"href":"https:\/\/www.claresco-cosmetic.de\/kosmetik-shop\/wp-json\/wp\/v2\/media\/987476453"}],"wp:attachment":[{"href":"https:\/\/www.claresco-cosmetic.de\/kosmetik-shop\/wp-json\/wp\/v2\/media?parent=987476460"}],"wp:term":[{"taxonomy":"product_brand","embeddable":true,"href":"https:\/\/www.claresco-cosmetic.de\/kosmetik-shop\/wp-json\/wp\/v2\/product_brand?post=987476460"},{"taxonomy":"product_cat","embeddable":true,"href":"https:\/\/www.claresco-cosmetic.de\/kosmetik-shop\/wp-json\/wp\/v2\/product_cat?post=987476460"},{"taxonomy":"product_tag","embeddable":true,"href":"https:\/\/www.claresco-cosmetic.de\/kosmetik-shop\/wp-json\/wp\/v2\/product_tag?post=987476460"}],"curies":[{"name":"wp","href":"https:\/\/api.w.org\/{rel}","templated":true}]}}