{"id":987476462,"date":"2022-07-11T21:06:40","date_gmt":"2022-07-11T19:06:40","guid":{"rendered":"https:\/\/www.claresco-cosmetic.de\/kosmetik-shop\/?post_type=product&#038;p=987476462"},"modified":"2026-03-20T13:03:40","modified_gmt":"2026-03-20T12:03:40","slug":"harmonizing-oil","status":"publish","type":"product","link":"https:\/\/www.claresco-cosmetic.de\/kosmetik-shop\/produkt\/harmonizing-oil\/","title":{"rendered":"Harmonizing Oil"},"content":{"rendered":"<h5>Produktinformationen<\/h5>\n<p>Sesam \u00f6ffne Dich! Kleiner Samen, gro\u00dfe Wirkung. Aus dem schwarzen Sesam Ursamen wird das reine Hautpflege\u00f6l hergestellt. Es ist eine echte Kostbarkeit aus der Natur, die beruhigend wirkt und f\u00fcr aktive Hauterneuerung steht.<\/p>\n<p>Selbst bei empfindlichster Haut verhindert das HARMONIZING OIL &#8220;\u00fcberschie\u00dfende&#8221; Hautreaktionen. Es vitalisiert und sorgt f\u00fcr den Aufbau sch\u00f6ner und gesunder Haut. Das bedeutet Ausgleich und Harmonie f\u00fcr Ihren gesamten Hautstoffwechsel. Kollagen- und Elastinproduktion werden durch diese pflanzliche Hautpflege stimuliert. Denn die in dem Sesam Haut\u00f6l enthaltenen Wirkstoffe, Antioxidantien, Calcium, Magnesium und schwefelhaltige Aminos\u00e4uren machen es zu einer sicht- und sp\u00fcrbar hochwirksamen Pflege f\u00fcr Ihr Gesicht, Ihren Hals und Ihr Dekollet\u00e9.<\/p>\n<p>Trockenheitsf\u00e4ltchen reduzieren sich. Strapazierte Haut wird glatt. Sensible Haut wird geschmeidig. F\u00fcr eine sch\u00f6ne und gesunde Ausstrahlung.<\/p>\n<p>&nbsp;<\/p>\n<h5>Anwendung<\/h5>\n<p>Tragen Sie einige Tropfen HARMONIZING OIL pur unter einer Pflegecreme auf.\u200b Alternativ vermengen Sie direkt einige Tropfen in der Hand: Mit dem REVITALIZING GEL, der BODY LOTION oder Ihrer individuellen PHARMOS NATUR Pflegecreme.<\/p>\n<p>&nbsp;<\/p>\n<h5>Empfohlen f\u00fcr<\/h5>\n<ul>\n<li>Neurodermitis und Schuppenflechte \u2192 regeneriert und pflegt betroffene Hautstellen\u200b<\/li>\n<li>Allergische Hautreaktionen \u2192 verhindert \u00fcberschie\u00dfende Hautreaktionen\u200b<\/li>\n<li>Trockene Haut \u2192 gl\u00e4ttet Trockenheitsf\u00e4ltchen<\/li>\n<li>Entz\u00fcndete, empfindliche Haut \u2192 pflegt strapazierte Hautstellen\u200b<\/li>\n<li>Alle Hauttypen \u2192 wirkt 100 % vertr\u00e4glich und nat\u00fcrlich\u200b<\/li>\n<\/ul>\n<p>&nbsp;<\/p>\n[et_pb_section global_module=\"987493092\"][\/et_pb_section]\n<p>&nbsp;<\/p>\n","protected":false},"excerpt":{"rendered":"<p>Cell-Vital Hautpflege natural.<br \/>\nBeruhigendes Gesichts\u00f6l f\u00fcr empfindliche und gestresste Haut<\/p>\n<p>&nbsp;<\/p>\n<ul>\n<li style=\"margin-bottom: 12px;\">vitalisierendes, hautpflegendes \u00d6l<\/li>\n<li style=\"margin-bottom: 12px;\">wirkt heilend, n\u00e4hrend und sch\u00fctzend\u200b<\/li>\n<li style=\"margin-bottom: 12px;\">verhindert \u00fcberschie\u00dfende Hautreaktion\u200b<\/li>\n<li style=\"margin-bottom: 12px;\">unterst\u00fctzt die Regenerationsf\u00e4higkeit der Haut\u200b<\/li>\n<li>aus echten Heil- und Verj\u00fcngungspflanzen, sacred plants<\/li>\n<\/ul>\n","protected":false},"featured_media":987476451,"comment_status":"open","ping_status":"closed","template":"","meta":{"_et_pb_use_builder":"","_et_pb_old_content":"","_et_gb_content_width":""},"product_brand":[473],"product_cat":[251,84,210,243,245,240,239,244,459],"product_tag":[291,65],"class_list":{"0":"post-987476462","1":"product","2":"type-product","3":"status-publish","4":"has-post-thumbnail","6":"product_brand-pharmos-natur","7":"product_cat-pharmos-alle-naturkosmetik","8":"product_cat-gesicht","9":"product_cat-gesichtspflege","10":"product_cat-pharmos-gesichtspflege","11":"product_cat-pharmos-hautprobleme","12":"product_cat-pharmos-naturkosmetik","13":"product_cat-pharmos-natur","14":"product_cat-pharmos-serum","15":"product_cat-rabatt-aktionen","16":"product_tag-neurodermitis","17":"product_tag-wirkstoffe","18":"pa_inhalt-30ml","20":"first","21":"onbackorder","22":"taxable","23":"shipping-taxable","24":"purchasable","25":"product-type-simple"},"booking_location":null,"booking_location_type":null,"booking_duration":null,"booking_duration_unit":null,"booking_buffer":null,"booking_cost":null,"booking_resources":null,"exclude_global_add_ons":[],"addons":[],"_links":{"self":[{"href":"https:\/\/www.claresco-cosmetic.de\/kosmetik-shop\/wp-json\/wp\/v2\/product\/987476462","targetHints":{"allow":["GET"]}}],"collection":[{"href":"https:\/\/www.claresco-cosmetic.de\/kosmetik-shop\/wp-json\/wp\/v2\/product"}],"about":[{"href":"https:\/\/www.claresco-cosmetic.de\/kosmetik-shop\/wp-json\/wp\/v2\/types\/product"}],"replies":[{"embeddable":true,"href":"https:\/\/www.claresco-cosmetic.de\/kosmetik-shop\/wp-json\/wp\/v2\/comments?post=987476462"}],"wp:featuredmedia":[{"embeddable":true,"href":"https:\/\/www.claresco-cosmetic.de\/kosmetik-shop\/wp-json\/wp\/v2\/media\/987476451"}],"wp:attachment":[{"href":"https:\/\/www.claresco-cosmetic.de\/kosmetik-shop\/wp-json\/wp\/v2\/media?parent=987476462"}],"wp:term":[{"taxonomy":"product_brand","embeddable":true,"href":"https:\/\/www.claresco-cosmetic.de\/kosmetik-shop\/wp-json\/wp\/v2\/product_brand?post=987476462"},{"taxonomy":"product_cat","embeddable":true,"href":"https:\/\/www.claresco-cosmetic.de\/kosmetik-shop\/wp-json\/wp\/v2\/product_cat?post=987476462"},{"taxonomy":"product_tag","embeddable":true,"href":"https:\/\/www.claresco-cosmetic.de\/kosmetik-shop\/wp-json\/wp\/v2\/product_tag?post=987476462"}],"curies":[{"name":"wp","href":"https:\/\/api.w.org\/{rel}","templated":true}]}}