{"id":987476465,"date":"2022-07-12T10:36:02","date_gmt":"2022-07-12T08:36:02","guid":{"rendered":"https:\/\/www.claresco-cosmetic.de\/kosmetik-shop\/?post_type=product&#038;p=987476465"},"modified":"2025-12-31T18:21:05","modified_gmt":"2025-12-31T17:21:05","slug":"day-protect-cream","status":"publish","type":"product","link":"https:\/\/www.claresco-cosmetic.de\/kosmetik-shop\/produkt\/day-protect-cream\/","title":{"rendered":"Day Protect Cream"},"content":{"rendered":"<h5>Produktinformationen<\/h5>\n<p>Ein samtig goldener Schimmer legt sich auf Ihre Haut. 100% reiner Aloe Vera Bio Ursaft feinf\u00fchlig kombiniert mit ausgew\u00e4hlten Heil- und Verj\u00fcngungspflanzen, sacred plants, sch\u00fctzt Ihre Haut bestens vor freien Radikalen und sch\u00e4dlichen Umwelteinfl\u00fcssen.<\/p>\n<p>Einfach nachhaltig in der Wirkung unsere Anti-Pollution Pflege. \u200b Mit gr\u00fcnem Tee, Gelbholz, Sanddorn-\u00d6l, Jojoba-\u00d6l, Avellana-Antifalten-\u00d6l und Sheabutter bietet die get\u00f6nte Tagespflege ein H\u00f6chstma\u00df an Regeneration, Schutz und Pflege.<\/p>\n<p>R\u00f6tungen und Entz\u00fcndungen werden gelindert. Als n\u00e4hrstoffreiche, leicht get\u00f6nte Tagescreme mit nat\u00fcrlichem Lichtschutz, eignet sie sich besonders auch f\u00fcr empfindliche Haut. Fr\u00fchzeitiger Hautalterung wie Linien und F\u00e4ltchen beugt sie vor. Mit der Zeit werden auch Pigmentflecken blasser. \u200b Und das sehen Sie! Ihr Sch\u00f6nsein zeigt sich in einem frischen, gleichm\u00e4\u00dfigen Hautbild.<\/p>\n<p>&nbsp;<\/p>\n<h5>Anwendung<\/h5>\n<p>Tupfen Sie die DAY PROTECT CREAM morgens und abends auf die Haut auf und streichen Sie diese kurz ein. Bitte nicht zu lange reiben.\u200b Bei normaler bis fettiger Haut verwenden Sie die Creme einfach pur, bei trockener Haut mischen Sie sie mit einer Pflegecreme oder einem Oil Serum.<\/p>\n<p>&nbsp;<\/p>\n<h5>Empfohlen f\u00fcr<\/h5>\n<ul>\n<li>Entz\u00fcndliche Haut \u2192 lindert R\u00f6tungen und f\u00f6rdert die Regeneration betroffener Hautstellen\u200b<\/li>\n<li>Empfindliche Haut \u2192 sch\u00fctzt mit leichtem, nat\u00fcrlichem Lichtschutz vor Umwelteinfl\u00fcssen\u200b<\/li>\n<li>Alle Hauttypen \u2192sorgt f\u00fcr ein frisches, gleichm\u00e4\u00dfiges Hautbild\u200b<\/li>\n<\/ul>\n<p>&nbsp;<\/p>\n<p>&nbsp;<\/p>\n[et_pb_section global_module=\"987493113\"][\/et_pb_section]\n","protected":false},"excerpt":{"rendered":"<p>Tagespflege Gold.<br \/>\nEine get\u00f6nte Tagescreme f\u00fcr den nat\u00fcrlichen Schutz der Haut<\/p>\n<p>&nbsp;<\/p>\n<ul>\n<li style=\"margin-bottom: 12px;\">nat\u00fcrlicher Licht- und Sonnenschutz beugt vorzeitiger Hautalterung vor\u200b<\/li>\n<li style=\"margin-bottom: 12px;\">lindert R\u00f6tungen und Entz\u00fcndungen\u200b<\/li>\n<li style=\"margin-bottom: 12px;\">leichte T\u00f6nung sorgt f\u00fcr einen ebenm\u00e4\u00dfigen, strahlenden Teint\u200b<\/li>\n<li style=\"margin-bottom: 12px;\">sch\u00fctzt mit effizienten Antioxidantien vor Umwelteinfl\u00fcssen\u200b<\/li>\n<li>aus echten Heil- und Verj\u00fcngungspflanzen, sacred plants<\/li>\n<\/ul>\n","protected":false},"featured_media":987476450,"comment_status":"open","ping_status":"closed","template":"","meta":{"_et_pb_use_builder":"","_et_pb_old_content":"","_et_gb_content_width":""},"product_brand":[473],"product_cat":[251,84,243,210,245,240,239],"product_tag":[66,172,63,134,69],"class_list":{"0":"post-987476465","1":"product","2":"type-product","3":"status-publish","4":"has-post-thumbnail","6":"product_brand-pharmos-natur","7":"product_cat-pharmos-alle-naturkosmetik","8":"product_cat-gesicht","9":"product_cat-pharmos-gesichtspflege","10":"product_cat-gesichtspflege","11":"product_cat-pharmos-hautprobleme","12":"product_cat-pharmos-naturkosmetik","13":"product_cat-pharmos-natur","14":"product_tag-gesichtscreme","15":"product_tag-tagescreme-getoent","16":"product_tag-tagesschutz","17":"product_tag-teint","18":"product_tag-therapeutisch","19":"pa_inhalt-50ml","21":"first","22":"onbackorder","23":"taxable","24":"shipping-taxable","25":"purchasable","26":"product-type-simple"},"booking_location":null,"booking_location_type":null,"booking_duration":null,"booking_duration_unit":null,"booking_buffer":null,"booking_cost":null,"booking_resources":null,"exclude_global_add_ons":[],"addons":[],"_links":{"self":[{"href":"https:\/\/www.claresco-cosmetic.de\/kosmetik-shop\/wp-json\/wp\/v2\/product\/987476465","targetHints":{"allow":["GET"]}}],"collection":[{"href":"https:\/\/www.claresco-cosmetic.de\/kosmetik-shop\/wp-json\/wp\/v2\/product"}],"about":[{"href":"https:\/\/www.claresco-cosmetic.de\/kosmetik-shop\/wp-json\/wp\/v2\/types\/product"}],"replies":[{"embeddable":true,"href":"https:\/\/www.claresco-cosmetic.de\/kosmetik-shop\/wp-json\/wp\/v2\/comments?post=987476465"}],"wp:featuredmedia":[{"embeddable":true,"href":"https:\/\/www.claresco-cosmetic.de\/kosmetik-shop\/wp-json\/wp\/v2\/media\/987476450"}],"wp:attachment":[{"href":"https:\/\/www.claresco-cosmetic.de\/kosmetik-shop\/wp-json\/wp\/v2\/media?parent=987476465"}],"wp:term":[{"taxonomy":"product_brand","embeddable":true,"href":"https:\/\/www.claresco-cosmetic.de\/kosmetik-shop\/wp-json\/wp\/v2\/product_brand?post=987476465"},{"taxonomy":"product_cat","embeddable":true,"href":"https:\/\/www.claresco-cosmetic.de\/kosmetik-shop\/wp-json\/wp\/v2\/product_cat?post=987476465"},{"taxonomy":"product_tag","embeddable":true,"href":"https:\/\/www.claresco-cosmetic.de\/kosmetik-shop\/wp-json\/wp\/v2\/product_tag?post=987476465"}],"curies":[{"name":"wp","href":"https:\/\/api.w.org\/{rel}","templated":true}]}}