{"id":987476593,"date":"2022-07-18T12:47:57","date_gmt":"2022-07-18T10:47:57","guid":{"rendered":"https:\/\/www.claresco-cosmetic.de\/kosmetik-shop\/?post_type=product&#038;p=987476593"},"modified":"2025-12-31T18:21:04","modified_gmt":"2025-12-31T17:21:04","slug":"body-lotion","status":"publish","type":"product","link":"https:\/\/www.claresco-cosmetic.de\/kosmetik-shop\/produkt\/body-lotion\/","title":{"rendered":"Body Lotion"},"content":{"rendered":"<h5>Produktinformation<\/h5>\n<p>Z\u00e4rtlich und anschmiegsam f\u00fchlt sie sich auf der Haut an: die K\u00f6rperlotion. Jede Ber\u00fchrung mit dieser Bodylotion stimuliert Ihren nat\u00fcrlichen Energiefluss. 100% reiner, wirkstoffreicher Aloe Vera Bio Ursaft anstelle von Wasser, in der ungew\u00f6hnlichen Kombination mit Rose und Jojoba, erf\u00fcllt Ihren ganzen K\u00f6rper mit neuer Lebens- und Spannkraft. Ihr Schutzmantel Haut wird intensiv gepflegt, mit einem kompletten Wirkstoffnetz, intensiver Lichtenergie und hoher Schwingung. \u200b<\/p>\n<p>Der nat\u00fcrliche Repairkomplex der besonderen Aloe Vera erg\u00e4nzt durch eine F\u00fclle an wichtigen Glykon\u00e4hrstoffen, f\u00f6rdert die Hautregeneration in einzigartiger Weise. Aufgrund seiner Viskosit\u00e4t und seiner Konsistenz ist der Aloe Vera BioUrsaft, im Gegensatz zu Wasser, in der Lage, die Wirkstoffe aus den pflanzlichen \u00d6len zu binden und sie sanft in die Haut zu f\u00fchren. Ohne R\u00fcckst\u00e4nde auf Ihrer Haut zu hinterlassen und ohne zu fetten. In Kombination mit dem feinen Jojoba-\u00d6l, einem reinen Pflanzenwachs aus den Samen des Jojoba-Strauches, erfahren Ihre Haut und Ihr Gewebe eine tiefenwirksame Regeneration. Die Hautelastizit\u00e4t wird deutlich gesteigert. Sogar Ihr Immunsystem f\u00fchlt sich gest\u00e4rkt. \u200b<\/p>\n<p>Nach dem Eincremen verbleibt ein seidiger Glanz auf der Hautoberfl\u00e4che. Ihre Haut f\u00fchlt sich dauerhaft streichelzart an. In der Mischung aus echten \u00e4therischen \u00d6len wie Rosen\u00f6l und Rosengeranie liegt das Geheimnis des harmonisierenden Duftes, der Ihre Sinne bet\u00f6rt. Pflege, Schutz und duftendes Wohlgef\u00fchl. Gesunde Haut bleibt sch\u00f6n, irritierte Haut beruhigt sich und blockierte Lebensenergie flie\u00dft wieder.<\/p>\n<p>&nbsp;<\/p>\n<h5>Anwendung<\/h5>\n<p>Tragen Sie die BODY LOTION gleichm\u00e4\u00dfig auf Ihren K\u00f6rper auf.<\/p>\n<p>&nbsp;<\/p>\n<h5>Empfohlen f\u00fcr<\/h5>\n<ul>\n<li>Besonders empfindliche Haut \u2192 regeneriert tiefenwirksam<\/li>\n<li>Bindegewebsschw\u00e4che \u2192 st\u00e4rkt die Regeneration der Zellen\u200b<\/li>\n<li>M\u00fcde, schwere Beine \u2192 wirkt erfrischend und belebend\u200b<\/li>\n<li>Babys und Kleinkinder \u2192 sanfte und nat\u00fcrliche Pflege<\/li>\n<li>Alle Hauttypen \u2192 stimmuliert den nat\u00fcrlichen Energiefluss<\/li>\n<\/ul>\n<p>&nbsp;<\/p>\n[et_pb_section global_module=\"987493092\"][\/et_pb_section]\n","protected":false},"excerpt":{"rendered":"<p>Schnell einziehende, feuchtigkeitsspendende Body Lotion<\/p>\n<p>&nbsp;<\/p>\n<ul>\n<li style=\"margin-bottom: 12px;\">erfrischende, straffende, feuchtigkeitsspendende &amp; bindegewebsst\u00e4rkende K\u00f6rperlotion\u200b<\/li>\n<li style=\"margin-bottom: 12px;\">zieht rasch ein, pflegt nachhaltig\u200b<\/li>\n<li style=\"margin-bottom: 12px;\">bringt S\u00e4ureschutzmantel der Haut ins Gleichgewicht\u200b<\/li>\n<li style=\"margin-bottom: 12px;\">sch\u00fctzt vor freien Radikalen &amp; beugt der Hautalterung vor\u200b<\/li>\n<li>aus echten Heil- und Verj\u00fcngungspflanzen, sacred plants<\/li>\n<\/ul>\n","protected":false},"featured_media":987476594,"comment_status":"open","ping_status":"closed","template":"","meta":{"_et_pb_use_builder":"","_et_pb_old_content":"","_et_gb_content_width":""},"product_brand":[473],"product_cat":[251,479,85,213,249,240,239,459],"product_tag":[305,203,68],"class_list":{"0":"post-987476593","1":"product","2":"type-product","3":"status-publish","4":"has-post-thumbnail","6":"product_brand-pharmos-natur","7":"product_cat-pharmos-alle-naturkosmetik","8":"product_cat-body-soul","9":"product_cat-koerper","10":"product_cat-koerperpflege","11":"product_cat-pharmos-koerperpflege","12":"product_cat-pharmos-naturkosmetik","13":"product_cat-pharmos-natur","14":"product_cat-rabatt-aktionen","15":"product_tag-bindegewebe","16":"product_tag-bodylotion","17":"product_tag-regeneration","19":"first","20":"instock","21":"taxable","22":"shipping-taxable","23":"purchasable","24":"product-type-simple"},"booking_location":null,"booking_location_type":null,"booking_duration":null,"booking_duration_unit":null,"booking_buffer":null,"booking_cost":null,"booking_resources":null,"exclude_global_add_ons":[],"addons":[],"_links":{"self":[{"href":"https:\/\/www.claresco-cosmetic.de\/kosmetik-shop\/wp-json\/wp\/v2\/product\/987476593","targetHints":{"allow":["GET"]}}],"collection":[{"href":"https:\/\/www.claresco-cosmetic.de\/kosmetik-shop\/wp-json\/wp\/v2\/product"}],"about":[{"href":"https:\/\/www.claresco-cosmetic.de\/kosmetik-shop\/wp-json\/wp\/v2\/types\/product"}],"replies":[{"embeddable":true,"href":"https:\/\/www.claresco-cosmetic.de\/kosmetik-shop\/wp-json\/wp\/v2\/comments?post=987476593"}],"wp:featuredmedia":[{"embeddable":true,"href":"https:\/\/www.claresco-cosmetic.de\/kosmetik-shop\/wp-json\/wp\/v2\/media\/987476594"}],"wp:attachment":[{"href":"https:\/\/www.claresco-cosmetic.de\/kosmetik-shop\/wp-json\/wp\/v2\/media?parent=987476593"}],"wp:term":[{"taxonomy":"product_brand","embeddable":true,"href":"https:\/\/www.claresco-cosmetic.de\/kosmetik-shop\/wp-json\/wp\/v2\/product_brand?post=987476593"},{"taxonomy":"product_cat","embeddable":true,"href":"https:\/\/www.claresco-cosmetic.de\/kosmetik-shop\/wp-json\/wp\/v2\/product_cat?post=987476593"},{"taxonomy":"product_tag","embeddable":true,"href":"https:\/\/www.claresco-cosmetic.de\/kosmetik-shop\/wp-json\/wp\/v2\/product_tag?post=987476593"}],"curies":[{"name":"wp","href":"https:\/\/api.w.org\/{rel}","templated":true}]}}