{"id":987476604,"date":"2022-07-18T12:53:13","date_gmt":"2022-07-18T10:53:13","guid":{"rendered":"https:\/\/www.claresco-cosmetic.de\/kosmetik-shop\/?post_type=product&#038;p=987476604"},"modified":"2025-12-31T18:21:05","modified_gmt":"2025-12-31T17:21:05","slug":"detoxing-body-oil","status":"publish","type":"product","link":"https:\/\/www.claresco-cosmetic.de\/kosmetik-shop\/produkt\/detoxing-body-oil\/","title":{"rendered":"Detoxing Body Oil"},"content":{"rendered":"<h5>Produktinformation<\/h5>\n<p>Unsere Sehnsucht danach ist gro\u00df: einfach alles loszulassen. Mit dem sp\u00fcrbar ausleitenden Haut-\u00d6l f\u00fcr den K\u00f6rper gelingt das spielerisch leicht. Ein echtes Wirkstoffwunder aus der Natur mit einer unglaublich vitalisierenden Formel: es verbindet wertvolle, traditionelle Heilpflanzen aus Europa, wie Immortelle, Lorbeer, Zypresse, Wacholder und Zitrone perfekt mit dem kostbaren \u00d6l des schwarzen Sesam Ursamens. \u200b<\/p>\n<p>Ihr Stoffwechsel kommt in Schwung und der lebensnotwendige Lymphfluss wird aktiviert. Dieses hautstraffende \u00d6l l\u00f6st Ablagerungen in den Geweben und in den Gef\u00e4\u00dfen. Schlacken werden abtransportiert und die Venen gest\u00e4rkt. Verh\u00e4rtungen l\u00f6sen sich auf. Schwellungen gehen zur\u00fcck. Ihr gesamter Organismus ist gut durchblutet. Wirkstoffreich regeneriert und st\u00e4rkt es sicht- und f\u00fchlbar besonders auch bei Cellulite. Mit intensiv wirkenden Antioxidantien, hochwertigen pflanzlichen Eiwei\u00dfen und wichtigen schwefelhaltigen Aminos\u00e4uren entfaltet es seine aufbauende Wirkung. Ihre Haut erh\u00e4lt neue Elastizit\u00e4t und Ihre K\u00f6rperkonturen wirken klarer. \u200b<\/p>\n<p>Alle Energiezentren \u00f6ffnen sich. Ein unglaubliches Wohlgef\u00fchl stellt sich bei Ihnen ein. Und der sichtbare Effekt: In seiner Zusammensetzung spricht es den \u201eganzen\u201c Menschen an und harmonisiert deshalb zus\u00e4tzlich K\u00f6rper, Geist und Seele. \u200b<\/p>\n<p>Das bedeutet Sofort-Energie. Sein feiner Duft umschmeichelt all Ihre Sinne. F\u00fcr wundersch\u00f6ne, feste und glatte Haut.<\/p>\n<p>&nbsp;<\/p>\n<h5>Anwendung<\/h5>\n<p>Wenden Sie das DETOXING BODY OIL pur als K\u00f6rper\u00f6l an oder mischen Sie es &#8211; f\u00fcr eine st\u00e4rkere Wirkung &#8211; mit der BODY LOTION. Und tragen Sie zus\u00e4tzlich pur einige Tropfen auf die Hauptlymphknoten &#8211; Hals, Achsel, Leiste, Kniekehle &#8211; auf. Und verwenden Sie es vor und\/oder nach der Sauna, um die Entgiftung zu unterst\u00fctzen.<\/p>\n<p>&nbsp;<\/p>\n<h5>Empfohlen f\u00fcr<\/h5>\n<ul>\n<li>Ablagerungen\u200b \u2192 reinigt das Gewebe\u200b<\/li>\n<\/ul>\n<ul>\n<li>Schwere, m\u00fcde Beine \u2192 belebt und st\u00e4rkt die Venen\u200b<\/li>\n<\/ul>\n<ul>\n<li>Aufgeschwemmtes, gestautes Gewebe \u2192 lindert Stauungen und Schwellungen\u200b<\/li>\n<\/ul>\n<ul>\n<li>Besenreiser und Cellulite \u2192 regeneriert und st\u00e4rkt betroffene Hautstellen\u200b<\/li>\n<\/ul>\n<ul>\n<li>H\u00e4matome \u2192 wirkt abschwellend \u200b<\/li>\n<\/ul>\n<ul>\n<li>Lymphstau \u2192 bringt in Massagen den Lymphfluss wieder in Schwung<\/li>\n<\/ul>\n<p>&nbsp;<\/p>\n[et_pb_section global_module=\"987493092\"][\/et_pb_section]\n","protected":false},"excerpt":{"rendered":"<p>Entgiftendes K\u00f6rper\u00f6l zur Aktivierung des Lymphflusses.<\/p>\n<p>&nbsp;<\/p>\n<ul>\n<li>entstauend, entgiftend, entschlackend\u200b<\/li>\n<\/ul>\n<ul>\n<li>hilfreich bei Cellulite\u200b<\/li>\n<\/ul>\n<ul>\n<li>reinigt das Gewebe &amp; aktiviert den Lymphfluss\u200b<\/li>\n<\/ul>\n<ul>\n<li>lindert Stauungen und Schwellungen\u200b<\/li>\n<\/ul>\n<ul>\n<li>aus echten Heil- und Verj\u00fcngungspflanzen, sacred plants<\/li>\n<\/ul>\n","protected":false},"featured_media":987476596,"comment_status":"open","ping_status":"closed","template":"","meta":{"_et_pb_use_builder":"","_et_pb_old_content":"","_et_gb_content_width":""},"product_brand":[473],"product_cat":[251,245,463,85,249,213,240,239],"product_tag":[296,293,294,60,298,297,295,65],"class_list":{"0":"post-987476604","1":"product","2":"type-product","3":"status-publish","4":"has-post-thumbnail","6":"product_brand-pharmos-natur","7":"product_cat-pharmos-alle-naturkosmetik","8":"product_cat-pharmos-hautprobleme","9":"product_cat-holistic-detox","10":"product_cat-koerper","11":"product_cat-pharmos-koerperpflege","12":"product_cat-koerperpflege","13":"product_cat-pharmos-naturkosmetik","14":"product_cat-pharmos-natur","15":"product_tag-cellulite","16":"product_tag-detox","17":"product_tag-entschlackung","18":"product_tag-koerperoel","19":"product_tag-lymphe","20":"product_tag-massage","21":"product_tag-stoffwechsel","22":"product_tag-wirkstoffe","23":"pa_inhalt-63ml","25":"first","26":"onbackorder","27":"taxable","28":"shipping-taxable","29":"purchasable","30":"product-type-simple"},"booking_location":null,"booking_location_type":null,"booking_duration":null,"booking_duration_unit":null,"booking_buffer":null,"booking_cost":null,"booking_resources":null,"exclude_global_add_ons":[],"addons":[],"_links":{"self":[{"href":"https:\/\/www.claresco-cosmetic.de\/kosmetik-shop\/wp-json\/wp\/v2\/product\/987476604","targetHints":{"allow":["GET"]}}],"collection":[{"href":"https:\/\/www.claresco-cosmetic.de\/kosmetik-shop\/wp-json\/wp\/v2\/product"}],"about":[{"href":"https:\/\/www.claresco-cosmetic.de\/kosmetik-shop\/wp-json\/wp\/v2\/types\/product"}],"replies":[{"embeddable":true,"href":"https:\/\/www.claresco-cosmetic.de\/kosmetik-shop\/wp-json\/wp\/v2\/comments?post=987476604"}],"wp:featuredmedia":[{"embeddable":true,"href":"https:\/\/www.claresco-cosmetic.de\/kosmetik-shop\/wp-json\/wp\/v2\/media\/987476596"}],"wp:attachment":[{"href":"https:\/\/www.claresco-cosmetic.de\/kosmetik-shop\/wp-json\/wp\/v2\/media?parent=987476604"}],"wp:term":[{"taxonomy":"product_brand","embeddable":true,"href":"https:\/\/www.claresco-cosmetic.de\/kosmetik-shop\/wp-json\/wp\/v2\/product_brand?post=987476604"},{"taxonomy":"product_cat","embeddable":true,"href":"https:\/\/www.claresco-cosmetic.de\/kosmetik-shop\/wp-json\/wp\/v2\/product_cat?post=987476604"},{"taxonomy":"product_tag","embeddable":true,"href":"https:\/\/www.claresco-cosmetic.de\/kosmetik-shop\/wp-json\/wp\/v2\/product_tag?post=987476604"}],"curies":[{"name":"wp","href":"https:\/\/api.w.org\/{rel}","templated":true}]}}