{"id":987476608,"date":"2022-07-18T14:16:44","date_gmt":"2022-07-18T12:16:44","guid":{"rendered":"https:\/\/www.claresco-cosmetic.de\/kosmetik-shop\/?post_type=product&#038;p=987476608"},"modified":"2026-03-14T15:55:03","modified_gmt":"2026-03-14T14:55:03","slug":"repair-balm","status":"publish","type":"product","link":"https:\/\/www.claresco-cosmetic.de\/kosmetik-shop\/produkt\/repair-balm\/","title":{"rendered":"Repair Balm"},"content":{"rendered":"<h5>Produktinformationen<\/h5>\n<p>Er ist ein wahrer Jungbrunnen der LOVE YOUR AGE REPAIR BALM aus echten Heil- und Verj\u00fcngungspflanzen, sacred plants. Hocheffektiv und feuchtigkeitsspendend regeneriert dieses Anti-Falten-Serum Ihre Haut.<\/p>\n<p>Mit der ganzen Kraft unserer besonderen Bio Aloe Vera, kostbarstem Argan-\u00d6l und Hyaluron. Durch die perfekte Zusammensetzung mit dem feuchtigkeitsbindenden Hyaluron werden tief in Ihrer Haut alle Feuchtigkeitsdepots aufgef\u00fcllt. Gleichzeitig wird die Feuchtigkeit au\u00dfen auf der Haut \u00fcber viele Stunden gehalten. Oberfl\u00e4chliche Linien und F\u00e4ltchen werden gegl\u00e4ttet und tiefere aufgepolstert. Die Produktion von k\u00f6rpereigenem Hyaluron, das mit zunehmendem Alter in der Haut abnimmt, wird angeregt. Elastizit\u00e4t und Geschmeidigkeit Ihrer Haut verbessern sich merklich.<\/p>\n<p>Das Anti Faltenserum wirkt entz\u00fcndungshemmend, antioxidativ und hautgl\u00e4ttend. \u200b Als hochwirksamer, verj\u00fcngender Radikalf\u00e4nger dient der enthaltene Repairkomplex. Er sch\u00fctzt, pflegt und regeneriert Ihre Haut und f\u00fchrt zur sichtbaren, nat\u00fcrlichen Straffung Ihrer Gesichtsz\u00fcge. Energie und Schwingung der Pflanzen harmonieren auf vortrefflichste Weise im LOVE YOUR AGE Repair Balm. Dieses Multitalent ist ein einzigartiges Bio-Lifting. \u200b<\/p>\n<p>&nbsp;<\/p>\n<h5>Anwendung<\/h5>\n<p>Tragen Sie den LOVE YOUR AGE Repair Balm morgens und abends gleichm\u00e4\u00dfig auf Ihre gereinigte Haut auf. Verwenden Sie das Anti Faltenserum bei normaler und Mischhaut oder im Sommer als alleinige Pflege. Bei trockener Haut mischen Sie den LOVE YOUR AGE Repair Balm mit einer Pflegecreme oder oder einem Oil Serum.<\/p>\n<p>&nbsp;<\/p>\n<h5>Empfohlen f\u00fcr<\/h5>\n<ul>\n<li>Reife, anspruchsvolle Haut \u2192 st\u00e4rkt die Hautelastizit\u00e4t\u200b<\/li>\n<li>Feuchtigkeitsarme Haut \u2192 f\u00fcllt die Feuchtigkeitsdepots tief in den Hautschichten auf\u200b<\/li>\n<li>F\u00e4ltchen &amp; Falten \u2192 gl\u00e4ttet Linien und F\u00e4ltchen nachhaltig\u200b<\/li>\n<li>Alle Hauttypen \u2192 100 % vertr\u00e4glich<\/li>\n<\/ul>\n<p>&nbsp;<\/p>\n<p>&nbsp;<\/p>\n[et_pb_section global_module=\"987493113\"][\/et_pb_section]\n","protected":false},"excerpt":{"rendered":"<p>Straffendes Pflegebalm f\u00fcr mehr Hautfeuchtigkeit, aus Bio Aloe Vera &amp; Hyaluron<\/p>\n<p>&nbsp;<\/p>\n<ul>\n<li style=\"margin-bottom: 12px;\">feuchtigkeitsspendendes Anti-Falten Serum mit vitamin-, enzym- und mineralstoffreichem Argan-\u00d6l &amp; pflanzlicher Hyalurons\u00e4ure\u200b<\/li>\n<li style=\"margin-bottom: 12px;\">polstert F\u00e4ltchen auf &amp; verbessert die Elastizit\u00e4t\u200b<\/li>\n<li style=\"margin-bottom: 12px;\">wirkt entz\u00fcndungshemmend\u200b<\/li>\n<li style=\"margin-bottom: 12px;\">einzigartiges Bio Lifting mit hochwirksamem Radikalf\u00e4nger\u200b<\/li>\n<li>aus echten Heil- und Verj\u00fcngungspflanzen, sacred plants<\/li>\n<\/ul>\n","protected":false},"featured_media":987476598,"comment_status":"open","ping_status":"closed","template":"","meta":{"_et_pb_use_builder":"","_et_pb_old_content":"","_et_gb_content_width":""},"product_brand":[473],"product_cat":[251,246,351,84,243,210,113,240,239,244],"product_tag":[190,309,197,308,191,55,68,120,65],"class_list":{"0":"post-987476608","1":"product","2":"type-product","3":"status-publish","4":"has-post-thumbnail","6":"product_brand-pharmos-natur","7":"product_cat-pharmos-alle-naturkosmetik","8":"product_cat-pharmos-anti-aging","9":"product_cat-beliebte-produkte","10":"product_cat-gesicht","11":"product_cat-pharmos-gesichtspflege","12":"product_cat-gesichtspflege","13":"product_cat-glow","14":"product_cat-pharmos-naturkosmetik","15":"product_cat-pharmos-natur","16":"product_cat-pharmos-serum","17":"product_tag-antiaging","18":"product_tag-biolifting","19":"product_tag-feuchtigkeit","20":"product_tag-hautstraffend","21":"product_tag-luxus","22":"product_tag-naehrstoffe","23":"product_tag-regeneration","24":"product_tag-serum","25":"product_tag-wirkstoffe","27":"first","28":"instock","29":"taxable","30":"shipping-taxable","31":"purchasable","32":"product-type-simple"},"booking_location":null,"booking_location_type":null,"booking_duration":null,"booking_duration_unit":null,"booking_buffer":null,"booking_cost":null,"booking_resources":null,"exclude_global_add_ons":[],"addons":[],"_links":{"self":[{"href":"https:\/\/www.claresco-cosmetic.de\/kosmetik-shop\/wp-json\/wp\/v2\/product\/987476608","targetHints":{"allow":["GET"]}}],"collection":[{"href":"https:\/\/www.claresco-cosmetic.de\/kosmetik-shop\/wp-json\/wp\/v2\/product"}],"about":[{"href":"https:\/\/www.claresco-cosmetic.de\/kosmetik-shop\/wp-json\/wp\/v2\/types\/product"}],"replies":[{"embeddable":true,"href":"https:\/\/www.claresco-cosmetic.de\/kosmetik-shop\/wp-json\/wp\/v2\/comments?post=987476608"}],"wp:featuredmedia":[{"embeddable":true,"href":"https:\/\/www.claresco-cosmetic.de\/kosmetik-shop\/wp-json\/wp\/v2\/media\/987476598"}],"wp:attachment":[{"href":"https:\/\/www.claresco-cosmetic.de\/kosmetik-shop\/wp-json\/wp\/v2\/media?parent=987476608"}],"wp:term":[{"taxonomy":"product_brand","embeddable":true,"href":"https:\/\/www.claresco-cosmetic.de\/kosmetik-shop\/wp-json\/wp\/v2\/product_brand?post=987476608"},{"taxonomy":"product_cat","embeddable":true,"href":"https:\/\/www.claresco-cosmetic.de\/kosmetik-shop\/wp-json\/wp\/v2\/product_cat?post=987476608"},{"taxonomy":"product_tag","embeddable":true,"href":"https:\/\/www.claresco-cosmetic.de\/kosmetik-shop\/wp-json\/wp\/v2\/product_tag?post=987476608"}],"curies":[{"name":"wp","href":"https:\/\/api.w.org\/{rel}","templated":true}]}}