{"id":987476609,"date":"2022-07-18T14:21:07","date_gmt":"2022-07-18T12:21:07","guid":{"rendered":"https:\/\/www.claresco-cosmetic.de\/kosmetik-shop\/?post_type=product&#038;p=987476609"},"modified":"2025-12-31T18:21:06","modified_gmt":"2025-12-31T17:21:06","slug":"power-cream","status":"publish","type":"product","link":"https:\/\/www.claresco-cosmetic.de\/kosmetik-shop\/produkt\/power-cream\/","title":{"rendered":"Power Cream"},"content":{"rendered":"<h5>Produktinformationen<\/h5>\n<p>Reinste Pflanzenpower aus sacred plants verbunden mit sieben Wirkprinzipien. Unsere charismatische LOVE YOUR AGE POWER CREAM besteht aus einer innovativen Wirkstoffkombination mit Lipiden und Antioxidantien. Diese Antifaltencreme strafft Ihre Haut und reaktiviert sp\u00fcrbar die Hauterneuerung.<\/p>\n<p>Kollagenpowerlieferanten wie Avellana, Cranberry, Moringa und afrikanische Schwarzbohne verbessern die Dichte Ihrer Haut, polstern sie auf und machen gl\u00fccklich! \u200b Lipide und Antioxidantien in ausgewogener Form und nat\u00fcrlicher Gardenienextrakt liefern neue Energie, sch\u00fctzen vor freien Radikalen und wirken beruhigend und entz\u00fcndungshemmend. Mit dieser Antifaltencreme kann einer \u00dcberpigmentierung vorgebeugt werden. \u200b<\/p>\n<p>Die besondere Bio Aloe Vera aus \u00f6kologischer Mischkultur bringt die Wirkkomponenten tief in Ihre Haut, versorgt sie gleichzeitig mit viel Feuchtigkeit und reaktiviert Ihre Hautregeneration. Prall gef\u00fcllt und ebenm\u00e4\u00dfig sch\u00f6n zeigt Ihre Haut, was wirklich in ihr steckt. \u200b<\/p>\n<p>Durch den Anbau der Heil- und Verj\u00fcngungspflanzen an energiereichen Kraftpl\u00e4tzen enth\u00e4lt diese Kollagen Creme hohe Lichtenergie und intensive Schwingung. \u200b<\/p>\n<p>Was uns am Herzen liegt: LOVE YOUR AGE anstatt \u201eAnti-Aging\u201c. Aktuelle neurowissenschaftliche Forschungsergebnisse zeigen, dass wir unsere Zellen mit positiven Gedanken und Empfindungen beeinflussen k\u00f6nnen. Und so einen sp\u00fcrbaren Impuls zur Verlangsamung des Alterungsprozess und f\u00fcr unser Wohlbefinden in Richtung Verj\u00fcngung und Regeneration setzen. \u200b<\/p>\n<p>&nbsp;<\/p>\n<h5>Anwendung<\/h5>\n<p>Tragen Sie die POWER CREAM morgens und abends gleichm\u00e4\u00dfig auf die gereinigte Haut auf. Kombinieren Sie die LOVE YOUR AGE POWER CREAM mit dem LOVE YOUR AGE REPAIR BALM f\u00fcr eine intensivere Wirkung und mehr Feuchtigkeit.<\/p>\n<p>&nbsp;<\/p>\n<h5>Empfohlen f\u00fcr<\/h5>\n<ul>\n<li>Anspruchsvolle, reife Haut \u2192 stimuliert die Hauterneuerung und Regeneration\u200b<\/li>\n<li>Trockene Haut \u2192 versorgt die Haut mit sch\u00fctzenden Lipiden und f\u00fcllt die Feuchtigkeitsdepots auf\u200b<\/li>\n<li>Vorzeitige Hautalterung \u2192 wirkt nachlassender Elastizit\u00e4t entgegen\u200b<\/li>\n<li>Falten \u2192 strafft und gl\u00e4ttet die Haut nachhaltig\u200b<\/li>\n<\/ul>\n<p>&nbsp;<\/p>\n<p>&nbsp;<\/p>\n[et_pb_section global_module=\"987493199\"][\/et_pb_section]\n","protected":false},"excerpt":{"rendered":"<p>Lipid-reiche, straffende Anti-Falten Creme mit Bio Aloe Vera und nat\u00fcrlichem Gardenienextrakt<\/p>\n<p>&nbsp;<\/p>\n<ul>\n<li style=\"margin-bottom: 12px;\">reinste Pflanzenpower verbunden mit sieben Wirkprinzipien\u200b<\/li>\n<li style=\"margin-bottom: 12px;\">mit Kollagenpowerlieferanten wie Avellana, Cranberry, Moringa &amp; afrikanischer Schwarzbohne\u200b<\/li>\n<li style=\"margin-bottom: 12px;\">mit sch\u00fctzenden Lipiden und Antioxidantien &amp; nat\u00fcrlichem Gardenienextrakt f\u00fcr neue Energie\u200b<\/li>\n<li>aus Heil- und Verj\u00fcngungspflanzen, sacred plants<\/li>\n<\/ul>\n","protected":false},"featured_media":987476602,"comment_status":"open","ping_status":"closed","template":"","meta":{"_et_pb_use_builder":"","_et_pb_old_content":"","_et_gb_content_width":""},"product_brand":[473],"product_cat":[251,246,84,243,210,113,240,239],"product_tag":[190,311,309,66,191,55,68,310,65],"class_list":{"0":"post-987476609","1":"product","2":"type-product","3":"status-publish","4":"has-post-thumbnail","6":"product_brand-pharmos-natur","7":"product_cat-pharmos-alle-naturkosmetik","8":"product_cat-pharmos-anti-aging","9":"product_cat-gesicht","10":"product_cat-pharmos-gesichtspflege","11":"product_cat-gesichtspflege","12":"product_cat-glow","13":"product_cat-pharmos-naturkosmetik","14":"product_cat-pharmos-natur","15":"product_tag-antiaging","16":"product_tag-antifaltencreme","17":"product_tag-biolifting","18":"product_tag-gesichtscreme","19":"product_tag-luxus","20":"product_tag-naehrstoffe","21":"product_tag-regeneration","22":"product_tag-straffung","23":"product_tag-wirkstoffe","24":"pa_inhalt-50ml","26":"first","27":"onbackorder","28":"taxable","29":"shipping-taxable","30":"purchasable","31":"product-type-simple"},"booking_location":null,"booking_location_type":null,"booking_duration":null,"booking_duration_unit":null,"booking_buffer":null,"booking_cost":null,"booking_resources":null,"exclude_global_add_ons":[],"addons":[],"_links":{"self":[{"href":"https:\/\/www.claresco-cosmetic.de\/kosmetik-shop\/wp-json\/wp\/v2\/product\/987476609","targetHints":{"allow":["GET"]}}],"collection":[{"href":"https:\/\/www.claresco-cosmetic.de\/kosmetik-shop\/wp-json\/wp\/v2\/product"}],"about":[{"href":"https:\/\/www.claresco-cosmetic.de\/kosmetik-shop\/wp-json\/wp\/v2\/types\/product"}],"replies":[{"embeddable":true,"href":"https:\/\/www.claresco-cosmetic.de\/kosmetik-shop\/wp-json\/wp\/v2\/comments?post=987476609"}],"wp:featuredmedia":[{"embeddable":true,"href":"https:\/\/www.claresco-cosmetic.de\/kosmetik-shop\/wp-json\/wp\/v2\/media\/987476602"}],"wp:attachment":[{"href":"https:\/\/www.claresco-cosmetic.de\/kosmetik-shop\/wp-json\/wp\/v2\/media?parent=987476609"}],"wp:term":[{"taxonomy":"product_brand","embeddable":true,"href":"https:\/\/www.claresco-cosmetic.de\/kosmetik-shop\/wp-json\/wp\/v2\/product_brand?post=987476609"},{"taxonomy":"product_cat","embeddable":true,"href":"https:\/\/www.claresco-cosmetic.de\/kosmetik-shop\/wp-json\/wp\/v2\/product_cat?post=987476609"},{"taxonomy":"product_tag","embeddable":true,"href":"https:\/\/www.claresco-cosmetic.de\/kosmetik-shop\/wp-json\/wp\/v2\/product_tag?post=987476609"}],"curies":[{"name":"wp","href":"https:\/\/api.w.org\/{rel}","templated":true}]}}