{"id":987476610,"date":"2022-07-18T14:21:29","date_gmt":"2022-07-18T12:21:29","guid":{"rendered":"https:\/\/www.claresco-cosmetic.de\/kosmetik-shop\/?post_type=product&#038;p=987476610"},"modified":"2026-03-13T14:13:59","modified_gmt":"2026-03-13T13:13:59","slug":"eye-contour-cream","status":"publish","type":"product","link":"https:\/\/www.claresco-cosmetic.de\/kosmetik-shop\/produkt\/eye-contour-cream\/","title":{"rendered":"Eye Contour Cream"},"content":{"rendered":"<h5>Produktinformation<\/h5>\n<p>Die perfekte Augenpflege f\u00fcr eine nat\u00fcrliche Zellerneuerung mit langanhaltenden Resultaten.<\/p>\n<p>Was f\u00fcr eine multiaktive, reichhaltige Augencreme die LOVE YOUR AGE EYE CONTOUR CREAM doch ist. Ihre zarte Augenpartie wird auf f\u00fcrsorglich sanfte Weise gegl\u00e4ttet und gefestigt. 100% reiner Aloe Vera Bio Ursaft anstelle von Wasser, Vitamine und Hyaluron pflegen das empfindsame Hautgewebe Ihrer Augenpartie mit komplexen Mineralstoffen und Spurenelementen. N\u00e4hrende Lipide aus Avocado, Zwerg-Pfirsich, Jojoba und Shea verbessern die Elastizit\u00e4t Ihrer Haut und schenken ihr neue Spannkraft. \u200b<\/p>\n<p>Die aufbauende, wirkstoffreiche Hyaluron Augencreme stimuliert die Zellerneuerung der empfindlichen Haut rund um die Augenpartie. So wirkt sie vorzeitiger Hautalterung entgegen. Mit einem hohen Regenerationspotential verleiht diese reichhaltige Augencreme Ihrer zarten Augenpartie neue Vitalit\u00e4t &amp; Jugendlichkeit. Einfach nat\u00fcrlich gut aussehen.<\/p>\n<p>&nbsp;<\/p>\n<h5>Was bedeutet Natur?<\/h5>\n<p>Natur ist Ausdruck der Sch\u00f6pfungskraft. Wir alle sind Teil der Natur, also unmittelbar mit der Sch\u00f6pfungskraft verbunden. Pflanzen tragen auf besondere Weise dazu bei, die Energie des Menschen mit seinem K\u00f6rper, seiner Seele und seinem geistigen Ursprung zu verbinden. Dadurch rufen Heil- und Verj\u00fcngungspflanzen, sacred plants, so ein wundervolles Wohlgef\u00fchl hervor.<\/p>\n<p>&nbsp;<\/p>\n<h5>Anwendung<\/h5>\n<p>Streichen Sie die EYE CONTTOUR CREAM morgens und abends sanft unter den Augen und \u00fcber dem Augenlid ein.<\/p>\n<p>&nbsp;<\/p>\n<h5>Empfohlen f\u00fcr<\/h5>\n<ul>\n<li>Reife Haut \u2192 regt die nat\u00fcrliche Zellerneuerung an\u200b<\/li>\n<li>Trockene Haut \u2192 versorgt die Haut mit Aloe Vera und nat\u00fcrlicher Hyalurons\u00e4ure\u200b<\/li>\n<li>Falten und Linien \u2192 gl\u00e4ttet die Haut rund um die Augenpartie \u200b<\/li>\n<li>Plisseef\u00e4ltchen \u2192 wirkt auch feinen F\u00e4ltchen an der Oberlippe entgegen\u200b<\/li>\n<li>Augenringe \u2192 verleiht der Augenpartie Vitalit\u00e4t und Spannkraft<\/li>\n<\/ul>\n<p>&nbsp;<\/p>\n[et_pb_section global_module=\"987493041\"][\/et_pb_section]\n<p>&nbsp;<\/p>\n","protected":false},"excerpt":{"rendered":"<p>Straffende Augencreme mit Bio Aloe Vera, Hyaluron &amp; Vitamin-Komplex<\/p>\n<p>&nbsp;<\/p>\n<ul>\n<li>stimuliert die Zellerneuerung<\/li>\n<li>gl\u00e4ttet sichtbar F\u00e4ltchen und Linien \u200b<\/li>\n<li>intensive Antioxidantien wirken der Hautalterung entgegen \u200b<\/li>\n<li>verbessert die Elastizit\u00e4t und Spannkraft \u200b<\/li>\n<li>aus echten Heil- und Verj\u00fcngungspflanzen, sacred plants<\/li>\n<\/ul>\n","protected":false},"featured_media":987476601,"comment_status":"open","ping_status":"closed","template":"","meta":{"_et_pb_use_builder":"","_et_pb_old_content":"","_et_gb_content_width":""},"product_brand":[473],"product_cat":[251,246,211,84,243,240,239],"product_tag":[190,123,312,197,191,55,68,65],"class_list":{"0":"post-987476610","1":"product","2":"type-product","3":"status-publish","4":"has-post-thumbnail","6":"product_brand-pharmos-natur","7":"product_cat-pharmos-alle-naturkosmetik","8":"product_cat-pharmos-anti-aging","9":"product_cat-augen-und-co","10":"product_cat-gesicht","11":"product_cat-pharmos-gesichtspflege","12":"product_cat-pharmos-naturkosmetik","13":"product_cat-pharmos-natur","14":"product_tag-antiaging","15":"product_tag-augen","16":"product_tag-augenpflege","17":"product_tag-feuchtigkeit","18":"product_tag-luxus","19":"product_tag-naehrstoffe","20":"product_tag-regeneration","21":"product_tag-wirkstoffe","22":"pa_inhalt-15ml","24":"first","25":"onbackorder","26":"taxable","27":"shipping-taxable","28":"purchasable","29":"product-type-simple"},"booking_location":null,"booking_location_type":null,"booking_duration":null,"booking_duration_unit":null,"booking_buffer":null,"booking_cost":null,"booking_resources":null,"exclude_global_add_ons":[],"addons":[],"_links":{"self":[{"href":"https:\/\/www.claresco-cosmetic.de\/kosmetik-shop\/wp-json\/wp\/v2\/product\/987476610","targetHints":{"allow":["GET"]}}],"collection":[{"href":"https:\/\/www.claresco-cosmetic.de\/kosmetik-shop\/wp-json\/wp\/v2\/product"}],"about":[{"href":"https:\/\/www.claresco-cosmetic.de\/kosmetik-shop\/wp-json\/wp\/v2\/types\/product"}],"replies":[{"embeddable":true,"href":"https:\/\/www.claresco-cosmetic.de\/kosmetik-shop\/wp-json\/wp\/v2\/comments?post=987476610"}],"wp:featuredmedia":[{"embeddable":true,"href":"https:\/\/www.claresco-cosmetic.de\/kosmetik-shop\/wp-json\/wp\/v2\/media\/987476601"}],"wp:attachment":[{"href":"https:\/\/www.claresco-cosmetic.de\/kosmetik-shop\/wp-json\/wp\/v2\/media?parent=987476610"}],"wp:term":[{"taxonomy":"product_brand","embeddable":true,"href":"https:\/\/www.claresco-cosmetic.de\/kosmetik-shop\/wp-json\/wp\/v2\/product_brand?post=987476610"},{"taxonomy":"product_cat","embeddable":true,"href":"https:\/\/www.claresco-cosmetic.de\/kosmetik-shop\/wp-json\/wp\/v2\/product_cat?post=987476610"},{"taxonomy":"product_tag","embeddable":true,"href":"https:\/\/www.claresco-cosmetic.de\/kosmetik-shop\/wp-json\/wp\/v2\/product_tag?post=987476610"}],"curies":[{"name":"wp","href":"https:\/\/api.w.org\/{rel}","templated":true}]}}