{"id":987476621,"date":"2022-07-18T16:01:26","date_gmt":"2022-07-18T14:01:26","guid":{"rendered":"https:\/\/www.claresco-cosmetic.de\/kosmetik-shop\/?post_type=product&#038;p=987476621"},"modified":"2025-12-31T20:38:08","modified_gmt":"2025-12-31T19:38:08","slug":"decollete-body-cream","status":"publish","type":"product","link":"https:\/\/www.claresco-cosmetic.de\/kosmetik-shop\/produkt\/decollete-body-cream\/","title":{"rendered":"D\u00e9collet\u00e9 &#038; Body Cream"},"content":{"rendered":"<h5>Produktinformationen<\/h5>\n<p>Streicheleinheiten auf der Haut f\u00fchlen und in der Seele sp\u00fcren.\u00a0 Jede in der straffenden K\u00f6rpercreme, auch eine Anti Cellulite Creme, enthaltene Pflanze tr\u00e4gt ein ganzes Universum in sich: Magnolie wird in der Traditionellen Chinesischen Medizin seit Jahrtausenden f\u00fcr ihre antibakterielle Wirkung bei Hautunreinheiten und Entz\u00fcndungen gesch\u00e4tzt. Antioxidantien verlangsamen den Alterungsprozess Ihrer Haut.<\/p>\n<p>Tangerine wirkt harmonisierend und unterst\u00fctzt die Blutzirkulation. Alles kommt in Fluss.<\/p>\n<p>Gardenienextrakt aktiviert einen gesunden Stoffwechsel und macht die Anti Aging Body Cream zu einem unerl\u00e4sslichen Energielieferanten f\u00fcr Ihre Haut.<\/p>\n<p>Freie Radikale werden neutralisiert. Ihr Nervensystem entspannt sich. Energiestauungen im Bindegewebe werden gel\u00f6st, neue Energie kann flie\u00dfen: Ihre Lebenskraft wird geweckt. \u200b Gesunde Haut bleibt sch\u00f6n, irritierte Haut beruhigt sich. Eine intensive Pflege mit unglaublicher Tiefenwirkung f\u00fcr eine seidig glatte Haut am ganzen K\u00f6rper.<\/p>\n<p>Das Vanillefrucht-\u00d6l verleiht Ihrer Haut einen zarten, sinnlichen Duft, der ein tiefes Wohlgef\u00fchl hinterl\u00e4sst. Erleben Sie diese angenehme Frische und pulsierende Lebendigkeit in Ihrem ganzen Leben. Einfach sein. \u200b<\/p>\n<p>&nbsp;<\/p>\n<h5>Warum<\/h5>\n<p>sind diese Heil- und Verj\u00fcngungspflanzen, sacred plants, so wunderbar \u00fcber die Produkte auf Haut, Sinne und Seele wirken? Sie werden unter Ber\u00fccksichtigung der kosmischen Prinzipien und Rhythmen der Natur angebaut, geerntet und verarbeitet. Wenn wir die Pflanzen respektieren und in klarer Absicht anwenden, wirken sie auf K\u00f6rper, Geist und Seele des Menschen und tragen zur Bewusstheit bei.<\/p>\n<p>&nbsp;<\/p>\n<h5>Anwendung<\/h5>\n<p>Massieren Sie die LOVE YOUR AGE D\u00c9COLLET\u00c9 &amp; BODY CREAM nach dem Baden oder nach dem Duschen in die noch leicht feuchte und warme Haut ein.<\/p>\n<p>&nbsp;<\/p>\n<h5>Empfohlen f\u00fcr<\/h5>\n<ul>\n<li>Anspruchsvolle und reife Haut \u2192 strafft und gl\u00e4ttet Knitterf\u00e4ltchen am D\u00e9collet\u00e9\u200b<\/li>\n<li>Trockene Haut \u2192 pflegt schuppige Stellen mit ausreichend Feuchtigkeit und wertvollen Lipiden\u200b<\/li>\n<li>Schwaches Bindegewebe \u2192 regt die Zellerneuerung an und festigt kollagene Fasern\u200b<\/li>\n<li>Dehnungsstreifen \u2192 wirkt vorbeugend bei einer regelm\u00e4\u00dfigen Anwendung\u200b<\/li>\n<\/ul>\n<p>&nbsp;<\/p>\n<p>&nbsp;<\/p>\n[et_pb_section global_module=\"987493092\"][\/et_pb_section]\n","protected":false},"excerpt":{"rendered":"<p>N\u00e4hrende K\u00f6rpercreme zur Straffung und Regeneration, zart duftend<\/p>\n<p>&nbsp;<\/p>\n<ul>\n<li style=\"margin-bottom: 12px;\">Anti Cellulite Cream\u200b<\/li>\n<li style=\"margin-bottom: 12px;\">n\u00e4hrt und pflegt intensiv\u200b<\/li>\n<li style=\"margin-bottom: 12px;\">strafft und st\u00e4rkt das Gewebe\u200b<\/li>\n<li style=\"margin-bottom: 12px;\">intensive Regeneration<\/li>\n<li>aus echten Heil- und Verj\u00fcngungspflanzen, sacred plants<\/li>\n<\/ul>\n","protected":false},"featured_media":987476600,"comment_status":"open","ping_status":"closed","template":"","meta":{"_et_pb_use_builder":"","_et_pb_old_content":"","_et_gb_content_width":""},"product_brand":[473],"product_cat":[341,251,246,85,213,249,240,239,459],"product_tag":[190,296,68,310],"class_list":{"0":"post-987476621","1":"product","2":"type-product","3":"status-publish","4":"has-post-thumbnail","6":"product_brand-pharmos-natur","7":"product_cat-alle-angebote","8":"product_cat-pharmos-alle-naturkosmetik","9":"product_cat-pharmos-anti-aging","10":"product_cat-koerper","11":"product_cat-koerperpflege","12":"product_cat-pharmos-koerperpflege","13":"product_cat-pharmos-naturkosmetik","14":"product_cat-pharmos-natur","15":"product_cat-rabatt-aktionen","16":"product_tag-antiaging","17":"product_tag-cellulite","18":"product_tag-regeneration","19":"product_tag-straffung","21":"first","22":"instock","23":"sale","24":"taxable","25":"shipping-taxable","26":"purchasable","27":"product-type-simple"},"booking_location":null,"booking_location_type":null,"booking_duration":null,"booking_duration_unit":null,"booking_buffer":null,"booking_cost":null,"booking_resources":null,"exclude_global_add_ons":[],"addons":[],"_links":{"self":[{"href":"https:\/\/www.claresco-cosmetic.de\/kosmetik-shop\/wp-json\/wp\/v2\/product\/987476621","targetHints":{"allow":["GET"]}}],"collection":[{"href":"https:\/\/www.claresco-cosmetic.de\/kosmetik-shop\/wp-json\/wp\/v2\/product"}],"about":[{"href":"https:\/\/www.claresco-cosmetic.de\/kosmetik-shop\/wp-json\/wp\/v2\/types\/product"}],"replies":[{"embeddable":true,"href":"https:\/\/www.claresco-cosmetic.de\/kosmetik-shop\/wp-json\/wp\/v2\/comments?post=987476621"}],"wp:featuredmedia":[{"embeddable":true,"href":"https:\/\/www.claresco-cosmetic.de\/kosmetik-shop\/wp-json\/wp\/v2\/media\/987476600"}],"wp:attachment":[{"href":"https:\/\/www.claresco-cosmetic.de\/kosmetik-shop\/wp-json\/wp\/v2\/media?parent=987476621"}],"wp:term":[{"taxonomy":"product_brand","embeddable":true,"href":"https:\/\/www.claresco-cosmetic.de\/kosmetik-shop\/wp-json\/wp\/v2\/product_brand?post=987476621"},{"taxonomy":"product_cat","embeddable":true,"href":"https:\/\/www.claresco-cosmetic.de\/kosmetik-shop\/wp-json\/wp\/v2\/product_cat?post=987476621"},{"taxonomy":"product_tag","embeddable":true,"href":"https:\/\/www.claresco-cosmetic.de\/kosmetik-shop\/wp-json\/wp\/v2\/product_tag?post=987476621"}],"curies":[{"name":"wp","href":"https:\/\/api.w.org\/{rel}","templated":true}]}}