{"id":987476624,"date":"2022-07-18T16:13:03","date_gmt":"2022-07-18T14:13:03","guid":{"rendered":"https:\/\/www.claresco-cosmetic.de\/kosmetik-shop\/?post_type=product&#038;p=987476624"},"modified":"2026-02-16T15:57:03","modified_gmt":"2026-02-16T14:57:03","slug":"rohini-regenerating-serum","status":"publish","type":"product","link":"https:\/\/www.claresco-cosmetic.de\/kosmetik-shop\/produkt\/rohini-regenerating-serum\/","title":{"rendered":"Rohini Regenerating Serum"},"content":{"rendered":"<h5>Produktinformationen<\/h5>\n<p>Sich wieder sp\u00fcren, gl\u00fccklich und voller Lebensfreude sein? Kennen Sie dieses tiefe Gef\u00fchl? Mit dem intelligenten, adaptogenen Pflanzenwirkstoffkomplex des rohini Feuchtigkeitsserum erhalten all Ihre Zellen wichtige Impulse: zur sp\u00fcrbaren Neubildung, zur sichtbaren Verj\u00fcngung und zur echten Regeneration. Denn das Serum wirkt genau da, wo es gebraucht wird. \u200b<\/p>\n<p>Sie erleben ganz unmittelbar, wie einzigartig sich die Heil- und Verj\u00fcngungspflanzen, sacred plants, im feuchtigkeitsspendenden rohini Serum anf\u00fchlen. Auf der wunderbaren Basis des 100% reinen Aloe Vera Bio Ursaftes anstelle von Wasser. \u200b<\/p>\n<p><strong><span style=\"color: #5c585c;\">Phyllanthus emblica<\/span> <\/strong>sch\u00fctzt vor freien Radikalen und st\u00e4rkt die Kollagensynthese.<\/p>\n<p><strong><span style=\"color: #5c585c;\">Reishi, das pflanzliche Botox<\/span><\/strong>, unterst\u00fctzt das Energiesystem Ihrer Haut. Jiaogulan gilt in der alten chinesischen Medizin als \u201edas Kraut, das den Alterungsprozess verlangsamt und Jugendlichkeit lange bewahrt.\u201c \u200b<\/p>\n<p><span style=\"color: #5c585c;\"><strong>Mit Centella Asiatica, schwarzem Hafer, Arganstammzellen, Edelwei\u00df, Kigelia und G\u00e4nsebl\u00fcmchen<\/strong><\/span> kr\u00e4ftigt das straffende Feuchtigkeitsserum Ihre feinen Kapillaren, wirkt entz\u00fcndungshemmend, mindert Hyperpigmentation und beugt unsch\u00f6nen Flecken erkennbar vor.<\/p>\n<p>Ihre Haut nimmt deutlich mehr Sauerstoff auf. F\u00e4ltchen werden sichtbar reduziert. Ihre Vitalenergie erh\u00f6ht sich. Alle Zellen werden sp\u00fcrbar mit Feuchtigkeit durchflutet. Die Feuchtigkeitsdepots Ihrer Haut sind prall gef\u00fcllt. Reserven werden mobilisiert, sodass Ihre Haut neue Spannkraft erh\u00e4lt und das St\u00fctzgewebe deutlich gest\u00e4rkt wird. \u200b Jetzt f\u00fchlt sich Ihre Haut richtig lebendig an.<\/p>\n<p>Mit dem <strong><span style=\"color: #5c585c;\">zarten Duft echter Bourbonia Rose und feiner Orchidee<\/span><\/strong> finden Haut und Seele die Harmonie, die Ihnen guttut. \u200b Sehr selten enthalten Pflanzen so viel Lichtenergie und eine so hohe Schwingung. All das entwickelt sich durch unseren achtsamen Anbau und im Zuge unserer behutsamen Ernte- und Herstellungsprozesse.<\/p>\n<p>&nbsp;<\/p>\n<h5>Anwendung<\/h5>\n<p>Tragen Sie das rohini REGENERATING SERUM morgens und abends auf Ihre Haut auf und verteilen Sie es mit den Fingerspitzen auf Gesicht, Hals und Dekollet\u00e9. Streichen Sie es sanft von der Mitte nach au\u00dfen. \u200bVerwenden Sie anschlie\u00dfend das rohini REGENERATING FLUID oder die rohini REGENERATING CREAM. Ganz unmittelbar erleben Sie ein straffes, feinporiges Hautbild mit seidiger Gl\u00e4tte.<\/p>\n<p>&nbsp;<\/p>\n<h5>Empfohlen f\u00fcr<\/h5>\n<ul>\n<li>Regenerationsbed\u00fcrftige Haut \u2192 <em>gibt wichtige Impulse f\u00fcr alle Zellen zur Neubildung und Verj\u00fcngung\u200b<\/em><\/li>\n<li>Pigmentflecken \u2192<em> reduziert Hyperpigmentation und beugt unsch\u00f6nen Flecken erkennbar vor\u200b<\/em><\/li>\n<li>Couperose \u2192 <em>R\u00f6tungen werden gemindert<\/em><\/li>\n<li>Falten und F\u00e4ltchen \u2192 <em>die Haut erh\u00e4lt neue Vital- und Spannkraft\u200b<\/em><\/li>\n<li>Alle Hauttypen \u2192 <em>100 % vertr\u00e4glich<\/em><\/li>\n<\/ul>\n<p>&nbsp;<\/p>\n<p>&nbsp;<\/p>\n[et_pb_section global_module=\"987493113\"][\/et_pb_section]\n","protected":false},"excerpt":{"rendered":"<p>Adaptogenes Serum zur Zellneubildung &amp; Regeneration<\/p>\n<p>&nbsp;<\/p>\n<ul>\n<li style=\"margin-bottom: 12px;\">gibt Impulse zur Zellneubildung &amp; Regeneration\u200b<\/li>\n<li style=\"margin-bottom: 12px;\">mindert Hyperpigmentation &amp; beugt ihr vor\u200b<\/li>\n<li style=\"margin-bottom: 12px;\">aktiver Schutz vor freien Radikalen\u200b<\/li>\n<li style=\"margin-bottom: 12px;\">bessere Sauerstoffversorgung der Haut\u200b<\/li>\n<li style=\"margin-bottom: 12px;\">aus intelligenten, adaptogenen Heil- und Verj\u00fcngungspflanzen\u200b<\/li>\n<li>sacred plants: Sie wirken individuell genau da, wo sie gebraucht werden<\/li>\n<\/ul>\n","protected":false},"featured_media":987476617,"comment_status":"open","ping_status":"closed","template":"","meta":{"_et_pb_use_builder":"","_et_pb_old_content":"","_et_gb_content_width":""},"product_brand":[473],"product_cat":[251,246,84,243,210,113,240,239,244],"product_tag":[315,190,311,280,191,55,314,68,120,65],"class_list":{"0":"post-987476624","1":"product","2":"type-product","3":"status-publish","4":"has-post-thumbnail","6":"product_brand-pharmos-natur","7":"product_cat-pharmos-alle-naturkosmetik","8":"product_cat-pharmos-anti-aging","9":"product_cat-gesicht","10":"product_cat-pharmos-gesichtspflege","11":"product_cat-gesichtspflege","12":"product_cat-glow","13":"product_cat-pharmos-naturkosmetik","14":"product_cat-pharmos-natur","15":"product_cat-pharmos-serum","16":"product_tag-altersflecken","17":"product_tag-antiaging","18":"product_tag-antifaltencreme","19":"product_tag-couperose","20":"product_tag-luxus","21":"product_tag-naehrstoffe","22":"product_tag-pigmentstoerungen","23":"product_tag-regeneration","24":"product_tag-serum","25":"product_tag-wirkstoffe","26":"pa_inhalt-30ml","28":"first","29":"onbackorder","30":"taxable","31":"shipping-taxable","32":"purchasable","33":"product-type-simple"},"booking_location":null,"booking_location_type":null,"booking_duration":null,"booking_duration_unit":null,"booking_buffer":null,"booking_cost":null,"booking_resources":null,"exclude_global_add_ons":[],"addons":[],"_links":{"self":[{"href":"https:\/\/www.claresco-cosmetic.de\/kosmetik-shop\/wp-json\/wp\/v2\/product\/987476624","targetHints":{"allow":["GET"]}}],"collection":[{"href":"https:\/\/www.claresco-cosmetic.de\/kosmetik-shop\/wp-json\/wp\/v2\/product"}],"about":[{"href":"https:\/\/www.claresco-cosmetic.de\/kosmetik-shop\/wp-json\/wp\/v2\/types\/product"}],"replies":[{"embeddable":true,"href":"https:\/\/www.claresco-cosmetic.de\/kosmetik-shop\/wp-json\/wp\/v2\/comments?post=987476624"}],"wp:featuredmedia":[{"embeddable":true,"href":"https:\/\/www.claresco-cosmetic.de\/kosmetik-shop\/wp-json\/wp\/v2\/media\/987476617"}],"wp:attachment":[{"href":"https:\/\/www.claresco-cosmetic.de\/kosmetik-shop\/wp-json\/wp\/v2\/media?parent=987476624"}],"wp:term":[{"taxonomy":"product_brand","embeddable":true,"href":"https:\/\/www.claresco-cosmetic.de\/kosmetik-shop\/wp-json\/wp\/v2\/product_brand?post=987476624"},{"taxonomy":"product_cat","embeddable":true,"href":"https:\/\/www.claresco-cosmetic.de\/kosmetik-shop\/wp-json\/wp\/v2\/product_cat?post=987476624"},{"taxonomy":"product_tag","embeddable":true,"href":"https:\/\/www.claresco-cosmetic.de\/kosmetik-shop\/wp-json\/wp\/v2\/product_tag?post=987476624"}],"curies":[{"name":"wp","href":"https:\/\/api.w.org\/{rel}","templated":true}]}}