{"id":987476625,"date":"2022-07-18T16:36:19","date_gmt":"2022-07-18T14:36:19","guid":{"rendered":"https:\/\/www.claresco-cosmetic.de\/kosmetik-shop\/?post_type=product&#038;p=987476625"},"modified":"2025-12-31T18:21:07","modified_gmt":"2025-12-31T17:21:07","slug":"rohini-regenerating-fluid","status":"publish","type":"product","link":"https:\/\/www.claresco-cosmetic.de\/kosmetik-shop\/produkt\/rohini-regenerating-fluid\/","title":{"rendered":"Rohini Regenerating Fluid"},"content":{"rendered":"<h5>Produktinformationen<\/h5>\n<p>Wissen Sie eigentlich noch, wie es ist, sich in seiner Haut richtig wohl, jung und voller Lebensenergie zu f\u00fchlen? Als n\u00e4hrstoffreiches Regenerationsfluid mit dem unglaublichen Glycon\u00e4hrstoffkomplex aus unserer einzigartigen, lichtenergiereichen Aloe Vera gilt das rohini Fluid als echtes Anti-Aging.<\/p>\n<p>Aloe Vera besitzt die F\u00e4higkeit, die Inhaltsstoffe der weiteren Heil- und Verj\u00fcngungspflanzen \u201eHuckepack\u201c zu nehmen und sie tief in die Haut zu transportieren. Und zwar genau dorthin, wo sie ihre Wirkung voll entfalten k\u00f6nnen. \u200b<\/p>\n<p>Mit Centella asiatica, Jiaogulan und Phyllanthus emblica werden Ihre Hautelastizit\u00e4t und Ihre Hautgl\u00e4tte sp\u00fcrbar verbessert. Dieses wunderbar effektive Feuchtigkeitsfluid aus adaptogenen Heil- und Verj\u00fcngungspflanzen, sacred plants, zeigt sichtbar auf der reifen Haut, was in ihr steckt: All Ihren Zellen gelingt es, reichhaltig Feuchtigkeit zu binden, die Kollagenbildung wird gef\u00f6rdert. \u200b<\/p>\n<p>Effektive Antioxidantien sorgen mit einem au\u00dfergew\u00f6hnlichen Kaskadeneffekt f\u00fcr umfassenden Zellschutz. Sie fangen freie Radikale ein und sch\u00fctzen Ihre Haut vor den Auswirkungen von Stress und Umweltbelastungen. Die extrazellul\u00e4re Matrix wird entgiftet und kann sich regenerieren, so dass die Dermisdicke zunimmt. Linien sowie F\u00e4ltchen werden deutlich reduziert. Ein hervorragendes Anti-Aging, das alle Vitalfunktionen Ihrer Haut aktiviert und ihr sofort neue Energie zuf\u00fchrt. \u200b<\/p>\n<p>Mit dem wundervollen Ergebnis: Sie haben eine ebenm\u00e4\u00dfige, geschmeidige und effektiv gesch\u00fctzte Haut. Feiner Orchideen-Duft umschmeichelt Sie und verzaubert Ihre Sinne. \u200b Alle Pharmos Natur adaptogenen Heil- und Verj\u00fcngungspflanzen, sacred plants, stammen aus \u00f6kologischer Mischkultur. Es sind rundum gl\u00fcckliche Pflanzen, die dort wachsen d\u00fcrfen, wo es ihnen am besten geht. Und wo sie geliebt werden.\u200b<\/p>\n<p>&nbsp;<\/p>\n<h5>Anwendung<\/h5>\n<p>Tragen Sie morgens und abends nach der Reinigung das rohini REGENERATING FLUID auf Ihre sorgf\u00e4ltig gereinigte Haut auf. Verteilen Sie dann das Fluid achtsam mit Ihren Fingerspitzen auf Gesicht, Hals und Dekollet\u00e9. Streichen Sie es von der Mitte nach au\u00dfen. \u200bWenn Sie das rohini REGENERATING SERUM als Grundlage nehmen, optimieren Sie das Pflegeergebnis.<\/p>\n<p>&nbsp;<\/p>\n<h5>Empfohlen f\u00fcr<\/h5>\n<ul>\n<li>Trockene Haut \u2192 <em>st\u00e4rkt das Feuchtigkeitsbindeverm\u00f6gen<\/em><\/li>\n<li>Reife Haut \u2192 <em>verbessert Spannkraft und Elastizit\u00e4t<\/em><\/li>\n<li>Regenerationsbed\u00fcrftige Haut \u2192 <em>sorgt f\u00fcr Neubildung und Verj\u00fcngung der Zellen\u200b<\/em><\/li>\n<li>Falten und F\u00e4ltchen \u2192<em> die Haut erh\u00e4lt neue Vital- und Spannkraft\u200b<\/em><\/li>\n<li>Alle Hauttypen \u2192 <em>100 % vertr\u00e4glich<\/em><\/li>\n<\/ul>\n<p>&nbsp;<\/p>\n[et_pb_section global_module=\"987493113\"][\/et_pb_section]\n","protected":false},"excerpt":{"rendered":"<p>Adaptogenes Fluid zur Kollagen- und Elastinproduktion<\/p>\n<p>&nbsp;<\/p>\n<ul>\n<li style=\"margin-bottom: 12px;\">f\u00f6rdert Kollagenbildung &amp; wehrt freie Radikale ab\u200b<\/li>\n<li style=\"margin-bottom: 12px;\">hervorragendes Anti-Aging, das vor Umwelteinfl\u00fcssen sch\u00fctzt\u200b<\/li>\n<li style=\"margin-bottom: 12px;\">f\u00fchrt reichhaltige &amp; anhaltende Feuchtigkeit zu\u200b<\/li>\n<li style=\"margin-bottom: 12px;\">verbessert Spannkraft und Elastizit\u00e4t\u200b<\/li>\n<li style=\"margin-bottom: 12px;\">aus intelligenten, adaptogenen Heil- und Verj\u00fcngungspflanzen\u200b<\/li>\n<li>sacred plants: Sie wirken individuell genau da, wo sie gebraucht\u200b<\/li>\n<\/ul>\n","protected":false},"featured_media":987476616,"comment_status":"open","ping_status":"closed","template":"","meta":{"_et_pb_use_builder":"","_et_pb_old_content":"","_et_gb_content_width":""},"product_brand":[473],"product_cat":[251,246,84,210,243,113,240,239,244],"product_tag":[190,311,197,191,55,68,120,65],"class_list":{"0":"post-987476625","1":"product","2":"type-product","3":"status-publish","4":"has-post-thumbnail","6":"product_brand-pharmos-natur","7":"product_cat-pharmos-alle-naturkosmetik","8":"product_cat-pharmos-anti-aging","9":"product_cat-gesicht","10":"product_cat-gesichtspflege","11":"product_cat-pharmos-gesichtspflege","12":"product_cat-glow","13":"product_cat-pharmos-naturkosmetik","14":"product_cat-pharmos-natur","15":"product_cat-pharmos-serum","16":"product_tag-antiaging","17":"product_tag-antifaltencreme","18":"product_tag-feuchtigkeit","19":"product_tag-luxus","20":"product_tag-naehrstoffe","21":"product_tag-regeneration","22":"product_tag-serum","23":"product_tag-wirkstoffe","24":"pa_inhalt-30ml","26":"first","27":"onbackorder","28":"taxable","29":"shipping-taxable","30":"purchasable","31":"product-type-simple"},"booking_location":null,"booking_location_type":null,"booking_duration":null,"booking_duration_unit":null,"booking_buffer":null,"booking_cost":null,"booking_resources":null,"exclude_global_add_ons":[],"addons":[],"_links":{"self":[{"href":"https:\/\/www.claresco-cosmetic.de\/kosmetik-shop\/wp-json\/wp\/v2\/product\/987476625","targetHints":{"allow":["GET"]}}],"collection":[{"href":"https:\/\/www.claresco-cosmetic.de\/kosmetik-shop\/wp-json\/wp\/v2\/product"}],"about":[{"href":"https:\/\/www.claresco-cosmetic.de\/kosmetik-shop\/wp-json\/wp\/v2\/types\/product"}],"replies":[{"embeddable":true,"href":"https:\/\/www.claresco-cosmetic.de\/kosmetik-shop\/wp-json\/wp\/v2\/comments?post=987476625"}],"wp:featuredmedia":[{"embeddable":true,"href":"https:\/\/www.claresco-cosmetic.de\/kosmetik-shop\/wp-json\/wp\/v2\/media\/987476616"}],"wp:attachment":[{"href":"https:\/\/www.claresco-cosmetic.de\/kosmetik-shop\/wp-json\/wp\/v2\/media?parent=987476625"}],"wp:term":[{"taxonomy":"product_brand","embeddable":true,"href":"https:\/\/www.claresco-cosmetic.de\/kosmetik-shop\/wp-json\/wp\/v2\/product_brand?post=987476625"},{"taxonomy":"product_cat","embeddable":true,"href":"https:\/\/www.claresco-cosmetic.de\/kosmetik-shop\/wp-json\/wp\/v2\/product_cat?post=987476625"},{"taxonomy":"product_tag","embeddable":true,"href":"https:\/\/www.claresco-cosmetic.de\/kosmetik-shop\/wp-json\/wp\/v2\/product_tag?post=987476625"}],"curies":[{"name":"wp","href":"https:\/\/api.w.org\/{rel}","templated":true}]}}