{"id":987476626,"date":"2022-07-18T16:44:24","date_gmt":"2022-07-18T14:44:24","guid":{"rendered":"https:\/\/www.claresco-cosmetic.de\/kosmetik-shop\/?post_type=product&#038;p=987476626"},"modified":"2025-12-31T18:21:07","modified_gmt":"2025-12-31T17:21:07","slug":"rohini-regenerating-cream","status":"publish","type":"product","link":"https:\/\/www.claresco-cosmetic.de\/kosmetik-shop\/produkt\/rohini-regenerating-cream\/","title":{"rendered":"Rohini Regenerating Cream"},"content":{"rendered":"<h5>Produktinformationen<\/h5>\n<p>Lassen Sie sich verzaubern von unserer luxuri\u00f6sen Creme, die Ihre Haut auf eine unvergleichliche Reise der Verj\u00fcngung und Pflege mitnimmt. In dieser au\u00dfergew\u00f6hnlichen Formulierung vereinen sich die erlesensten adaptogenen Heil- und Verj\u00fcngungspflanzen, darunter Aloe Vera, Nelli, Centella Asiatica, Jiaogulan und Acmella, zu einem harmonischen Zusammenspiel, das Ihre Haut tief verw\u00f6hnt und revitalisiert.<\/p>\n<p>Anstelle von gew\u00f6hnlichem Wasser verwenden wir den 100% reinen Aloe Vera Bio Ursaft, der Ihrer Haut eine Extraportion Feuchtigkeit spendet. Granatapfel\u00f6l, Zwergpfirsich\u00f6l, Avellana\u00f6l sowie Shea- und Mangobutter wirken gemeinsam, um Ihre Haut intensiv zu n\u00e4hren und zu regenerieren. Sp\u00fcren Sie, wie sich Ihre Haut glatter und straffer anf\u00fchlt, w\u00e4hrend feine Linien und F\u00e4ltchen sichtbar gemindert werden.<\/p>\n<p>Das au\u00dfergew\u00f6hnliche Avellana-\u00d6l, reich an seltenen N\u00e4hrstoffen wie Palmitoleins\u00e4ure, Vitamin P(OPC) und Tocotrienolen, schenkt Ihrer Haut genau das, was sie braucht, um zu strahlen. Acmella oleracea sorgt f\u00fcr eine sofortige Entspannung der Gesichtsmuskulatur und einen nat\u00fcrlichen Lifting-Effekt, das Sie j\u00fcnger und frischer aussehen l\u00e4sst.<\/p>\n<p>Erleben Sie, wie Alters- und Lichtflecken bei regelm\u00e4\u00dfiger Anwendung verblassen und Ihr Hautbild sich verfeinert. Der zarte Orchideen-Duft umh\u00fcllt Ihre Sinne und verleiht Ihnen ein Gef\u00fchl von purer Verw\u00f6hnung.<\/p>\n<p>&nbsp;<\/p>\n<h5>Wussten Sie,<\/h5>\n<p>dass Pharmos Natur schon immer f\u00fcr die Pflanzen aus \u00f6kologischer Mischkultur und alle Rohstoffe h\u00f6here Preise an die Erzeuger zahlen, als es auf dem Weltmarkt \u00fcblich ist? Pharmos Natur arbeitet mit Kleinbauern in Partnerschaften auf Augenh\u00f6he. \u200b<\/p>\n<p>&nbsp;<\/p>\n<h5>Anwendung<\/h5>\n<p>Tragen Sie morgens und abends zur St\u00e4rkung die rohini REGENERATING CREAM auf Ihre gereinigte Haut auf und verteilen Sie die reichhaltige Creme achtsam mit Ihren Fingerspitzen auf Gesicht, Hals und Dekollet\u00e9.<\/p>\n<p>Streichen Sie die rohini CREAM dann von der Mitte nach au\u00dfen und genie\u00dfen Sie den feinen Orchideen-Duft. Mit dem REGENERATING SERUM als Grundlage unterst\u00fctzen Sie den Regenerationsprozess Ihrer Haut \u00e4u\u00dferst wirkungsvoll.<\/p>\n<p>&nbsp;<\/p>\n<h5>Empfohlen f\u00fcr<\/h5>\n<ul>\n<li>Reife Haut \u2192 <em>strafft die Gesichtskonturen und st\u00e4rkt die Elastizit\u00e4t der Haut\u200b<\/em><\/li>\n<li>Trockene Haut \u2192<em> f\u00fcllt die Feuchtigkeitsdepots auf\u200b<\/em><\/li>\n<li>Falten und F\u00e4ltchen \u2192<em> die Haut wird sichtbar gegl\u00e4ttet\u200b<\/em><\/li>\n<li>Regenerationsbed\u00fcrftige Haut \u2192 <em>verfeinert das Hautbild und versorgt die Haut bestens mit N\u00e4hrstoffen<\/em><\/li>\n<\/ul>\n<p>&nbsp;<\/p>\n<p>&nbsp;<\/p>\n[et_pb_section global_module=\"987493113\"][\/et_pb_section]\n","protected":false},"excerpt":{"rendered":"<p>Adaptogene Creme zur Kollagen- und Elastinproduktion<\/p>\n<p>&nbsp;<\/p>\n<ul>\n<li style=\"margin-bottom: 12px;\">verf\u00fcgt \u00fcber intensive Repairfunktion\u200b<\/li>\n<li style=\"margin-bottom: 12px;\">Kollagen- und Elastinproduktion werden angeregt\u200b<\/li>\n<li style=\"margin-bottom: 12px;\">sichtbar verfeinertes Hautbild\u200b<\/li>\n<li style=\"margin-bottom: 12px;\">wirkt vorzeitiger Hautalterung entgegen\u200b<\/li>\n<li style=\"margin-bottom: 12px;\">aus intelligenten, adaptogenen Heil- und Verj\u00fcngungspflanzen\u200b<\/li>\n<li style=\"margin-bottom: 12px;\">sacred plants: Sie wirken individuell genau da, wo sie gebraucht werden\u200b<\/li>\n<li>faltengl\u00e4ttende Wirkung<\/li>\n<\/ul>\n","protected":false},"featured_media":987476615,"comment_status":"open","ping_status":"closed","template":"","meta":{"_et_pb_use_builder":"","_et_pb_old_content":"","_et_gb_content_width":""},"product_brand":[473],"product_cat":[251,246,84,210,243,113,240,239],"product_tag":[315,190,311,318,197,191,55,68,65],"class_list":{"0":"post-987476626","1":"product","2":"type-product","3":"status-publish","4":"has-post-thumbnail","6":"product_brand-pharmos-natur","7":"product_cat-pharmos-alle-naturkosmetik","8":"product_cat-pharmos-anti-aging","9":"product_cat-gesicht","10":"product_cat-gesichtspflege","11":"product_cat-pharmos-gesichtspflege","12":"product_cat-glow","13":"product_cat-pharmos-naturkosmetik","14":"product_cat-pharmos-natur","15":"product_tag-altersflecken","16":"product_tag-antiaging","17":"product_tag-antifaltencreme","18":"product_tag-face-lifting","19":"product_tag-feuchtigkeit","20":"product_tag-luxus","21":"product_tag-naehrstoffe","22":"product_tag-regeneration","23":"product_tag-wirkstoffe","24":"pa_inhalt-50ml","26":"first","27":"onbackorder","28":"taxable","29":"shipping-taxable","30":"purchasable","31":"product-type-simple"},"booking_location":null,"booking_location_type":null,"booking_duration":null,"booking_duration_unit":null,"booking_buffer":null,"booking_cost":null,"booking_resources":null,"exclude_global_add_ons":[],"addons":[],"_links":{"self":[{"href":"https:\/\/www.claresco-cosmetic.de\/kosmetik-shop\/wp-json\/wp\/v2\/product\/987476626","targetHints":{"allow":["GET"]}}],"collection":[{"href":"https:\/\/www.claresco-cosmetic.de\/kosmetik-shop\/wp-json\/wp\/v2\/product"}],"about":[{"href":"https:\/\/www.claresco-cosmetic.de\/kosmetik-shop\/wp-json\/wp\/v2\/types\/product"}],"replies":[{"embeddable":true,"href":"https:\/\/www.claresco-cosmetic.de\/kosmetik-shop\/wp-json\/wp\/v2\/comments?post=987476626"}],"wp:featuredmedia":[{"embeddable":true,"href":"https:\/\/www.claresco-cosmetic.de\/kosmetik-shop\/wp-json\/wp\/v2\/media\/987476615"}],"wp:attachment":[{"href":"https:\/\/www.claresco-cosmetic.de\/kosmetik-shop\/wp-json\/wp\/v2\/media?parent=987476626"}],"wp:term":[{"taxonomy":"product_brand","embeddable":true,"href":"https:\/\/www.claresco-cosmetic.de\/kosmetik-shop\/wp-json\/wp\/v2\/product_brand?post=987476626"},{"taxonomy":"product_cat","embeddable":true,"href":"https:\/\/www.claresco-cosmetic.de\/kosmetik-shop\/wp-json\/wp\/v2\/product_cat?post=987476626"},{"taxonomy":"product_tag","embeddable":true,"href":"https:\/\/www.claresco-cosmetic.de\/kosmetik-shop\/wp-json\/wp\/v2\/product_tag?post=987476626"}],"curies":[{"name":"wp","href":"https:\/\/api.w.org\/{rel}","templated":true}]}}