{"id":987476627,"date":"2022-07-18T16:55:24","date_gmt":"2022-07-18T14:55:24","guid":{"rendered":"https:\/\/www.claresco-cosmetic.de\/kosmetik-shop\/?post_type=product&#038;p=987476627"},"modified":"2025-07-28T17:13:05","modified_gmt":"2025-07-28T15:13:05","slug":"rohini-regeneration-serum-intensiv-kur","status":"publish","type":"product","link":"https:\/\/www.claresco-cosmetic.de\/kosmetik-shop\/produkt\/rohini-regeneration-serum-intensiv-kur\/","title":{"rendered":"Rohini Regeneration Serum Intensiv Kur"},"content":{"rendered":"<p>Mit einer rohini REGENERATING SERUM Intensiv Kur erh\u00e4lt Ihre Haut neue Spannkraft, das St\u00fctzgewebe wird gest\u00e4rkt und die gesamte Vitalenergie Ihrer Haut wird sichtbar erh\u00f6ht.<\/p>\n<p>Das straffende Serum mit intensiver Lichtenergie kr\u00e4ftigt die feinen Kapillaren, so dass Ihre Haut mehr Sauerstoff aufnehmen kann. Gleichzeitig werden die Feuchtigkeitsdepots in der Haut neu gef\u00fcllt und die Zellen mit Feuchtigkeit durchflutet. Ihre Zellen werden langfristig mit regenerativen Impulsen versorgt. Sie erleben ein sofort straffes, feinporiges Hautbild mit seidiger Gl\u00e4tte. Die Haut f\u00fchlt sich frisch und lebendig an. F\u00e4ltchen werden sichtbar reduziert. Pigmentflecken werden deutlich blasser. Ein nachhaltiger Genuss f\u00fcr Ihre Haut. Und f\u00fcr Sie. \u200b<\/p>\n<p>&nbsp;<\/p>\n<h5>Wussten Sie,<\/h5>\n<p>dass Pharmos Natur bei den sacred plants auch auf die richtigen Mondphasen achtet? Vom Ernte- und Weiterarbeitungsprozess bis zum Versand gehen die Menschen sehr achtsam und liebevoll mit den Pflanzen um. So werden die vielen Hundert Wirkstoffe in den einzelnen Pflanzen und auch ihre Wesenskraft erhalten.<\/p>\n<p>&nbsp;<\/p>\n<h5>Anwendung<\/h5>\n<p>Tragen Sie die rohini REGENERATING SERUM Intensiv Kur morgens und abends auf Ihre Haut auf und verteilen Sie das straffende Serum mit den Fingerspitzen auf Gesicht, Hals und Dekollet\u00e9. Streichen Sie es sanft von der Mitte nach au\u00dfen. Verwenden Sie anschlie\u00dfend das rohini REGENERATING FLUID oder die rohini REGENERATING CREAM aus adaptogenen Heil- und Verj\u00fcngungspflanzen, sacred plants. So erreichen Sie eine perfekte Wirkung. Genie\u00dfen Sie den Spirit der Pflanzen mit ihrer wohltuenden Wirkung.<\/p>\n<p>&nbsp;<\/p>\n<h5>Empfohlen f\u00fcr<\/h5>\n<ul>\n<li>Regenerationsbed\u00fcrftige \u2192 Haut gibt wichtige Impulse f\u00fcr alle Zellen zur Neubildung und Verj\u00fcngung\u200b<\/li>\n<li>Pigmentflecken \u2192 reduziert Hyperpigmentation und beugt unsch\u00f6nen Flecken erkennbar vor\u200b<\/li>\n<li>Couperose \u2192 R\u00f6tungen werden gemindert<\/li>\n<li>Falten und F\u00e4ltchen \u2192 die Haut erh\u00e4lt neue Vital- und Spannkraft\u200b<\/li>\n<li>Alle Hauttypen \u2192 100 % vertr\u00e4glich<\/li>\n<\/ul>\n<p>&nbsp;<\/p>\n","protected":false},"excerpt":{"rendered":"<p>Das intensive Serum gibt wichtige Impulse zur Regeneration der Zellen durch einen verj\u00fcngenden Pflanzenwirkstoffkomplex<\/p>\n<p>&nbsp;<\/p>\n<ul>\n<li>feine Kapillaren werden gekr\u00e4ftigt \u200b<\/li>\n<li>Sauerstoffaufnahme der Haut wird erleichtert \u200b<\/li>\n<li>Feuchtigkeits-Depots werden prall gef\u00fcllt \u200b<\/li>\n<li>f\u00fcr ein straffes, feinporiges Hautbild mit seidiger Gl\u00e4tte \u200b<\/li>\n<li>aus intelligenten, adaptogenen Heil- und Verj\u00fcngungspflanzen, sacred plants\u200b<\/li>\n<li>sie wirken individuell genau da, wo sie gebraucht werden<\/li>\n<\/ul>\n","protected":false},"featured_media":987476614,"comment_status":"open","ping_status":"closed","template":"","meta":{"_et_pb_use_builder":"","_et_pb_old_content":"","_et_gb_content_width":""},"product_brand":[473],"product_cat":[251,246,84,243,210,113,240,239,244],"product_tag":[315,190,280,191,55,314,68,120,65],"class_list":{"0":"post-987476627","1":"product","2":"type-product","3":"status-publish","4":"has-post-thumbnail","6":"product_brand-pharmos-natur","7":"product_cat-pharmos-alle-naturkosmetik","8":"product_cat-pharmos-anti-aging","9":"product_cat-gesicht","10":"product_cat-pharmos-gesichtspflege","11":"product_cat-gesichtspflege","12":"product_cat-glow","13":"product_cat-pharmos-naturkosmetik","14":"product_cat-pharmos-natur","15":"product_cat-pharmos-serum","16":"product_tag-altersflecken","17":"product_tag-antiaging","18":"product_tag-couperose","19":"product_tag-luxus","20":"product_tag-naehrstoffe","21":"product_tag-pigmentstoerungen","22":"product_tag-regeneration","23":"product_tag-serum","24":"product_tag-wirkstoffe","26":"first","27":"outofstock","28":"taxable","29":"shipping-taxable","30":"purchasable","31":"product-type-simple"},"booking_location":null,"booking_location_type":null,"booking_duration":null,"booking_duration_unit":null,"booking_buffer":null,"booking_cost":null,"booking_resources":null,"exclude_global_add_ons":[],"addons":[],"_links":{"self":[{"href":"https:\/\/www.claresco-cosmetic.de\/kosmetik-shop\/wp-json\/wp\/v2\/product\/987476627","targetHints":{"allow":["GET"]}}],"collection":[{"href":"https:\/\/www.claresco-cosmetic.de\/kosmetik-shop\/wp-json\/wp\/v2\/product"}],"about":[{"href":"https:\/\/www.claresco-cosmetic.de\/kosmetik-shop\/wp-json\/wp\/v2\/types\/product"}],"replies":[{"embeddable":true,"href":"https:\/\/www.claresco-cosmetic.de\/kosmetik-shop\/wp-json\/wp\/v2\/comments?post=987476627"}],"wp:featuredmedia":[{"embeddable":true,"href":"https:\/\/www.claresco-cosmetic.de\/kosmetik-shop\/wp-json\/wp\/v2\/media\/987476614"}],"wp:attachment":[{"href":"https:\/\/www.claresco-cosmetic.de\/kosmetik-shop\/wp-json\/wp\/v2\/media?parent=987476627"}],"wp:term":[{"taxonomy":"product_brand","embeddable":true,"href":"https:\/\/www.claresco-cosmetic.de\/kosmetik-shop\/wp-json\/wp\/v2\/product_brand?post=987476627"},{"taxonomy":"product_cat","embeddable":true,"href":"https:\/\/www.claresco-cosmetic.de\/kosmetik-shop\/wp-json\/wp\/v2\/product_cat?post=987476627"},{"taxonomy":"product_tag","embeddable":true,"href":"https:\/\/www.claresco-cosmetic.de\/kosmetik-shop\/wp-json\/wp\/v2\/product_tag?post=987476627"}],"curies":[{"name":"wp","href":"https:\/\/api.w.org\/{rel}","templated":true}]}}