{"id":987476900,"date":"2022-07-28T15:39:14","date_gmt":"2022-07-28T13:39:14","guid":{"rendered":"https:\/\/www.claresco-cosmetic.de\/kosmetik-shop\/?post_type=product&#038;p=987476900"},"modified":"2026-03-20T14:13:11","modified_gmt":"2026-03-20T13:13:11","slug":"deo-nature-1","status":"publish","type":"product","link":"https:\/\/www.claresco-cosmetic.de\/kosmetik-shop\/produkt\/deo-nature-1\/","title":{"rendered":"Deo nature Nr. 1"},"content":{"rendered":"<h5>Wirkungsweise<\/h5>\n<p>Deo nature Nr. 1 nutzt die Wirkstoffe (\u00e4therische \u00d6le) aus Lindenbl\u00fcte und Farn, um die Vermehrung der f\u00fcr den Schwei\u00dfgeruch verantwortlichen Bakterien zu hemmen. Die nat\u00fcrliche Hautflora wird nicht gest\u00f6rt und die Abwehrfunktion der Haut nicht vermindert. Es wird die Geruchbildung des Schwei\u00dfes gehemmt, jedoch nicht die regulativ wichtige Ausscheidung des Schwei\u00dfes.<\/p>\n<p>&nbsp;<\/p>\n<h5>Anwendung:<\/h5>\n<p>Nach dem Waschen, am besten mit einer milchsauren Reinigungsemulsion Deo nature 1 mit Abstand von mindestens 30-50 cm einspr\u00fchen. Bei starkem Schwitzen sollte die Anwendung nach 4-6 Stunden wiederholt werden.<\/p>\n<p>&nbsp;<\/p>\n<h5>Hinweis:<\/h5>\n<p>Alkohol dient als Tr\u00e4gersubstanz der \u00e4therischen \u00d6le, Bei gest\u00f6rter Haut, zum Beispiel nach der Depilation, sollte der Abstand zwischen Haut und Spr\u00fchkopf mindestens 50cm betragen.<br \/>\nDeo nature Nr. 1 enth\u00e4lt keine L\u00f6sungsvermittler, deshalb k\u00f6nnen je nach Temperatur Tr\u00fcbungen auftreten.<\/p>\n<p>&nbsp;<\/p>\n","protected":false},"excerpt":{"rendered":"<ul>\n<li>Rosel Heim Deos sind frei von bedenklichen Inhaltsstoffen<\/li>\n<li>die nat\u00fcrliche Hautflora wird nicht gest\u00f6rt<\/li>\n<li>die Abwehrfunktion der Haut wird nicht vermindert<\/li>\n<\/ul>\n","protected":false},"featured_media":987484142,"comment_status":"open","ping_status":"closed","template":"","meta":{"_et_pb_use_builder":"off","_et_pb_old_content":"<strong>Anwendungsgebiete:<\/strong>\r\n\r\nAls K\u00f6rper\u00f6l zur Hautpflege und bei sehr empfindlicher Haut kann Squalan\u00f6l auch zur Reinigung der Haut verwendet werden.\r\n\r\n<strong>Wirkungsweise:<\/strong>\r\n\r\nSqualan\u00f6l ist ein hochwirksames hautidentisches \u00d6l, das von der Haut vollst\u00e4ndig verwertet wird. Es entspricht dem \u00f6ligen Anteil der nat\u00fcrlichen Hautlipide.\r\n\r\n<span style=\"font-weight: bold\">Anwendung:<\/span>\r\n\r\nSqualan\u00f6l sollte auf Grund der hochwirksamen Inhaltsstoffe immer verd\u00fcnnt auf die Haut gebracht werden. Wenige Tropfen ins Badewasser oder auf einen nassen Waschhandschuh reichen aus, um die hautpflegende Wirkung zu erreichen..","_et_gb_content_width":""},"product_brand":[472],"product_cat":[372,95,85,213,43],"product_tag":[437,121],"class_list":{"0":"post-987476900","1":"product","2":"type-product","3":"status-publish","4":"has-post-thumbnail","6":"product_brand-rosel-heim","7":"product_cat-alle-rosel-heim-produkte","8":"product_cat-rh-body-line","9":"product_cat-koerper","10":"product_cat-koerperpflege","11":"product_cat-rosel-heim","12":"product_tag-deo","13":"product_tag-deodorant","15":"first","16":"instock","17":"taxable","18":"shipping-taxable","19":"purchasable","20":"product-type-simple"},"booking_location":null,"booking_location_type":null,"booking_duration":null,"booking_duration_unit":null,"booking_buffer":null,"booking_cost":null,"booking_resources":null,"exclude_global_add_ons":[],"addons":[],"_links":{"self":[{"href":"https:\/\/www.claresco-cosmetic.de\/kosmetik-shop\/wp-json\/wp\/v2\/product\/987476900","targetHints":{"allow":["GET"]}}],"collection":[{"href":"https:\/\/www.claresco-cosmetic.de\/kosmetik-shop\/wp-json\/wp\/v2\/product"}],"about":[{"href":"https:\/\/www.claresco-cosmetic.de\/kosmetik-shop\/wp-json\/wp\/v2\/types\/product"}],"replies":[{"embeddable":true,"href":"https:\/\/www.claresco-cosmetic.de\/kosmetik-shop\/wp-json\/wp\/v2\/comments?post=987476900"}],"wp:featuredmedia":[{"embeddable":true,"href":"https:\/\/www.claresco-cosmetic.de\/kosmetik-shop\/wp-json\/wp\/v2\/media\/987484142"}],"wp:attachment":[{"href":"https:\/\/www.claresco-cosmetic.de\/kosmetik-shop\/wp-json\/wp\/v2\/media?parent=987476900"}],"wp:term":[{"taxonomy":"product_brand","embeddable":true,"href":"https:\/\/www.claresco-cosmetic.de\/kosmetik-shop\/wp-json\/wp\/v2\/product_brand?post=987476900"},{"taxonomy":"product_cat","embeddable":true,"href":"https:\/\/www.claresco-cosmetic.de\/kosmetik-shop\/wp-json\/wp\/v2\/product_cat?post=987476900"},{"taxonomy":"product_tag","embeddable":true,"href":"https:\/\/www.claresco-cosmetic.de\/kosmetik-shop\/wp-json\/wp\/v2\/product_tag?post=987476900"}],"curies":[{"name":"wp","href":"https:\/\/api.w.org\/{rel}","templated":true}]}}