{"id":987476949,"date":"2022-08-07T10:17:47","date_gmt":"2022-08-07T08:17:47","guid":{"rendered":"https:\/\/www.claresco-cosmetic.de\/kosmetik-shop\/?post_type=product&#038;p=987476949"},"modified":"2026-02-08T19:35:42","modified_gmt":"2026-02-08T18:35:42","slug":"glow-time-pro-bb-cream","status":"publish","type":"product","link":"https:\/\/www.claresco-cosmetic.de\/kosmetik-shop\/produkt\/glow-time-pro-bb-cream\/","title":{"rendered":"Glow Time Pro BB Cream (Auslaufartikel)"},"content":{"rendered":"<p>Ein perfekter Teint in Sekundenschnelle \u2013 wer tr\u00e4umt nicht davon? BB Creams sollen die Haut nicht nur optisch verbessern und kleine Makel verdecken, sondern sie gleichzeitig auch pflegen und sch\u00fctzen.<\/p>\n<p>Die leichte und pflegende Glow Time Pro BB Cream von jane iredale ist ein Multitalent, denn sie versorgt die Haut mit Feuchtigkeit, kaschiert Hautunreinheiten und Pigmentierungen mit einer individuell anpassbaren, langanhaltenden Deckkraft und kreiert dabei ein strahlendes, seidiges Finish. Sanft peelende nat\u00fcrliche Extrakte gl\u00e4tten die Haut, hellen sie auf und verfeinern das Hautbild, was den Teint ebenm\u00e4\u00dfiger erscheinen l\u00e4sst. Und das Wichtigste: Sie verf\u00fcgt \u00fcber einen Breitband-Sonnenschutz mit LSF 25!<\/p>\n<p>Die Glow Time Pro BB Cream ist f\u00fcr alle Hauttypen geeignet.<\/p>\n<p>&nbsp;<\/p>\n<h5>Make-Up-Vorteile:<\/h5>\n<ul>\n<li>Leichtes Gef\u00fchl und mittlere bis volle, aufbaubare Deckkraft.<\/li>\n<li>Schnell trocknende, nicht fettende Formulierung l\u00e4sst die Haut atmen.<\/li>\n<li>Minimiert das Erscheinungsbild von Poren und feinen Linien f\u00fcr einen glatten, ebenm\u00e4\u00dfigen Teint.<\/li>\n<li>Das strahlende, seidige Finish sieht aus und f\u00fchlt sich an wie die Haut selbst.<\/li>\n<li>Langanhaltend und abriebfest.<\/li>\n<\/ul>\n<p>&nbsp;<\/p>\n<h5>Vorteile f\u00fcr die Hautpflege:<\/h5>\n<ul>\n<li>Physikalischer Breitspektrum-Sonnenschutz mit LSF 25.<\/li>\n<li>Erfrischender Grapefruit-Extrakt erhellt und belebt fahle Haut und minimiert das Erscheinungsbild von Poren und feinen Linien f\u00fcr einen glatten, ebenm\u00e4\u00dfig aussehenden Teint.<\/li>\n<li>Sonnenblumenkern\u00f6l versorgt die Haut mit Feuchtigkeit, lindert Irritationen, bietet antioxidativen Schutz und hilft, die Haut vor Feuchtigkeitsverlust zu bewahren &#8211; f\u00fcr eine weiche, geschmeidige Haut.<\/li>\n<li>Verj\u00fcngender Apfelextrakt sorgt f\u00fcr ein sanftes Peeling und verfeinert das Hautbild, w\u00e4hrend er die jugendliche Elastizit\u00e4t der Haut bewahrt und f\u00fcr ein strafferes Aussehen sorgt.<\/li>\n<\/ul>\n<p>&nbsp;<\/p>\n<h5>Hinweis zum Auftragen:<\/h5>\n<p>Geben Sie einen Pumpsto\u00df auf den Handr\u00fccken und tupfen Sie ihn auf Wangen, Stirn und Nase. Verteilen Sie dann Glow Time Pro mit dem Blending Brush (separat erh\u00e4ltlich) von der Mitte des Gesichts nach au\u00dfen und verblenden Sie das Produkt, bis es nicht mehr auf der Haut zu sehen ist.<\/p>\n","protected":false},"excerpt":{"rendered":"<p>Die Glow Time Pro BB Cream von <em>jane iredale<\/em> ist ein echtes Multitalent. Eine pflegende Foundation mit Antioxidantien, physikalischem Sonnenschutz, einem sanften Peeling-Effekt und nat\u00fcrlichen Extrakten.<\/p>\n","protected":false},"featured_media":987476950,"comment_status":"open","ping_status":"closed","template":"","meta":{"_et_pb_use_builder":"off","_et_pb_old_content":"<strong>Anwendungsgebiete: <\/strong>\r\n\r\nAls Gesichtspackung wird masque verwendet bei allen Hautarten zur Straffung und Versch\u00f6nerung des Hautbildes.\r\nZur kurfristigen Therapie bei d\u00fcnner, empfindlicher Haut mit oberfl\u00e4chlichen Entz\u00fcndungen.\r\n\r\n<strong>Wirkungsweise:<\/strong>\r\n\r\nMasque erh\u00f6ht mit Hilfe der Lipacide RH (Lipoaminos\u00e4uren) die F\u00e4higkeit der Epidermis, den zullul\u00e4ren Wassergehalt stabil zu halten. Die Haut wird sichtbar straffer und elastischer. Lipacide RH wirkt gleichzeitig vorbeugend gegen bakterielle Entz\u00fcndungen.\r\n\r\n<strong>Anwendung<\/strong>:\r\n\r\nQuantit\u00e4t und Art der Anwendung sind nach dem individuellen und aktuellen Zustand der Haut festzulegen.\r\n\r\n<strong>Gegenanzeigen:<\/strong>\r\n\r\nDas Produkt sollte bei bekannter Campher-Unvertr\u00e4glichkeit nicht angewendet werden.\r\n\r\n\u00a0","_et_gb_content_width":""},"product_brand":[474],"product_cat":[341,129,220,369,83,86],"product_tag":[173,172,134],"class_list":{"0":"post-987476949","1":"product","2":"type-product","3":"status-publish","4":"has-post-thumbnail","6":"product_brand-jane-iredale","7":"product_cat-alle-angebote","8":"product_cat-mineralmakeup-gesicht","9":"product_cat-mu-gesicht","10":"product_cat-glow-time-pro","11":"product_cat-jane-iredale","12":"product_cat-make-up","13":"product_tag-make-up","14":"product_tag-tagescreme-getoent","15":"product_tag-teint","17":"first","18":"onbackorder","19":"sale","20":"taxable","21":"shipping-taxable","22":"purchasable","23":"product-type-simple"},"booking_location":null,"booking_location_type":null,"booking_duration":null,"booking_duration_unit":null,"booking_buffer":null,"booking_cost":null,"booking_resources":null,"exclude_global_add_ons":false,"addons":[{"name":"Farbnuance","type":"multiple_choice","position":0,"required":true,"title_format":"label","default":"","description_enable":true,"description":"bitte ausw\u00e4hlen","placeholder_enable":false,"placeholder":"","display":"images","restrictions_type":"any_text","adjust_price":false,"price":"","price_type":"flat_fee","restrictions":false,"min":"0","max":"0","options":[{"label":"GT10","price":"","price_type":"flat_fee","image":987476960,"visibility":true},{"label":"GT11","price":"","price_type":"flat_fee","image":987476961,"visibility":true},{"label":"GT12","price":"","price_type":"flat_fee","image":987476962,"visibility":true},{"label":"GT13","price":"","price_type":"flat_fee","image":987476963,"visibility":true}],"id":1770579079}],"_links":{"self":[{"href":"https:\/\/www.claresco-cosmetic.de\/kosmetik-shop\/wp-json\/wp\/v2\/product\/987476949","targetHints":{"allow":["GET"]}}],"collection":[{"href":"https:\/\/www.claresco-cosmetic.de\/kosmetik-shop\/wp-json\/wp\/v2\/product"}],"about":[{"href":"https:\/\/www.claresco-cosmetic.de\/kosmetik-shop\/wp-json\/wp\/v2\/types\/product"}],"replies":[{"embeddable":true,"href":"https:\/\/www.claresco-cosmetic.de\/kosmetik-shop\/wp-json\/wp\/v2\/comments?post=987476949"}],"wp:featuredmedia":[{"embeddable":true,"href":"https:\/\/www.claresco-cosmetic.de\/kosmetik-shop\/wp-json\/wp\/v2\/media\/987476950"}],"wp:attachment":[{"href":"https:\/\/www.claresco-cosmetic.de\/kosmetik-shop\/wp-json\/wp\/v2\/media?parent=987476949"}],"wp:term":[{"taxonomy":"product_brand","embeddable":true,"href":"https:\/\/www.claresco-cosmetic.de\/kosmetik-shop\/wp-json\/wp\/v2\/product_brand?post=987476949"},{"taxonomy":"product_cat","embeddable":true,"href":"https:\/\/www.claresco-cosmetic.de\/kosmetik-shop\/wp-json\/wp\/v2\/product_cat?post=987476949"},{"taxonomy":"product_tag","embeddable":true,"href":"https:\/\/www.claresco-cosmetic.de\/kosmetik-shop\/wp-json\/wp\/v2\/product_tag?post=987476949"}],"curies":[{"name":"wp","href":"https:\/\/api.w.org\/{rel}","templated":true}]}}