{"id":987477132,"date":"2022-08-26T11:13:50","date_gmt":"2022-08-26T09:13:50","guid":{"rendered":"https:\/\/www.claresco-cosmetic.de\/kosmetik-shop\/?post_type=product&#038;p=987477132"},"modified":"2026-03-10T01:14:40","modified_gmt":"2026-03-10T00:14:40","slug":"seidenpuder","status":"publish","type":"product","link":"https:\/\/www.claresco-cosmetic.de\/kosmetik-shop\/produkt\/seidenpuder\/","title":{"rendered":"Seidenpuder"},"content":{"rendered":"<p>Seidenpuder eignet sich besonders zum Schutz der Haut.<\/p>\n<p>&nbsp;<\/p>\n<ul>\n<li>Im Winter sch\u00fctzt er durch ein Luftpolster wie ein Pelz vor K\u00e4lte.<\/li>\n<\/ul>\n<ul>\n<li>Im Sommer nimmt er den Schwei\u00df auf und vergr\u00f6\u00dfert die Verdunstungsoberfl\u00e4che, so k\u00fchlt er die Haut und sch\u00fctzt sie vor \u00dcberw\u00e4rmung.<\/li>\n<\/ul>\n<ul>\n<li>Gleichzeitig dient Seidenpuder als Lichtschutz<\/li>\n<\/ul>\n","protected":false},"excerpt":{"rendered":"<p>Seidenpuder verleiht der Haut einen tollen seidigen Schimmer, mattiert &amp; verfeinert sofort optisch das Hautbild.<\/p>\n<p>&nbsp;<\/p>\n<ul>\n<li>Abf\u00fcllung zu je 10g in der Dose.<\/li>\n<li>Die Nuancen k\u00f6nnen wir auf Anfrage f\u00fcr Sie auch mischen.<\/li>\n<\/ul>\n","protected":false},"featured_media":987477136,"comment_status":"open","ping_status":"closed","template":"","meta":{"_et_pb_use_builder":"off","_et_pb_old_content":"<strong>Anwendungsgebiete: <\/strong>\r\n\r\nAls Gesichtspackung wird masque verwendet bei allen Hautarten zur Straffung und Versch\u00f6nerung des Hautbildes.\r\nZur kurfristigen Therapie bei d\u00fcnner, empfindlicher Haut mit oberfl\u00e4chlichen Entz\u00fcndungen.\r\n\r\n<strong>Wirkungsweise:<\/strong>\r\n\r\nMasque erh\u00f6ht mit Hilfe der Lipacide RH (Lipoaminos\u00e4uren) die F\u00e4higkeit der Epidermis, den zullul\u00e4ren Wassergehalt stabil zu halten. Die Haut wird sichtbar straffer und elastischer. Lipacide RH wirkt gleichzeitig vorbeugend gegen bakterielle Entz\u00fcndungen.\r\n\r\n<strong>Anwendung<\/strong>:\r\n\r\nQuantit\u00e4t und Art der Anwendung sind nach dem individuellen und aktuellen Zustand der Haut festzulegen.\r\n\r\n<strong>Gegenanzeigen:<\/strong>\r\n\r\nDas Produkt sollte bei bekannter Campher-Unvertr\u00e4glichkeit nicht angewendet werden.\r\n\r\n\u00a0","_et_gb_content_width":""},"product_brand":[472],"product_cat":[372,97,220,113,86,43],"product_tag":[64,173,133],"class_list":{"0":"post-987477132","1":"product","2":"type-product","3":"status-publish","4":"has-post-thumbnail","6":"product_brand-rosel-heim","7":"product_cat-alle-rosel-heim-produkte","8":"product_cat-rh-dekorativ","9":"product_cat-mu-gesicht","10":"product_cat-glow","11":"product_cat-make-up","12":"product_cat-rosel-heim","13":"product_tag-hautschutz","14":"product_tag-make-up","15":"product_tag-puder","16":"pa_inhalt-10g","18":"first","19":"instock","20":"taxable","21":"shipping-taxable","22":"purchasable","23":"product-type-variable"},"booking_location":null,"booking_location_type":null,"booking_duration":null,"booking_duration_unit":null,"booking_buffer":null,"booking_cost":null,"booking_resources":null,"exclude_global_add_ons":false,"addons":[{"name":"Mischung","type":"custom_text","position":0,"required":false,"title_format":"hide","default":"","description_enable":true,"description":"Ben\u00f6tigen Sie eine Mischung? Bitte hier Ihren Wunsch eingeben:","placeholder_enable":false,"placeholder":"","display":"select","restrictions_type":"any_text","adjust_price":false,"price":"","price_type":"flat_fee","restrictions":false,"min":"0","max":"0","options":[],"id":1675023919}],"_links":{"self":[{"href":"https:\/\/www.claresco-cosmetic.de\/kosmetik-shop\/wp-json\/wp\/v2\/product\/987477132","targetHints":{"allow":["GET"]}}],"collection":[{"href":"https:\/\/www.claresco-cosmetic.de\/kosmetik-shop\/wp-json\/wp\/v2\/product"}],"about":[{"href":"https:\/\/www.claresco-cosmetic.de\/kosmetik-shop\/wp-json\/wp\/v2\/types\/product"}],"replies":[{"embeddable":true,"href":"https:\/\/www.claresco-cosmetic.de\/kosmetik-shop\/wp-json\/wp\/v2\/comments?post=987477132"}],"wp:featuredmedia":[{"embeddable":true,"href":"https:\/\/www.claresco-cosmetic.de\/kosmetik-shop\/wp-json\/wp\/v2\/media\/987477136"}],"wp:attachment":[{"href":"https:\/\/www.claresco-cosmetic.de\/kosmetik-shop\/wp-json\/wp\/v2\/media?parent=987477132"}],"wp:term":[{"taxonomy":"product_brand","embeddable":true,"href":"https:\/\/www.claresco-cosmetic.de\/kosmetik-shop\/wp-json\/wp\/v2\/product_brand?post=987477132"},{"taxonomy":"product_cat","embeddable":true,"href":"https:\/\/www.claresco-cosmetic.de\/kosmetik-shop\/wp-json\/wp\/v2\/product_cat?post=987477132"},{"taxonomy":"product_tag","embeddable":true,"href":"https:\/\/www.claresco-cosmetic.de\/kosmetik-shop\/wp-json\/wp\/v2\/product_tag?post=987477132"}],"curies":[{"name":"wp","href":"https:\/\/api.w.org\/{rel}","templated":true}]}}