{"id":987477704,"date":"2022-12-04T15:22:09","date_gmt":"2022-12-04T14:22:09","guid":{"rendered":"https:\/\/www.claresco-cosmetic.de\/kosmetik-shop\/?post_type=product&#038;p=987477704"},"modified":"2025-12-31T20:23:00","modified_gmt":"2025-12-31T19:23:00","slug":"geschenkset-love","status":"publish","type":"product","link":"https:\/\/www.claresco-cosmetic.de\/kosmetik-shop\/produkt\/geschenkset-love\/","title":{"rendered":"Geschenkset LOVE"},"content":{"rendered":"<h5>INTENSIVE PFLEGE UND VERJ\u00dcNGUNG PUR<\/h5>\n<p>Die Produktlinie LOVE YOUR AGE strafft auf hocheffiziente Weise Ihre Haut und aktiviert die Zellerneuerung. Gl\u00fcckshormone f\u00fcr die Haut erf\u00fcllen alle Zellen mit neuer Lebendigkeit. Sie beginnen Ihr Alter zu lieben und Ihre Sch\u00f6nheit zu leben.<\/p>\n<p>Das Weihnachtsset LOVE beinhaltet:<\/p>\n<h5>Repair Balm<\/h5>\n<p>BIO ALOE VERA &amp; ARGAN &amp; HYALURON<br \/>\nPflegebalm mit leichter Textur und harmonisierendem Duft. F\u00fcllt tief in der Haut die Feuchtigkeitsdepots auf. Linien und F\u00e4ltchen werden gegl\u00e4ttet. Sch\u00fctzt vor vorzeitiger Hautalterung. F\u00fcr die regenerationsbed\u00fcrftige Haut. Ganz besonders f\u00fcr die empfindliche Haut geeignet. 50 ml<\/p>\n<h5>Eye Contour Cream<\/h5>\n<p>BIO ALOE VERA &amp; DWARF PEACH &amp; HYALURON<br \/>\nPerfekte Pflege f\u00fcr das empfindsame Hautgewebe der Augenpartie. Diese multiaktive, reichhaltige Augencreme gl\u00e4ttet und festigt auf sanfte Art und Weise. Sie verbessert die Elastizit\u00e4t der Haut und schenkt ihr neue Spannkraft. F\u00e4ltchen werden sichtbar gemindert. 3 ml<\/p>\n<h5>D\u00e9collet\u00e9 &amp; Body Cream<\/h5>\n<p>ORGANIC ALOE VERA &amp; HOLISTIC PLANT POWER<br \/>\nReichhaltige K\u00f6rpercreme mit verj\u00fcngender Wirkung. Strafft und festigt das Gewebe. Der Stoffwechsel wird aktiviert und die Blutzirkulation unterst\u00fctzt. Antioxidantien verlangsamen den Alterungsprozess der Haut. F\u00fcr seidig glatte Haut am ganzen K\u00f6rper. 15 ml<\/p>\n<p>&nbsp;<\/p>\n<p>&nbsp;<\/p>\n","protected":false},"excerpt":{"rendered":"<p>Das Set beinhaltet: Repair Balm, Eye Contour Cream &amp; Calming &amp; D\u00e9collet\u00e9 &amp; Body Cream<\/p>\n<ul>\n<li>hautstraffender Repair Balm aus Bio Aloe Vera &amp; Hyaluron<\/li>\n<li>Eye Contour Creme: gl\u00e4ttende Augencreme mit Bio Aloe Vera, Hyaluron &amp; Vitamin-Komplex<\/li>\n<li>D\u00e9collet\u00e9 &amp; Body Cream: zart duftende Body Cream aus Bio Aloe Vera, Vanillefrucht\u00f6l &amp; Magnolienextrakt intensive Regeneration \u200b<\/li>\n<li>harmonisierende Wirkung aus echten Heil- und Verj\u00fcngungspflanzen, sacred plants<\/li>\n<\/ul>\n<p>&nbsp;<\/p>\n","protected":false},"featured_media":987477705,"comment_status":"open","ping_status":"closed","template":"","meta":{"_et_pb_use_builder":"","_et_pb_old_content":"","_et_gb_content_width":""},"product_brand":[473],"product_cat":[251,246,455,84,210,240,239,482],"product_tag":[344,288,287,68,289,324],"class_list":{"0":"post-987477704","1":"product","2":"type-product","3":"status-publish","4":"has-post-thumbnail","6":"product_brand-pharmos-natur","7":"product_cat-pharmos-alle-naturkosmetik","8":"product_cat-pharmos-anti-aging","9":"product_cat-geschenkideen","10":"product_cat-gesicht","11":"product_cat-gesichtspflege","12":"product_cat-pharmos-naturkosmetik","13":"product_cat-pharmos-natur","14":"product_cat-pharmos-geschenksets","15":"product_tag-geschenk","16":"product_tag-geschenkset","17":"product_tag-kleingroessen","18":"product_tag-regeneration","19":"product_tag-set","20":"product_tag-weihnachten","22":"first","23":"outofstock","24":"taxable","25":"shipping-taxable","26":"purchasable","27":"product-type-simple"},"booking_location":null,"booking_location_type":null,"booking_duration":null,"booking_duration_unit":null,"booking_buffer":null,"booking_cost":null,"booking_resources":null,"exclude_global_add_ons":[],"addons":[],"_links":{"self":[{"href":"https:\/\/www.claresco-cosmetic.de\/kosmetik-shop\/wp-json\/wp\/v2\/product\/987477704","targetHints":{"allow":["GET"]}}],"collection":[{"href":"https:\/\/www.claresco-cosmetic.de\/kosmetik-shop\/wp-json\/wp\/v2\/product"}],"about":[{"href":"https:\/\/www.claresco-cosmetic.de\/kosmetik-shop\/wp-json\/wp\/v2\/types\/product"}],"replies":[{"embeddable":true,"href":"https:\/\/www.claresco-cosmetic.de\/kosmetik-shop\/wp-json\/wp\/v2\/comments?post=987477704"}],"wp:featuredmedia":[{"embeddable":true,"href":"https:\/\/www.claresco-cosmetic.de\/kosmetik-shop\/wp-json\/wp\/v2\/media\/987477705"}],"wp:attachment":[{"href":"https:\/\/www.claresco-cosmetic.de\/kosmetik-shop\/wp-json\/wp\/v2\/media?parent=987477704"}],"wp:term":[{"taxonomy":"product_brand","embeddable":true,"href":"https:\/\/www.claresco-cosmetic.de\/kosmetik-shop\/wp-json\/wp\/v2\/product_brand?post=987477704"},{"taxonomy":"product_cat","embeddable":true,"href":"https:\/\/www.claresco-cosmetic.de\/kosmetik-shop\/wp-json\/wp\/v2\/product_cat?post=987477704"},{"taxonomy":"product_tag","embeddable":true,"href":"https:\/\/www.claresco-cosmetic.de\/kosmetik-shop\/wp-json\/wp\/v2\/product_tag?post=987477704"}],"curies":[{"name":"wp","href":"https:\/\/api.w.org\/{rel}","templated":true}]}}