{"id":987477771,"date":"2022-12-05T17:07:50","date_gmt":"2022-12-05T16:07:50","guid":{"rendered":"https:\/\/www.claresco-cosmetic.de\/kosmetik-shop\/?post_type=product&#038;p=987477771"},"modified":"2025-08-29T11:52:38","modified_gmt":"2025-08-29T09:52:38","slug":"blush-purepressed","status":"publish","type":"product","link":"https:\/\/www.claresco-cosmetic.de\/kosmetik-shop\/produkt\/blush-purepressed\/","title":{"rendered":"Blush PurePressed | Rouge"},"content":{"rendered":"<p>Ein Rouge auf Mineralienbasis, das Wangenknochen konturiert.<\/p>\n<h5>Funktionen und Vorteile:<\/h5>\n<ul>\n<li>14 Farbnuancen<\/li>\n<li>Ohne chemische Farbstoffe und reizende Inhaltsstoffe<\/li>\n<li>Formel enth\u00e4lt Mineralien und Antioxidationsmittel<\/li>\n<li>Schmeichelt mit frischer Wangenr\u00f6te<\/li>\n<li>Nicht komedogen<\/li>\n<\/ul>\n<h5>Empfohlener Pinsel:<\/h5>\n<p>Dome Brush<\/p>\n<h5>Wirkung:<\/h5>\n<p>Setzt farbliche Akzente auf den Wangen.<\/p>\n<p>&nbsp;<\/p>\n<p>&nbsp;<\/p>\n","protected":false},"excerpt":{"rendered":"<div>Tragen Sie die weiche, samtige Farben mit dem NEUEN und verbesserten PurePressed Blush auf, einem seidigen, sich leicht verteilenden, gepressten Rouge, das sich wie ein Puder aufbauen und wie eine Creme verblenden l\u00e4sst.<\/div>\n","protected":false},"featured_media":987478588,"comment_status":"open","ping_status":"closed","template":"","meta":{"_et_pb_use_builder":"off","_et_pb_old_content":"<strong>Anwendungsgebiete: <\/strong>\r\n\r\nAls Gesichtspackung wird masque verwendet bei allen Hautarten zur Straffung und Versch\u00f6nerung des Hautbildes.\r\nZur kurfristigen Therapie bei d\u00fcnner, empfindlicher Haut mit oberfl\u00e4chlichen Entz\u00fcndungen.\r\n\r\n<strong>Wirkungsweise:<\/strong>\r\n\r\nMasque erh\u00f6ht mit Hilfe der Lipacide RH (Lipoaminos\u00e4uren) die F\u00e4higkeit der Epidermis, den zullul\u00e4ren Wassergehalt stabil zu halten. Die Haut wird sichtbar straffer und elastischer. Lipacide RH wirkt gleichzeitig vorbeugend gegen bakterielle Entz\u00fcndungen.\r\n\r\n<strong>Anwendung<\/strong>:\r\n\r\nQuantit\u00e4t und Art der Anwendung sind nach dem individuellen und aktuellen Zustand der Haut festzulegen.\r\n\r\n<strong>Gegenanzeigen:<\/strong>\r\n\r\nDas Produkt sollte bei bekannter Campher-Unvertr\u00e4glichkeit nicht angewendet werden.\r\n\r\n\u00a0","_et_gb_content_width":""},"product_brand":[474],"product_cat":[220,129,113,83,86,177],"product_tag":[175,173,200,134],"class_list":{"0":"post-987477771","1":"product","2":"type-product","3":"status-publish","4":"has-post-thumbnail","6":"product_brand-jane-iredale","7":"product_cat-mu-gesicht","8":"product_cat-mineralmakeup-gesicht","9":"product_cat-glow","10":"product_cat-jane-iredale","11":"product_cat-make-up","12":"product_cat-wangen","13":"product_tag-blush","14":"product_tag-make-up","15":"product_tag-rouge","16":"product_tag-teint","18":"first","19":"onbackorder","20":"taxable","21":"shipping-taxable","22":"purchasable","23":"product-type-simple"},"booking_location":null,"booking_location_type":null,"booking_duration":null,"booking_duration_unit":null,"booking_buffer":null,"booking_cost":null,"booking_resources":null,"exclude_global_add_ons":false,"addons":[{"name":"Farbnuance","type":"multiple_choice","position":0,"required":true,"title_format":"label","default":"","description_enable":true,"description":"bitte ausw\u00e4hlen","placeholder_enable":false,"placeholder":"","display":"images","restrictions_type":"any_text","adjust_price":false,"price":"","price_type":"flat_fee","restrictions":false,"min":"0","max":"0","options":[{"label":"Queen Bee | weiches Fuchsia","price":"","price_type":"flat_fee","image":987478573,"visibility":true},{"label":"Barley Rose | zartes, kaltes Pink","price":"","price_type":"flat_fee","image":987478584,"visibility":true},{"label":"Cotton Candy | rauchiges Pink","price":"","price_type":"flat_fee","image":987478576,"visibility":true},{"label":"Awake | rauchiges Rosa","price":"","price_type":"flat_fee","image":987478585,"visibility":true},{"label":"Clearly Pink | poppiges Pink","price":"","price_type":"flat_fee","image":987478574,"visibility":true},{"label":"Dubonnet | neutrales Ros\u00e9","price":"","price_type":"flat_fee","image":987478582,"visibility":true},{"label":"Mocha | zartes Pink-Braun","price":"","price_type":"flat_fee","image":987478580,"visibility":true},{"label":"Sheer Honey | neutrales Beige","price":"","price_type":"flat_fee","image":987478578,"visibility":true},{"label":"Mystique | Dunkles Ros\u00e9-Braun","price":"","price_type":"flat_fee","image":987478579,"visibility":true},{"label":"Whisper | Pfirsich-Pink","price":"","price_type":"flat_fee","image":987478575,"visibility":false},{"label":"Chopper Wind | Pfirsich-Apricot","price":"","price_type":"flat_fee","image":987478583,"visibility":false},{"label":"Sunset | Guave-farben","price":"","price_type":"flat_fee","image":987478572,"visibility":true}],"id":1677102551}],"_links":{"self":[{"href":"https:\/\/www.claresco-cosmetic.de\/kosmetik-shop\/wp-json\/wp\/v2\/product\/987477771","targetHints":{"allow":["GET"]}}],"collection":[{"href":"https:\/\/www.claresco-cosmetic.de\/kosmetik-shop\/wp-json\/wp\/v2\/product"}],"about":[{"href":"https:\/\/www.claresco-cosmetic.de\/kosmetik-shop\/wp-json\/wp\/v2\/types\/product"}],"replies":[{"embeddable":true,"href":"https:\/\/www.claresco-cosmetic.de\/kosmetik-shop\/wp-json\/wp\/v2\/comments?post=987477771"}],"wp:featuredmedia":[{"embeddable":true,"href":"https:\/\/www.claresco-cosmetic.de\/kosmetik-shop\/wp-json\/wp\/v2\/media\/987478588"}],"wp:attachment":[{"href":"https:\/\/www.claresco-cosmetic.de\/kosmetik-shop\/wp-json\/wp\/v2\/media?parent=987477771"}],"wp:term":[{"taxonomy":"product_brand","embeddable":true,"href":"https:\/\/www.claresco-cosmetic.de\/kosmetik-shop\/wp-json\/wp\/v2\/product_brand?post=987477771"},{"taxonomy":"product_cat","embeddable":true,"href":"https:\/\/www.claresco-cosmetic.de\/kosmetik-shop\/wp-json\/wp\/v2\/product_cat?post=987477771"},{"taxonomy":"product_tag","embeddable":true,"href":"https:\/\/www.claresco-cosmetic.de\/kosmetik-shop\/wp-json\/wp\/v2\/product_tag?post=987477771"}],"curies":[{"name":"wp","href":"https:\/\/api.w.org\/{rel}","templated":true}]}}