{"id":987478227,"date":"2023-01-09T19:30:35","date_gmt":"2023-01-09T18:30:35","guid":{"rendered":"https:\/\/www.claresco-cosmetic.de\/kosmetik-shop\/?post_type=product&#038;p=987478227"},"modified":"2026-03-24T01:18:13","modified_gmt":"2026-03-24T00:18:13","slug":"rosencreme","status":"publish","type":"product","link":"https:\/\/www.claresco-cosmetic.de\/kosmetik-shop\/produkt\/rosencreme\/","title":{"rendered":"Rosencreme"},"content":{"rendered":"<h5>Anwendungsgebiete:<\/h5>\n<p>Ideal bei witterungsgesch\u00e4digter und gestresster Haut, f\u00fcr Gesicht und K\u00f6rper.<\/p>\n<p>&nbsp;<\/p>\n<h5>Wirkungsweise:<\/h5>\n<p>Die Rosen Creme wirkt beruhigend, k\u00fchlend, gem\u00fctsaufhellend und gewebestraffend.<\/p>\n<p>Rosenbl\u00fctenwachs f\u00e4llt bei der Destillation von \u00e4therischem Rosen\u00f6l an und verf\u00fcgt so \u00fcber einen bet\u00f6renden Duft. Es ist seit der Antike f\u00fcr seine positive Wirkung auf der Haut bekannt. Die hautfreundliche Emulsion, deren einziges \u00d6l Squalan ist, wurde Rosenbl\u00fctenwachs als Konsistenzgeber eingearbeitet. Die Gesamtkomposition der Rosen Creme wird mit dem Duft einer leichten Teerose abgerundet.<\/p>\n<p>&nbsp;<\/p>\n<h5>Anwendung:<\/h5>\n<p>Menge, Einwirkungszeit und H\u00e4ufigkeit der Anwendung ist nach dem individuellen und aktuellen Hautzustand festzulegen.<\/p>\n<p>&nbsp;<\/p>\n<p>&nbsp;<\/p>\n","protected":false},"excerpt":{"rendered":"<p>N\u00e4hrende Intensivpflege f\u00fcr das Gesicht und den K\u00f6rper<\/p>\n<ul>\n<li>gewebestraffend<\/li>\n<li>beruhigend<\/li>\n<li>gem\u00fctsaufhellend<\/li>\n<\/ul>\n","protected":false},"featured_media":987484168,"comment_status":"open","ping_status":"closed","template":"","meta":{"_et_pb_use_builder":"off","_et_pb_old_content":"<strong>Anwendungsgebiete:<\/strong>\r\n\r\nBei d\u00fcnner, trockener und sensibler Haut, bei St\u00f6rungen im Wasserhaushalt der Haut, sowie zur Intervalltherapie mit phase 2 aktive regeneration.\r\n\r\n\u00a0\r\n\r\n<strong>Wirkungsweise:<\/strong>\r\n\r\nphase 2 intervall bindet \u00fcber l\u00e4ngere Zeit Fett und Feuchtigkeit in den \u00e4u\u00dferen Hautschichten. Die Wiederherstellung des Gleichgewichtes im Wasserhaushalt der Haut wird mit Hilfe des Mineralstoffkomplexes und Hyalurons\u00e4ure unterst\u00fctzt. Besonders effektiv ist phase 2 intervall auch bei Verhornungsst\u00f6rungen und \u00dcberverhornung.\r\n\r\n\u00a0\r\n\r\n<strong>Anwendung:<\/strong>\r\n\r\nMenge, Einwirkungszeit und H\u00e4ufigkeit der Anwendung ist nach dem individuellen und aktuellen Hautzustand festzulegen.\r\n\r\n\u00a0\r\n\r\n<strong>Gegenanzeigen:<\/strong>\r\n\r\nBei bekannter Unvertr\u00e4glichkeit von Avocado-\u00d6l sollte das Produkt nicht verwendet werden.\r\n\r\n<span style=\"font-weight: bold\">\u00a0<\/span>","_et_gb_content_width":""},"product_brand":[472],"product_cat":[372,351,84,210,85,213,90,43,93],"product_tag":[56,66,64,68,67],"class_list":{"0":"post-987478227","1":"product","2":"type-product","3":"status-publish","4":"has-post-thumbnail","6":"product_brand-rosel-heim","7":"product_cat-alle-rosel-heim-produkte","8":"product_cat-beliebte-produkte","9":"product_cat-gesicht","10":"product_cat-gesichtspflege","11":"product_cat-koerper","12":"product_cat-koerperpflege","13":"product_cat-rh-regeneration","14":"product_cat-rosel-heim","15":"product_cat-rh-tagesschutz","16":"product_tag-creme","17":"product_tag-gesichtscreme","18":"product_tag-hautschutz","19":"product_tag-regeneration","20":"product_tag-tagescreme","21":"pa_inhalt-50ml","22":"pa_packform-airless-spender","24":"first","25":"instock","26":"taxable","27":"shipping-taxable","28":"purchasable","29":"product-type-simple"},"booking_location":null,"booking_location_type":null,"booking_duration":null,"booking_duration_unit":null,"booking_buffer":null,"booking_cost":null,"booking_resources":null,"exclude_global_add_ons":[],"addons":[],"_links":{"self":[{"href":"https:\/\/www.claresco-cosmetic.de\/kosmetik-shop\/wp-json\/wp\/v2\/product\/987478227","targetHints":{"allow":["GET"]}}],"collection":[{"href":"https:\/\/www.claresco-cosmetic.de\/kosmetik-shop\/wp-json\/wp\/v2\/product"}],"about":[{"href":"https:\/\/www.claresco-cosmetic.de\/kosmetik-shop\/wp-json\/wp\/v2\/types\/product"}],"replies":[{"embeddable":true,"href":"https:\/\/www.claresco-cosmetic.de\/kosmetik-shop\/wp-json\/wp\/v2\/comments?post=987478227"}],"wp:featuredmedia":[{"embeddable":true,"href":"https:\/\/www.claresco-cosmetic.de\/kosmetik-shop\/wp-json\/wp\/v2\/media\/987484168"}],"wp:attachment":[{"href":"https:\/\/www.claresco-cosmetic.de\/kosmetik-shop\/wp-json\/wp\/v2\/media?parent=987478227"}],"wp:term":[{"taxonomy":"product_brand","embeddable":true,"href":"https:\/\/www.claresco-cosmetic.de\/kosmetik-shop\/wp-json\/wp\/v2\/product_brand?post=987478227"},{"taxonomy":"product_cat","embeddable":true,"href":"https:\/\/www.claresco-cosmetic.de\/kosmetik-shop\/wp-json\/wp\/v2\/product_cat?post=987478227"},{"taxonomy":"product_tag","embeddable":true,"href":"https:\/\/www.claresco-cosmetic.de\/kosmetik-shop\/wp-json\/wp\/v2\/product_tag?post=987478227"}],"curies":[{"name":"wp","href":"https:\/\/api.w.org\/{rel}","templated":true}]}}