{"id":987478667,"date":"2023-02-28T13:10:27","date_gmt":"2023-02-28T12:10:27","guid":{"rendered":"https:\/\/www.claresco-cosmetic.de\/kosmetik-shop\/?post_type=product&#038;p=987478667"},"modified":"2025-07-26T20:52:11","modified_gmt":"2025-07-26T18:52:11","slug":"hydropure-tinted-serum-2-light","status":"publish","type":"product","link":"https:\/\/www.claresco-cosmetic.de\/kosmetik-shop\/produkt\/hydropure-tinted-serum-2-light\/","title":{"rendered":"HydroPure Tinted Serum 2 &#8211; Light"},"content":{"rendered":"<p>Das HydroPure Tinted Serum von jane iredale ist der perfekte Mix aus Make-up und Hautpflege &#8211; mit intensiv feuchtigkeitsspendenden Hautpflegestoffen und leichter, nat\u00fcrlicher Deckkraft.<\/p>\n<p>Das get\u00f6nte Serum mit 2% Hyalurons\u00e4ure bietet langanhaltende Pflege und versorgt die Haut intensiv mit Feuchtigkeit. Dieser Allesk\u00f6nner polstert die Haut auf, beruhigt, mildert F\u00e4ltchen und sorgt f\u00fcr einen ebenm\u00e4\u00dfigen Teint.<\/p>\n<p>Die schmeichelnden Farbt\u00f6ne bieten eine zarte Abdeckung und ein nat\u00fcrliches, leichtes Finish f\u00fcr Hautt\u00f6ne von hell bis dunkel. Einfach allein auf die Haut oder auch unter die Foundation auftragen, und ein frisches, gepflegtes Aussehen ist garantiert!<\/p>\n<h5>Power-Inhaltsstoffe f\u00fcr die Hautpflege<\/h5>\n<p>Formuliert ist das HydroPure Tinted Serum mit extrem hydratisierenden Power-Wirkstoffen und n\u00e4hrenden Pflanzenextrakten.<\/p>\n<p>Hyalurons\u00e4ure spendet intensiv Feuchtigkeit und sorgt sofort f\u00fcr einen gl\u00e4ttenden und straffenden Effekt.<\/p>\n<p>CoQ10 ist ein leistungsstarkes Antioxidans, das bei der Reduzierung von oxidativem Stress hilft, die Widerstandskraft der Haut gegen freie Radikale unterst\u00fctzt und das Auftreten von feinen Linien und F\u00e4ltchen vermindert.<\/p>\n<p>Oliven-Squalan verhindert den transepidermalen Wasserverlust und hindert Reizstoffe aus der Umwelt daran, in die Haut einzudringen. Ergebnis ist eine verbesserte Feuchtigkeitsversorgung der Haut.<\/p>\n<p>Allantoin, ein aus Pflanzen gewonnener Schutz und Feuchtigkeitsspender f\u00fcr die Haut, gl\u00e4ttet und beruhigt empfindliche, ger\u00f6tete und gereizte Haut.<\/p>\n<h5>Technologisch fortschrittliches Make-up<\/h5>\n<p>Verkapselte Liposomen und der intelligente Airless-Spender liefern ein leistungsstarkes Make-up bis zum letzten Pumpsto\u00df &#8211; keine Verschwendung, lange Haltbarkeit!<\/p>\n<p>Durch die K\u00f6rpertemperatur werden die verkapselten Liposomen aufgespalten, um ihre aktiven Wirkstoffe \u00fcber einen l\u00e4ngeren Zeitraum freizusetzen und so ihre volle Wirkung entfalten zu k\u00f6nnen. Modernste Technologie sorgt daf\u00fcr, dass sich die aktiven Inhaltsstoffe besonders lange halten.<\/p>\n<h5><\/h5>\n<h5>Die Vorteile im \u00dcberblick:<\/h5>\n<ul>\n<li>Geschmeidig und cremig in der Anwendung.<\/li>\n<li>Spendet intensive Feuchtigkeit f\u00fcr eine frisch aussehende Haut.<\/li>\n<li>Kreiert einen ebenm\u00e4\u00dfigen Hautton mit leichter Deckkraft.<\/li>\n<li>Sorgt f\u00fcr ein frisches, aufgepolstertes Aussehen der Haut.<\/li>\n<li>Reduziert das Erscheinungsbild von Poren und feinen Linien.<\/li>\n<li>Hyalurons\u00e4ure hydratisiert nachhaltig und sorgt f\u00fcr einen gl\u00e4ttenden und straffenden Effekt.<\/li>\n<li>CoQ10 unterst\u00fctzt die Haut dabei, freie Radikale zu bek\u00e4mpfen.<\/li>\n<li>Oliven-Squalan bewahrt die Feuchtigkeit in der Haut, indem es den transepidermalen Wasserverlust verhindert.<\/li>\n<li>Allantoin ist ein pflanzlicher Schutz zur Beruhigung von ger\u00f6teter und gereizter Haut.<\/li>\n<\/ul>\n<h5>Inhalt:<\/h5>\n<p>30ml<\/p>\n<h5>Inhaltsstoffe:<\/h5>\n<p>Water\/Eau\/Aqua, Glycerin, Agar, Dipropylene Glycol, Alcohol Denatured, Stearic Acid, Sodium Hyaluronate, Glyceryl Polymethacrylate, Aloe Vera Barbadensis Leaf Juice, Calendula Officinalis Flower Oil, Raphanus Sativus (Radish) Root Extract, Avena Sativa (Oat) Kernel Extract, Hyaluronic Acid, Camellia Sinensis Leaf Extract, Cetyl Ethylhexanoate, Glyceryl Acrylate\/Acrylic Acid Copolymer, Tromethamine, 1,2 Hexanediol, Polysorbate 60, Glyceryl Stearate, Caprylic\/Capric Triglyceride, Boron Nitride, Butyrospermum Parkii (Shea) Butter, Squalane, Beeswax, Sorbitan Olivate, Magnesium Aluminum Silicate, Ethylhexylglycerin, Allantoin, Salix Nigra (Willow) Bark Extract, Chondrus Crispus (Carrageenan) Extract, Magnesium Ascorbyl Phosphate (Vitamin C), Ubiquinone (Coenzyme Q10), Disodium EDTA, Tocopheryl Acetate, Algae Extract. [+\/-] Mica, Titanium Dioxide (CI 77891), Iron Oxide (CI 77491), Iron Oxide (CI 77492), Iron Oxide (CI 77489), Iron Oxide (CI 77499), Chromium Oxide Green (CI 77288).<\/p>\n","protected":false},"excerpt":{"rendered":"<p>Das HydroPure Tinted Serum von jane iredale ist ein fl\u00fcssiges Make up. Der perfekte Mix aus Make-up und Hautpflege &#8211; mit intensiv feuchtigkeitsspendenden Hautpflegestoffen und leichter, nat\u00fcrlicher Deckkraft.<\/p>\n","protected":false},"featured_media":987478657,"comment_status":"open","ping_status":"closed","template":"","meta":{"_et_pb_use_builder":"off","_et_pb_old_content":"<strong>Anwendungsgebiete: <\/strong>\r\n\r\nAls Gesichtspackung wird masque verwendet bei allen Hautarten zur Straffung und Versch\u00f6nerung des Hautbildes.\r\nZur kurfristigen Therapie bei d\u00fcnner, empfindlicher Haut mit oberfl\u00e4chlichen Entz\u00fcndungen.\r\n\r\n<strong>Wirkungsweise:<\/strong>\r\n\r\nMasque erh\u00f6ht mit Hilfe der Lipacide RH (Lipoaminos\u00e4uren) die F\u00e4higkeit der Epidermis, den zullul\u00e4ren Wassergehalt stabil zu halten. Die Haut wird sichtbar straffer und elastischer. Lipacide RH wirkt gleichzeitig vorbeugend gegen bakterielle Entz\u00fcndungen.\r\n\r\n<strong>Anwendung<\/strong>:\r\n\r\nQuantit\u00e4t und Art der Anwendung sind nach dem individuellen und aktuellen Zustand der Haut festzulegen.\r\n\r\n<strong>Gegenanzeigen:<\/strong>\r\n\r\nDas Produkt sollte bei bekannter Campher-Unvertr\u00e4glichkeit nicht angewendet werden.\r\n\r\n\u00a0","_et_gb_content_width":""},"product_brand":[474],"product_cat":[367,220,129,83,86],"product_tag":[173,120,134],"class_list":{"0":"post-987478667","1":"product","2":"type-product","3":"status-publish","4":"has-post-thumbnail","6":"product_brand-jane-iredale","7":"product_cat-fluessiges-make-up-serum","8":"product_cat-mu-gesicht","9":"product_cat-mineralmakeup-gesicht","10":"product_cat-jane-iredale","11":"product_cat-make-up","12":"product_tag-make-up","13":"product_tag-serum","14":"product_tag-teint","16":"first","17":"onbackorder","18":"taxable","19":"shipping-taxable","20":"purchasable","21":"product-type-simple"},"booking_location":null,"booking_location_type":null,"booking_duration":null,"booking_duration_unit":null,"booking_buffer":null,"booking_cost":null,"booking_resources":null,"exclude_global_add_ons":[],"addons":[],"_links":{"self":[{"href":"https:\/\/www.claresco-cosmetic.de\/kosmetik-shop\/wp-json\/wp\/v2\/product\/987478667","targetHints":{"allow":["GET"]}}],"collection":[{"href":"https:\/\/www.claresco-cosmetic.de\/kosmetik-shop\/wp-json\/wp\/v2\/product"}],"about":[{"href":"https:\/\/www.claresco-cosmetic.de\/kosmetik-shop\/wp-json\/wp\/v2\/types\/product"}],"replies":[{"embeddable":true,"href":"https:\/\/www.claresco-cosmetic.de\/kosmetik-shop\/wp-json\/wp\/v2\/comments?post=987478667"}],"wp:featuredmedia":[{"embeddable":true,"href":"https:\/\/www.claresco-cosmetic.de\/kosmetik-shop\/wp-json\/wp\/v2\/media\/987478657"}],"wp:attachment":[{"href":"https:\/\/www.claresco-cosmetic.de\/kosmetik-shop\/wp-json\/wp\/v2\/media?parent=987478667"}],"wp:term":[{"taxonomy":"product_brand","embeddable":true,"href":"https:\/\/www.claresco-cosmetic.de\/kosmetik-shop\/wp-json\/wp\/v2\/product_brand?post=987478667"},{"taxonomy":"product_cat","embeddable":true,"href":"https:\/\/www.claresco-cosmetic.de\/kosmetik-shop\/wp-json\/wp\/v2\/product_cat?post=987478667"},{"taxonomy":"product_tag","embeddable":true,"href":"https:\/\/www.claresco-cosmetic.de\/kosmetik-shop\/wp-json\/wp\/v2\/product_tag?post=987478667"}],"curies":[{"name":"wp","href":"https:\/\/api.w.org\/{rel}","templated":true}]}}