{"id":987478676,"date":"2023-03-01T11:18:58","date_gmt":"2023-03-01T10:18:58","guid":{"rendered":"https:\/\/www.claresco-cosmetic.de\/kosmetik-shop\/?post_type=product&#038;p=987478676"},"modified":"2026-04-11T19:42:52","modified_gmt":"2026-04-11T17:42:52","slug":"lacto-vegetabil-balance","status":"publish","type":"product","link":"https:\/\/www.claresco-cosmetic.de\/kosmetik-shop\/produkt\/lacto-vegetabil-balance\/","title":{"rendered":"Lacto-vegetabil Balance"},"content":{"rendered":"<p>Die Produkte der Serie lacto-vegetabil bestehen aus Grund- und Wirkstoffen aus dem Pflanzenreich und aus der Milch. Diese milden Produkte haben hervorragende Pflegeeigenschaften, die f\u00fcr eine naturgem\u00e4\u00dfe Pflege au\u00dferhalb der regulativen Therapie entwickelt wurden.<\/p>\n<p>&nbsp;<\/p>\n<h5>Wirkungsweise:<\/h5>\n<ul>\n<li>Lacto-vegetabil Balance ist eine leichte Nachtcreme<\/li>\n<li>reguliert das nat\u00fcrliche Gleichgewicht der Haut w\u00e4hrend ihrer Regenerationsphase.<\/li>\n<li>unterst\u00fctzt durch spezielle Fette und Calcium-D-Panthotenat die Barrierefunktion der Hornschicht<\/li>\n<li>Vitamin E und C wirken gegen freie Radikale<\/li>\n<\/ul>\n<p>&nbsp;<\/p>\n<h5>TIPP:<\/h5>\n<p>Abends nach der Gesichtsreinigung auf die noch feuchte Haut auftragen.<\/p>\n","protected":false},"excerpt":{"rendered":"<p>Eine leicht Nachtcreme die das nat\u00fcrliche Gleichgewicht w\u00e4hrend der Regenerationsphase reguliert.<\/p>\n","protected":false},"featured_media":987478673,"comment_status":"open","ping_status":"closed","template":"","meta":{"_et_pb_use_builder":"off","_et_pb_old_content":"<strong>Wirkungsweise:<\/strong>\r\n\r\nDie Emulsion der sch\u00fctzenden Tagescreme ist so aufgebaut, dass sie auf der Haut einen m\u00f6glichst lange anhaltenden Schutzfilm bildet und die Wasserverdunstung reguliert.\r\n\r\n<strong>\r\nAnwendung:<\/strong>\r\n\r\nphase3 sollte nach dem Rat der Kosmetikerin angewendet werden. Sie eignet sich hervorragend als Unterlage f\u00fcr das Make up. Die wasserspeichernde Wirkung kann durch die Anwendung der Hydroluron Ampullen verst\u00e4rkt werden.\r\n\r\n<strong>\r\nGegenanzeigen:<\/strong>\r\n\r\nDas Produkt sollte bei bakteriellen Erkrankungen der Haut nicht angewendet werden.","_et_gb_content_width":""},"product_brand":[472],"product_cat":[372,84,210,96,43,93],"product_tag":[66,321,67,63],"class_list":{"0":"post-987478676","1":"product","2":"type-product","3":"status-publish","4":"has-post-thumbnail","6":"product_brand-rosel-heim","7":"product_cat-alle-rosel-heim-produkte","8":"product_cat-gesicht","9":"product_cat-gesichtspflege","10":"product_cat-rh-lacto-vegetabil","11":"product_cat-rosel-heim","12":"product_cat-rh-tagesschutz","13":"product_tag-gesichtscreme","14":"product_tag-naturkosmetik","15":"product_tag-tagescreme","16":"product_tag-tagesschutz","17":"pa_inhalt-50ml","18":"pa_packform-tube","20":"first","21":"instock","22":"taxable","23":"shipping-taxable","24":"purchasable","25":"product-type-variable","26":"has-default-attributes"},"booking_location":null,"booking_location_type":null,"booking_duration":null,"booking_duration_unit":null,"booking_buffer":null,"booking_cost":null,"booking_resources":null,"exclude_global_add_ons":[],"addons":[],"_links":{"self":[{"href":"https:\/\/www.claresco-cosmetic.de\/kosmetik-shop\/wp-json\/wp\/v2\/product\/987478676","targetHints":{"allow":["GET"]}}],"collection":[{"href":"https:\/\/www.claresco-cosmetic.de\/kosmetik-shop\/wp-json\/wp\/v2\/product"}],"about":[{"href":"https:\/\/www.claresco-cosmetic.de\/kosmetik-shop\/wp-json\/wp\/v2\/types\/product"}],"replies":[{"embeddable":true,"href":"https:\/\/www.claresco-cosmetic.de\/kosmetik-shop\/wp-json\/wp\/v2\/comments?post=987478676"}],"wp:featuredmedia":[{"embeddable":true,"href":"https:\/\/www.claresco-cosmetic.de\/kosmetik-shop\/wp-json\/wp\/v2\/media\/987478673"}],"wp:attachment":[{"href":"https:\/\/www.claresco-cosmetic.de\/kosmetik-shop\/wp-json\/wp\/v2\/media?parent=987478676"}],"wp:term":[{"taxonomy":"product_brand","embeddable":true,"href":"https:\/\/www.claresco-cosmetic.de\/kosmetik-shop\/wp-json\/wp\/v2\/product_brand?post=987478676"},{"taxonomy":"product_cat","embeddable":true,"href":"https:\/\/www.claresco-cosmetic.de\/kosmetik-shop\/wp-json\/wp\/v2\/product_cat?post=987478676"},{"taxonomy":"product_tag","embeddable":true,"href":"https:\/\/www.claresco-cosmetic.de\/kosmetik-shop\/wp-json\/wp\/v2\/product_tag?post=987478676"}],"curies":[{"name":"wp","href":"https:\/\/api.w.org\/{rel}","templated":true}]}}