{"id":987478683,"date":"2023-03-01T12:22:23","date_gmt":"2023-03-01T11:22:23","guid":{"rendered":"https:\/\/www.claresco-cosmetic.de\/kosmetik-shop\/?post_type=product&#038;p=987478683"},"modified":"2026-04-15T13:09:53","modified_gmt":"2026-04-15T11:09:53","slug":"winter-koerpercreme","status":"publish","type":"product","link":"https:\/\/www.claresco-cosmetic.de\/kosmetik-shop\/produkt\/winter-koerpercreme\/","title":{"rendered":"K\u00f6rpercreme Winter"},"content":{"rendered":"<p>Die Winterk\u00f6rpercreme ist reichhaltiger als die normale K\u00f6rpercreme. Zus\u00e4tzlich bildet Hyalurons\u00e4ure einen Wasserspeicher auf der Haut, der besonders bei trockener Umgebung (z.B. Heizungsluft) ben\u00f6tigt wird. Mineralien aus dem Meer versorgen die Haut mit zus\u00e4tzlichen Mikro-N\u00e4hrstoffen.<\/p>\n<p>&nbsp;<\/p>\n<h5>Anwendungsgebiet:<\/h5>\n<p>Bei d\u00fcnner, trockener, strapazierter und sensibler Haut. (Kann im ganzen Jahr verwendet werden)<\/p>\n<p>&nbsp;<\/p>\n<h5>Wirkungsweise:<\/h5>\n<p>Squalan\u00f6l aus pflanzlichem Ursprung verst\u00e4rkt die Hautbarriere und verhindert \u00fcberm\u00e4\u00dfigen Feuchtigkeitsverlust. Squalan\u00f6l wird von der Haut vollst\u00e4ndig aufgenommen und verarbeitet. Hyalurons\u00e4ure bildet einen Wasserspeicher (hydro sponges) auf der Haut und Mineralien aus dem Meer versorgen die Haut mit wertvollen Mikro-N\u00e4hrstoffen, die die Eigenregeneration unterst\u00fctzen.<\/p>\n<p>&nbsp;<\/p>\n<h5>Anwendung:<\/h5>\n<p>Nach dem Duschen oder Baden in die feuchte Haut auftragen und leicht einmassieren.<\/p>\n<p>&nbsp;<\/p>\n<h5>Gegenanzeigen:<\/h5>\n<p>Nicht bekannt.<\/p>\n","protected":false},"excerpt":{"rendered":"<p>Reichhaltiger als die normale K\u00f6rpercreme. Kann bei d\u00fcnner, strapazierter und empfindlicher Haut im ganzen Jahr verwendet werden.<\/p>\n","protected":false},"featured_media":987486174,"comment_status":"open","ping_status":"closed","template":"","meta":{"_et_pb_use_builder":"off","_et_pb_old_content":"<strong>Anwendungsgebiete:<\/strong>\r\n\r\nAls K\u00f6rper\u00f6l zur Hautpflege und bei sehr empfindlicher Haut kann Squalan\u00f6l auch zur Reinigung der Haut verwendet werden.\r\n\r\n<strong>Wirkungsweise:<\/strong>\r\n\r\nSqualan\u00f6l ist ein hochwirksames hautidentisches \u00d6l, das von der Haut vollst\u00e4ndig verwertet wird. Es entspricht dem \u00f6ligen Anteil der nat\u00fcrlichen Hautlipide.\r\n\r\n<span style=\"font-weight: bold\">Anwendung:<\/span>\r\n\r\nSqualan\u00f6l sollte auf Grund der hochwirksamen Inhaltsstoffe immer verd\u00fcnnt auf die Haut gebracht werden. Wenige Tropfen ins Badewasser oder auf einen nassen Waschhandschuh reichen aus, um die hautpflegende Wirkung zu erreichen..","_et_gb_content_width":""},"product_brand":[472],"product_cat":[372,95,85,213,43],"product_tag":[203,56,202,364],"class_list":{"0":"post-987478683","1":"product","2":"type-product","3":"status-publish","4":"has-post-thumbnail","6":"product_brand-rosel-heim","7":"product_cat-alle-rosel-heim-produkte","8":"product_cat-rh-body-line","9":"product_cat-koerper","10":"product_cat-koerperpflege","11":"product_cat-rosel-heim","12":"product_tag-bodylotion","13":"product_tag-creme","14":"product_tag-koerper","15":"product_tag-koerpercreme","17":"first","18":"instock","19":"taxable","20":"shipping-taxable","21":"purchasable","22":"product-type-simple"},"booking_location":null,"booking_location_type":null,"booking_duration":null,"booking_duration_unit":null,"booking_buffer":null,"booking_cost":null,"booking_resources":null,"exclude_global_add_ons":[],"addons":[],"_links":{"self":[{"href":"https:\/\/www.claresco-cosmetic.de\/kosmetik-shop\/wp-json\/wp\/v2\/product\/987478683","targetHints":{"allow":["GET"]}}],"collection":[{"href":"https:\/\/www.claresco-cosmetic.de\/kosmetik-shop\/wp-json\/wp\/v2\/product"}],"about":[{"href":"https:\/\/www.claresco-cosmetic.de\/kosmetik-shop\/wp-json\/wp\/v2\/types\/product"}],"replies":[{"embeddable":true,"href":"https:\/\/www.claresco-cosmetic.de\/kosmetik-shop\/wp-json\/wp\/v2\/comments?post=987478683"}],"wp:featuredmedia":[{"embeddable":true,"href":"https:\/\/www.claresco-cosmetic.de\/kosmetik-shop\/wp-json\/wp\/v2\/media\/987486174"}],"wp:attachment":[{"href":"https:\/\/www.claresco-cosmetic.de\/kosmetik-shop\/wp-json\/wp\/v2\/media?parent=987478683"}],"wp:term":[{"taxonomy":"product_brand","embeddable":true,"href":"https:\/\/www.claresco-cosmetic.de\/kosmetik-shop\/wp-json\/wp\/v2\/product_brand?post=987478683"},{"taxonomy":"product_cat","embeddable":true,"href":"https:\/\/www.claresco-cosmetic.de\/kosmetik-shop\/wp-json\/wp\/v2\/product_cat?post=987478683"},{"taxonomy":"product_tag","embeddable":true,"href":"https:\/\/www.claresco-cosmetic.de\/kosmetik-shop\/wp-json\/wp\/v2\/product_tag?post=987478683"}],"curies":[{"name":"wp","href":"https:\/\/api.w.org\/{rel}","templated":true}]}}