{"id":987478843,"date":"2023-03-05T20:18:06","date_gmt":"2023-03-05T19:18:06","guid":{"rendered":"https:\/\/www.claresco-cosmetic.de\/kosmetik-shop\/?post_type=product&#038;p=987478843"},"modified":"2025-07-26T20:52:07","modified_gmt":"2025-07-26T18:52:07","slug":"beyond-matte-liquid-foundation-m3","status":"publish","type":"product","link":"https:\/\/www.claresco-cosmetic.de\/kosmetik-shop\/produkt\/beyond-matte-liquid-foundation-m3\/","title":{"rendered":"Beyond Matte Liquid Foundation M3"},"content":{"rendered":"<p>Jane Iredale stellt die erste Clean Foundation vor, die drei synergetisch wirkende, einzigartige Peptide enth\u00e4lt, um ein glattes, halbmattes Finish f\u00fcr die Haut zu erzielen. Beyond Matte Liquid Foundation ist ein Multitasker &#8211; Primer, Concealer und Foundation in einem. Die Farbe passt sich perfekt dem Farbton der Haut an. Zu verdanken ist das einem geradezu magischen Inhaltsstoff mit dem schwierigen Namen Triethoxycaprylylsilan. Die langlebige Rezeptur der Foundation f\u00fchlt sich sehr seidig an und deckt wunderbar ab. Kein Aufwand, kein Glanz! Um sicher zu gehen, dass jeder seinen passenden Farbton findet, ist die Foundation auf dem deutschen Markt in 13 verschiedenen Farbt\u00f6nen erh\u00e4ltlich. Das Produkt ist vegan und wurde ohne Tierversuche hergestellt.<\/p>\n<p>&nbsp;<\/p>\n<h5>Empfohlener Pinsel:<\/h5>\n<p>Blending\/Contouring Brush<\/p>\n<p>&nbsp;<\/p>\n<h5>Vorteile:<\/h5>\n<ul>\n<li>3-in-1 Primer, Concealer, Foundation (keine Grundierung notwendig).<\/li>\n<li>Leicht und langanhaltend.<\/li>\n<li>Leichte bis hohe Deckkraft.<\/li>\n<li>Mattierendes Finish.<\/li>\n<li>Reduziert Hautglanz und sorgt f\u00fcr einen glatten, gleichm\u00e4\u00dfigen Teint.<\/li>\n<li>Geeignet f\u00fcr alle Hauttypen.<\/li>\n<li>Enth\u00e4lt eine patentierte Formel aus Sellerie- und Leinsamen. Die Extrakte wirken in Synergie, um das Erscheinungsbild von Poren zu minimieren und einen ungleichm\u00e4\u00dfigen Teint auszugleichen.<\/li>\n<li>Jojoba-Samen\u00f6l spendet intensiv Feuchtigkeit.<\/li>\n<li>Frei von synthetischen Konservierungsmitteln, synthetischen Duftstoffen, Talkum, GMO, Nanopartikeln und tierischen Produkten.<\/li>\n<li>Nicht komedogen, hypoallergen, sensibilisiert, klinisch getestet, Hautarzt und Allergie getestet, auf Schwermetalle getestet.<\/li>\n<\/ul>\n<p>&nbsp;<\/p>\n<h5>Verpackung:<\/h5>\n<p>Eine recycelbare Glasflasche mit einem leicht zu dosierenden Pumpspender. Die \u00e4u\u00dfere Verpackung besteht aus nachhaltigem, recycelbarem Karton.<\/p>\n<p>&nbsp;<\/p>\n<h5>Inhalt:<\/h5>\n<p>27ml<\/p>\n<p>&nbsp;<\/p>\n<h5>Inhaltsstoffe:<\/h5>\n<p>Wasser, Octyldodecylneopentanoat, Isononylisononanoat, Titandioxid (CI 77891), PEG-10 Dimethicon, Glycerin, Stearins\u00e4ure, PEG\/PPG-18\/18 Dimethicon, Capryl\/Capric Triglycerid, Sorbitantrioleat, Apium Graveolens (Sellerie) Samenextrakt, Linum Usitatissimum (Leinsaat) Samenextrakt, Lonicera Caprifolium (Gei\u00dfblatt) Bl\u00fctenauszug (und) Lonicera Japonica (Gei\u00dfblatt) Bl\u00fctenauszug, Caprylic\/Capric Triglycerid, Stearoxymethicone\/Dimethicon Copolymer, Triethoxycaprylylsilan, Natrium Chlorid, Tamarindus Indica (Tamarind) Extrakt, Tocopherol, [+\/- (kann enthalten) Eisenoxide (CI 77489, CI 77491, CI 77492, CI 77499), Chromoxidgr\u00fcn (CI 77288)].<\/p>\n<p>&nbsp;<\/p>\n","protected":false},"excerpt":{"rendered":"<p>Beyond Matte Liquid Foundation ist ein Multitasker &#8211; Primer, Concealer und Foundation in einem. Die Farbe passt sich perfekt dem Farbton der Haut an. Geeignet f\u00fcr alle Hauttypen.<\/p>\n","protected":false},"featured_media":987478815,"comment_status":"open","ping_status":"closed","template":"","meta":{"_et_pb_use_builder":"off","_et_pb_old_content":"<strong>Anwendungsgebiete: <\/strong>\r\n\r\nAls Gesichtspackung wird masque verwendet bei allen Hautarten zur Straffung und Versch\u00f6nerung des Hautbildes.\r\nZur kurfristigen Therapie bei d\u00fcnner, empfindlicher Haut mit oberfl\u00e4chlichen Entz\u00fcndungen.\r\n\r\n<strong>Wirkungsweise:<\/strong>\r\n\r\nMasque erh\u00f6ht mit Hilfe der Lipacide RH (Lipoaminos\u00e4uren) die F\u00e4higkeit der Epidermis, den zullul\u00e4ren Wassergehalt stabil zu halten. Die Haut wird sichtbar straffer und elastischer. Lipacide RH wirkt gleichzeitig vorbeugend gegen bakterielle Entz\u00fcndungen.\r\n\r\n<strong>Anwendung<\/strong>:\r\n\r\nQuantit\u00e4t und Art der Anwendung sind nach dem individuellen und aktuellen Zustand der Haut festzulegen.\r\n\r\n<strong>Gegenanzeigen:<\/strong>\r\n\r\nDas Produkt sollte bei bekannter Campher-Unvertr\u00e4glichkeit nicht angewendet werden.\r\n\r\n\u00a0","_et_gb_content_width":""},"product_brand":[474],"product_cat":[373,220,129,83,86],"product_tag":[374,371,134],"class_list":{"0":"post-987478843","1":"product","2":"type-product","3":"status-publish","4":"has-post-thumbnail","6":"product_brand-jane-iredale","7":"product_cat-beyond-matte-liquid-foundation","8":"product_cat-mu-gesicht","9":"product_cat-mineralmakeup-gesicht","10":"product_cat-jane-iredale","11":"product_cat-make-up","12":"product_tag-foundation","13":"product_tag-mineral-make-up","14":"product_tag-teint","16":"first","17":"onbackorder","18":"taxable","19":"shipping-taxable","20":"purchasable","21":"product-type-simple"},"booking_location":null,"booking_location_type":null,"booking_duration":null,"booking_duration_unit":null,"booking_buffer":null,"booking_cost":null,"booking_resources":null,"exclude_global_add_ons":[],"addons":[],"_links":{"self":[{"href":"https:\/\/www.claresco-cosmetic.de\/kosmetik-shop\/wp-json\/wp\/v2\/product\/987478843","targetHints":{"allow":["GET"]}}],"collection":[{"href":"https:\/\/www.claresco-cosmetic.de\/kosmetik-shop\/wp-json\/wp\/v2\/product"}],"about":[{"href":"https:\/\/www.claresco-cosmetic.de\/kosmetik-shop\/wp-json\/wp\/v2\/types\/product"}],"replies":[{"embeddable":true,"href":"https:\/\/www.claresco-cosmetic.de\/kosmetik-shop\/wp-json\/wp\/v2\/comments?post=987478843"}],"wp:featuredmedia":[{"embeddable":true,"href":"https:\/\/www.claresco-cosmetic.de\/kosmetik-shop\/wp-json\/wp\/v2\/media\/987478815"}],"wp:attachment":[{"href":"https:\/\/www.claresco-cosmetic.de\/kosmetik-shop\/wp-json\/wp\/v2\/media?parent=987478843"}],"wp:term":[{"taxonomy":"product_brand","embeddable":true,"href":"https:\/\/www.claresco-cosmetic.de\/kosmetik-shop\/wp-json\/wp\/v2\/product_brand?post=987478843"},{"taxonomy":"product_cat","embeddable":true,"href":"https:\/\/www.claresco-cosmetic.de\/kosmetik-shop\/wp-json\/wp\/v2\/product_cat?post=987478843"},{"taxonomy":"product_tag","embeddable":true,"href":"https:\/\/www.claresco-cosmetic.de\/kosmetik-shop\/wp-json\/wp\/v2\/product_tag?post=987478843"}],"curies":[{"name":"wp","href":"https:\/\/api.w.org\/{rel}","templated":true}]}}