{"id":987479008,"date":"2023-03-13T11:43:37","date_gmt":"2023-03-13T10:43:37","guid":{"rendered":"https:\/\/www.claresco-cosmetic.de\/kosmetik-shop\/?post_type=product&#038;p=987479008"},"modified":"2025-07-26T20:52:06","modified_gmt":"2025-07-26T18:52:06","slug":"glowtime-bronzer-stick-scorch","status":"publish","type":"product","link":"https:\/\/www.claresco-cosmetic.de\/kosmetik-shop\/produkt\/glowtime-bronzer-stick-scorch\/","title":{"rendered":"Glow Time Bronzer Stick &#8211; Scorch"},"content":{"rendered":"<p>Die Glow Time Bronzer Sticks von jane iredale zaubern mit ihrer cremigen, feuchtigkeitsspendenden Textur und ihren schmeichelnden Farbnuancen einen tollen Glow auf jedes Gesicht!<\/p>\n<p>Die Sticks sind echte Multitasker: Sie verleihen den Wangen ein strahlendes Finish und pflegen sie gleichzeitig intensiv durch die enthaltenen nat\u00fcrlichen Inhaltsstoffe und hautverbessernden Pflanzenstoffe. Jojoba-Samen\u00f6l spendet zus\u00e4tzlich reichlich Feuchtigkeit und sorgt so f\u00fcr eine jugendlich glatte Haut.<\/p>\n<p>Die unterschiedlichen Farbnuancen der Sticks k\u00f6nnen spielend leicht intensiviert und verblendet werden, was durch das enthaltene, vegane Ceresin-Wachs vollkommen streifenfrei und nat\u00fcrlich gelingt. Der perfekte Allrounder f\u00fcr unterwegs!<\/p>\n<p>&nbsp;<\/p>\n<p>&nbsp;<\/p>\n<h5>Make-up-Tipp:<\/h5>\n<p>Auf Wangen, Stirn, Nase und Kiefer auftragen und mit dem Blending\/Contouring Brush oder den Fingern verblenden.<\/p>\n<p>&nbsp;<\/p>\n<p>&nbsp;<\/p>\n<h5>Eigenschaften und Vorteile im \u00dcberblick:<\/h5>\n<ul>\n<li>Farbton Scorch: Kupferbronze (kein Schimmer).<\/li>\n<li>Schnelle &amp; einfache Anwendung \u2013 kein Verschmieren.<\/li>\n<li>Kann verwendet werden, um einen nat\u00fcrlichen, sonnengek\u00fcssten Look zu kreieren.<\/li>\n<li>Kann f\u00fcr Konturen verwendet werden, um Symmetrie und Definition zu schaffen.<\/li>\n<li>Aufbaubare und verblendbare Deckkraft.<\/li>\n<li>Ideal f\u00fcr unterwegs oder zum Auffrischen.<\/li>\n<li>Spendet Feuchtigkeit, gl\u00e4ttet und beruhigt mit Jojoba-Samen\u00f6l.<\/li>\n<li>Die cremige Formel ist leicht zu verblenden und sorgt f\u00fcr einen streifenfreien, nat\u00fcrlichen Auftrag.<\/li>\n<li>Veganes Ceresin-Wachs schafft eine stabilere Rezepturbasis (im Vergleich zu Bienenwachs) aufgrund eines h\u00f6heren Schmelzpunktes. Das Ergebnis ist eine bessere Verteilbarkeit und weniger Bruch.<\/li>\n<li>Das Produkt ist weizenfrei.<\/li>\n<\/ul>\n<p>&nbsp;<\/p>\n<h5>Inhalt:<\/h5>\n<p>7,5g<\/p>\n<p>&nbsp;<\/p>\n<h5>Inhaltsstoffe:<\/h5>\n<p>Caprylic\/Capricv Triglyceride, Ceresin, Ethylhexyl Stearate, Octyldodecanol, Silica, Polybutene, Disteardimonium Hectorite, Propylene Carbonate, Triethoxycaprylylsilane, Simmondsia Chinensis (Jojoba) Seed Oil. [+\/- Iron Oxides (CI 77491, CI 77492, CI 77499), Titanium Dioxide (CI 77891).<\/p>\n","protected":false},"excerpt":{"rendered":"<p>Mit den Glow Time Bronzer in wunderbar matten Braunt\u00f6nen f\u00e4llt Ihnen Contouring besonders leicht!<\/p>\n<p>Die cremige Textur schmiegt sich Ihrer Haut sanft an, l\u00e4sst sich optimal ausblenden und sorgt so f\u00fcr einen lebendigen, nat\u00fcrlichen Look! Nat\u00fcrliche Wirkstoffe pflegen Ihre Haut und spenden Feuchtigkeit.<\/p>\n","protected":false},"featured_media":987478960,"comment_status":"open","ping_status":"closed","template":"","meta":{"_et_pb_use_builder":"off","_et_pb_old_content":"<strong>Anwendungsgebiete: <\/strong>\r\n\r\nAls Gesichtspackung wird masque verwendet bei allen Hautarten zur Straffung und Versch\u00f6nerung des Hautbildes.\r\nZur kurfristigen Therapie bei d\u00fcnner, empfindlicher Haut mit oberfl\u00e4chlichen Entz\u00fcndungen.\r\n\r\n<strong>Wirkungsweise:<\/strong>\r\n\r\nMasque erh\u00f6ht mit Hilfe der Lipacide RH (Lipoaminos\u00e4uren) die F\u00e4higkeit der Epidermis, den zullul\u00e4ren Wassergehalt stabil zu halten. Die Haut wird sichtbar straffer und elastischer. Lipacide RH wirkt gleichzeitig vorbeugend gegen bakterielle Entz\u00fcndungen.\r\n\r\n<strong>Anwendung<\/strong>:\r\n\r\nQuantit\u00e4t und Art der Anwendung sind nach dem individuellen und aktuellen Zustand der Haut festzulegen.\r\n\r\n<strong>Gegenanzeigen:<\/strong>\r\n\r\nDas Produkt sollte bei bekannter Campher-Unvertr\u00e4glichkeit nicht angewendet werden.\r\n\r\n\u00a0","_et_gb_content_width":""},"product_brand":[474],"product_cat":[435,220,129,113,375,83,86,177],"product_tag":[175,331,377,134],"class_list":{"0":"post-987479008","1":"product","2":"type-product","3":"status-publish","4":"has-post-thumbnail","6":"product_brand-jane-iredale","7":"product_cat-bronzer","8":"product_cat-mu-gesicht","9":"product_cat-mineralmakeup-gesicht","10":"product_cat-glow","11":"product_cat-glow-time-sticks","12":"product_cat-jane-iredale","13":"product_cat-make-up","14":"product_cat-wangen","15":"product_tag-blush","16":"product_tag-bronzer","17":"product_tag-contouring","18":"product_tag-teint","20":"first","21":"onbackorder","22":"taxable","23":"shipping-taxable","24":"purchasable","25":"product-type-simple"},"booking_location":null,"booking_location_type":null,"booking_duration":null,"booking_duration_unit":null,"booking_buffer":null,"booking_cost":null,"booking_resources":null,"exclude_global_add_ons":[],"addons":[],"_links":{"self":[{"href":"https:\/\/www.claresco-cosmetic.de\/kosmetik-shop\/wp-json\/wp\/v2\/product\/987479008","targetHints":{"allow":["GET"]}}],"collection":[{"href":"https:\/\/www.claresco-cosmetic.de\/kosmetik-shop\/wp-json\/wp\/v2\/product"}],"about":[{"href":"https:\/\/www.claresco-cosmetic.de\/kosmetik-shop\/wp-json\/wp\/v2\/types\/product"}],"replies":[{"embeddable":true,"href":"https:\/\/www.claresco-cosmetic.de\/kosmetik-shop\/wp-json\/wp\/v2\/comments?post=987479008"}],"wp:featuredmedia":[{"embeddable":true,"href":"https:\/\/www.claresco-cosmetic.de\/kosmetik-shop\/wp-json\/wp\/v2\/media\/987478960"}],"wp:attachment":[{"href":"https:\/\/www.claresco-cosmetic.de\/kosmetik-shop\/wp-json\/wp\/v2\/media?parent=987479008"}],"wp:term":[{"taxonomy":"product_brand","embeddable":true,"href":"https:\/\/www.claresco-cosmetic.de\/kosmetik-shop\/wp-json\/wp\/v2\/product_brand?post=987479008"},{"taxonomy":"product_cat","embeddable":true,"href":"https:\/\/www.claresco-cosmetic.de\/kosmetik-shop\/wp-json\/wp\/v2\/product_cat?post=987479008"},{"taxonomy":"product_tag","embeddable":true,"href":"https:\/\/www.claresco-cosmetic.de\/kosmetik-shop\/wp-json\/wp\/v2\/product_tag?post=987479008"}],"curies":[{"name":"wp","href":"https:\/\/api.w.org\/{rel}","templated":true}]}}