{"id":987479032,"date":"2023-03-14T13:52:42","date_gmt":"2023-03-14T12:52:42","guid":{"rendered":"https:\/\/www.claresco-cosmetic.de\/kosmetik-shop\/?post_type=product&#038;p=987479032"},"modified":"2025-01-13T14:28:21","modified_gmt":"2025-01-13T13:28:21","slug":"haarentfernung-im-gesicht","status":"publish","type":"product","link":"https:\/\/www.claresco-cosmetic.de\/kosmetik-shop\/produkt\/haarentfernung-im-gesicht\/","title":{"rendered":"Haarentfernung im Gesicht"},"content":{"rendered":"<p>W\u00e4hlen Sie Ihren Bereich der Haarentfernung. Sie k\u00f6nnen w\u00e4hlen zwischen einem Bereich, wie zum Beispiel Oberlippe, Kinn oder Hals, oder zwei Bereichen wie zum Beispiel Oberlippe und Kinn. Auch das komplette Gesicht zur Enthaarung steht f\u00fcr Sie zur Auswahl.<\/p>\n<p>Unsere Techniken sind:<\/p>\n<ul>\n<li>Fadentechnik (nur bei Hami)<\/li>\n<li>Waxing mit dem<\/li>\n<\/ul>\n<p>Die Technik wird je nach Wunsch und Vertr\u00e4glichkeit vor Ort festgelegt.<\/p>\n<p>Dauer der Behandlung je nach Auswahl 15min bis 20min.<\/p>\n","protected":false},"excerpt":{"rendered":"<p>Partielle Haarentfernung von Oberlippe, Kinn oder Hals oder das komplette Gesicht.<\/p>\n","protected":false},"featured_media":0,"comment_status":"open","ping_status":"closed","template":"","meta":{"_et_pb_use_builder":"off","_et_pb_old_content":"<strong>Dieser Service beinhaltet:<\/strong>\r\n<ul>\r\n \t<li>\u00dcbergang bestehender Nagelmodellage feilen<\/li>\r\n \t<li>in Form feilen<\/li>\r\n \t<li>Nagelhaut entfernen<\/li>\r\n \t<li>Gel\u00fcberzug \/ Rebalancierung in Frenchoptik oder mit Glitzer\u00fcberzug<\/li>\r\n \t<li>Hand & Nagelpflege<\/li>\r\n<\/ul>","_et_gb_content_width":""},"product_brand":[],"product_cat":[81,452],"product_tag":[],"class_list":{"0":"post-987479032","1":"product","2":"type-product","3":"status-publish","5":"product_cat-termine","6":"product_cat-termine-haarentfernung","8":"first","9":"instock","10":"virtual","11":"sold-individually","12":"taxable","13":"purchasable","14":"product-type-booking"},"booking_location":"","booking_location_type":"","booking_duration":15,"booking_duration_unit":"minute","booking_buffer":0,"booking_cost":15,"booking_resources":[987471010,987471011],"exclude_global_add_ons":false,"addons":[{"name":"Bereich","type":"checkbox","position":0,"required":true,"title_format":"hide","default":"","description_enable":true,"description":"Bitte ausw\u00e4hlen","placeholder_enable":false,"placeholder":"","display":"select","restrictions_type":"any_text","adjust_price":false,"price":"","price_type":"flat_fee","restrictions":false,"min":"0","max":"0","options":[{"label":"1 Bereich z.B. Oberlippe, Kinn oder Hals","price":"","price_type":"flat_fee","image":0,"visibility":true},{"label":"2 Bereiche z.B. Oberlippe + Kinn","price":"15.00","price_type":"flat_fee","image":0,"visibility":true},{"label":"Komplettes Gesicht","price":"17.00","price_type":"flat_fee","image":0,"visibility":true}],"id":1706183988}],"_links":{"self":[{"href":"https:\/\/www.claresco-cosmetic.de\/kosmetik-shop\/wp-json\/wp\/v2\/product\/987479032","targetHints":{"allow":["GET"]}}],"collection":[{"href":"https:\/\/www.claresco-cosmetic.de\/kosmetik-shop\/wp-json\/wp\/v2\/product"}],"about":[{"href":"https:\/\/www.claresco-cosmetic.de\/kosmetik-shop\/wp-json\/wp\/v2\/types\/product"}],"replies":[{"embeddable":true,"href":"https:\/\/www.claresco-cosmetic.de\/kosmetik-shop\/wp-json\/wp\/v2\/comments?post=987479032"}],"wp:attachment":[{"href":"https:\/\/www.claresco-cosmetic.de\/kosmetik-shop\/wp-json\/wp\/v2\/media?parent=987479032"}],"wp:term":[{"taxonomy":"product_brand","embeddable":true,"href":"https:\/\/www.claresco-cosmetic.de\/kosmetik-shop\/wp-json\/wp\/v2\/product_brand?post=987479032"},{"taxonomy":"product_cat","embeddable":true,"href":"https:\/\/www.claresco-cosmetic.de\/kosmetik-shop\/wp-json\/wp\/v2\/product_cat?post=987479032"},{"taxonomy":"product_tag","embeddable":true,"href":"https:\/\/www.claresco-cosmetic.de\/kosmetik-shop\/wp-json\/wp\/v2\/product_tag?post=987479032"}],"curies":[{"name":"wp","href":"https:\/\/api.w.org\/{rel}","templated":true}]}}