{"id":987479072,"date":"2023-03-17T13:39:06","date_gmt":"2023-03-17T12:39:06","guid":{"rendered":"https:\/\/www.claresco-cosmetic.de\/kosmetik-shop\/?post_type=product&#038;p=987479072"},"modified":"2026-04-20T12:16:51","modified_gmt":"2026-04-20T10:16:51","slug":"multivalent-make-up","status":"publish","type":"product","link":"https:\/\/www.claresco-cosmetic.de\/kosmetik-shop\/produkt\/multivalent-make-up\/","title":{"rendered":"Multivalent Make-up"},"content":{"rendered":"<p>Das Mulitvalent Make-up ist ein besonders hautsch\u00fctzendes und pflegendes Make-up. Es kann trocken oder feucht aufgetragen werden je nach dem wie stark die deckende Wirkung gew\u00fcnscht wird. Hyalurons\u00e4ure sorgt f\u00fcr eine feuchtigkeitsspeichernde Wirkung. Die Farben sind mineralischen Ursprungs und Eisenoxide und damit v\u00f6llig unbedenklich.<\/p>\n<p>Aufgrund der lichtreflektierenden Pigmente bildet es einen nat\u00fcrlichen Lichtschutz.<\/p>\n<p>&nbsp;<\/p>\n<h5>Anwendung:<\/h5>\n<p>Multivalent make-up wird nach dem Auftragen der Tagescreme feucht mit einem feuchten Wattebausch oder trocken aufgetragen. Das beigef\u00fcgte Schw\u00e4mmchen sollte nach Gebrauch immer gr\u00fcndlich ausgewaschen werden.<\/p>\n<p>&nbsp;<\/p>\n","protected":false},"excerpt":{"rendered":"<p>Ein besonders pflegendes und hautsch\u00fctzendes Mineral-Make-up in 5 Farben.<\/p>\n","protected":false},"featured_media":987479077,"comment_status":"open","ping_status":"closed","template":"","meta":{"_et_pb_use_builder":"off","_et_pb_old_content":"<strong>Anwendungsgebiete: <\/strong>\r\n\r\nAls Gesichtspackung wird masque verwendet bei allen Hautarten zur Straffung und Versch\u00f6nerung des Hautbildes.\r\nZur kurfristigen Therapie bei d\u00fcnner, empfindlicher Haut mit oberfl\u00e4chlichen Entz\u00fcndungen.\r\n\r\n<strong>Wirkungsweise:<\/strong>\r\n\r\nMasque erh\u00f6ht mit Hilfe der Lipacide RH (Lipoaminos\u00e4uren) die F\u00e4higkeit der Epidermis, den zullul\u00e4ren Wassergehalt stabil zu halten. Die Haut wird sichtbar straffer und elastischer. Lipacide RH wirkt gleichzeitig vorbeugend gegen bakterielle Entz\u00fcndungen.\r\n\r\n<strong>Anwendung<\/strong>:\r\n\r\nQuantit\u00e4t und Art der Anwendung sind nach dem individuellen und aktuellen Zustand der Haut festzulegen.\r\n\r\n<strong>Gegenanzeigen:<\/strong>\r\n\r\nDas Produkt sollte bei bekannter Campher-Unvertr\u00e4glichkeit nicht angewendet werden.\r\n\r\n\u00a0","_et_gb_content_width":""},"product_brand":[472],"product_cat":[372,97,84,220,86,43],"product_tag":[64,124,196],"class_list":{"0":"post-987479072","1":"product","2":"type-product","3":"status-publish","4":"has-post-thumbnail","6":"product_brand-rosel-heim","7":"product_cat-alle-rosel-heim-produkte","8":"product_cat-rh-dekorativ","9":"product_cat-gesicht","10":"product_cat-mu-gesicht","11":"product_cat-make-up","12":"product_cat-rosel-heim","13":"product_tag-hautschutz","14":"product_tag-lippen","15":"product_tag-lippenpflege","17":"first","18":"instock","19":"taxable","20":"shipping-taxable","21":"purchasable","22":"product-type-variable"},"booking_location":null,"booking_location_type":null,"booking_duration":null,"booking_duration_unit":null,"booking_buffer":null,"booking_cost":null,"booking_resources":null,"exclude_global_add_ons":[],"addons":[],"_links":{"self":[{"href":"https:\/\/www.claresco-cosmetic.de\/kosmetik-shop\/wp-json\/wp\/v2\/product\/987479072","targetHints":{"allow":["GET"]}}],"collection":[{"href":"https:\/\/www.claresco-cosmetic.de\/kosmetik-shop\/wp-json\/wp\/v2\/product"}],"about":[{"href":"https:\/\/www.claresco-cosmetic.de\/kosmetik-shop\/wp-json\/wp\/v2\/types\/product"}],"replies":[{"embeddable":true,"href":"https:\/\/www.claresco-cosmetic.de\/kosmetik-shop\/wp-json\/wp\/v2\/comments?post=987479072"}],"wp:featuredmedia":[{"embeddable":true,"href":"https:\/\/www.claresco-cosmetic.de\/kosmetik-shop\/wp-json\/wp\/v2\/media\/987479077"}],"wp:attachment":[{"href":"https:\/\/www.claresco-cosmetic.de\/kosmetik-shop\/wp-json\/wp\/v2\/media?parent=987479072"}],"wp:term":[{"taxonomy":"product_brand","embeddable":true,"href":"https:\/\/www.claresco-cosmetic.de\/kosmetik-shop\/wp-json\/wp\/v2\/product_brand?post=987479072"},{"taxonomy":"product_cat","embeddable":true,"href":"https:\/\/www.claresco-cosmetic.de\/kosmetik-shop\/wp-json\/wp\/v2\/product_cat?post=987479072"},{"taxonomy":"product_tag","embeddable":true,"href":"https:\/\/www.claresco-cosmetic.de\/kosmetik-shop\/wp-json\/wp\/v2\/product_tag?post=987479072"}],"curies":[{"name":"wp","href":"https:\/\/api.w.org\/{rel}","templated":true}]}}