{"id":987479749,"date":"2023-06-21T11:39:51","date_gmt":"2023-06-21T09:39:51","guid":{"rendered":"https:\/\/www.claresco-cosmetic.de\/kosmetik-shop\/?post_type=product&#038;p=987479749"},"modified":"2026-01-17T18:14:47","modified_gmt":"2026-01-17T17:14:47","slug":"winter-duschlotion","status":"publish","type":"product","link":"https:\/\/www.claresco-cosmetic.de\/kosmetik-shop\/produkt\/winter-duschlotion\/","title":{"rendered":"Duschlotion Winter"},"content":{"rendered":"<h5>Anwendungsgebiet:<\/h5>\n<p>Zur Reinigung der Haut. Unterst\u00fctzt den nat\u00fcrlichen Abl\u00f6seprozess der Hornschichtpartikel. L(+) Milchs\u00e4ure wirkt der \u00fcberm\u00e4\u00dfigen Verhornung der Talgdr\u00fcsenausg\u00e4nge entgegen.<\/p>\n<p>&nbsp;<\/p>\n<h5>Wirkungsweise:<\/h5>\n<p>Die Winter Duschlotion imitiert und unterst\u00fctzt die nat\u00fcrlichen Reinigungsmechanismen der Haut. Die hauteigenen Schutz- und Abwehrfunktionen werden dadurch nicht gest\u00f6rt. Die Emulsion nimmt fett- und wasserl\u00f6sliche Staub- und Schmutzpartikel auf. L(+) Milchs\u00e4ure in physiologischer Konzentration l\u00f6st schonend Hornpartikel ohne dabei gesundes Gewebe anzugreifen. Gleichzeitig wird die nat\u00fcrliche Abwehrfunktion unseres hauteigenen Mikrobioms unterst\u00fctzt.<\/p>\n<p>Pathogene Keime (Krankheitserreger, Fremdbakterien) werden abgewehrt. Die Hautoberfl\u00e4che wird gegl\u00e4ttet und gleichzeitig wird die Haut widerstandsf\u00e4higer gegen Umwelteinfl\u00fcsse. L(+) Milchs\u00e4ure macht kalkhaltiges Leitungswasser unsch\u00e4dlich f\u00fcr die Haut \u2013 Kalkseifen k\u00f6nnen nicht entstehen bzw. werden aufgel\u00f6st.<\/p>\n<p>Die Winter Duschlotion ist damit ein ideales Reinigungsmittel &#8211; auch f\u00fcr die empfindlichste Haut und zur Intimpflege. Sie bietet einen besonderen Schutz und verhindert ein Austrocknen der Haut.<\/p>\n<p>&nbsp;<\/p>\n<h5>Anwendung:<\/h5>\n<p>Auf die nasse Haut auftragen, leicht einsch\u00e4umen und mit reichlich Wasser abduschen.<br \/>\nDieses Produkt sollte nicht in Kontakt mit den Augen kommen und somit nicht zum Entfernen von Augen-Make-up verwendet werden. Wir empfehlen hierf\u00fcr das reine Squalan\u00f6l!<\/p>\n<p>&nbsp;<\/p>\n<h5>Gegenanzeigen:<\/h5>\n<p>Keine bekannt<\/p>\n","protected":false},"excerpt":{"rendered":"<p>Milde Reinigung mit Milchs\u00e4ure, verhindert ein unn\u00f6tiges Austrocknen der Haut.<\/p>\n<p>&nbsp;<\/p>\n<ul>\n<li>Die Winter Duschlotion ist noch schonender als die normale Duschlotion<\/li>\n<li>Enth\u00e4lt eine gr\u00f6\u00dfere Fettphase<\/li>\n<li>F\u00fcr besonders empfindliche und d\u00fcnne Haut geeignet<\/li>\n<li>Die Winter Duschlotion ist das ganze Jahr verf\u00fcgbar<\/li>\n<\/ul>\n","protected":false},"featured_media":987479752,"comment_status":"open","ping_status":"closed","template":"","meta":{"_et_pb_use_builder":"off","_et_pb_old_content":"<strong>Anwendungsgebiete:<\/strong>\r\n\r\nAls K\u00f6rper\u00f6l zur Hautpflege und bei sehr empfindlicher Haut kann Squalan\u00f6l auch zur Reinigung der Haut verwendet werden.\r\n\r\n<strong>Wirkungsweise:<\/strong>\r\n\r\nSqualan\u00f6l ist ein hochwirksames hautidentisches \u00d6l, das von der Haut vollst\u00e4ndig verwertet wird. Es entspricht dem \u00f6ligen Anteil der nat\u00fcrlichen Hautlipide.\r\n\r\n<span style=\"font-weight: bold\">Anwendung:<\/span>\r\n\r\nSqualan\u00f6l sollte auf Grund der hochwirksamen Inhaltsstoffe immer verd\u00fcnnt auf die Haut gebracht werden. Wenige Tropfen ins Badewasser oder auf einen nassen Waschhandschuh reichen aus, um die hautpflegende Wirkung zu erreichen..","_et_gb_content_width":""},"product_brand":[472],"product_cat":[372,95,85,212,89,43],"product_tag":[195,400,202,402,401],"class_list":{"0":"post-987479749","1":"product","2":"type-product","3":"status-publish","4":"has-post-thumbnail","6":"product_brand-rosel-heim","7":"product_cat-alle-rosel-heim-produkte","8":"product_cat-rh-body-line","9":"product_cat-koerper","10":"product_cat-reinigung","11":"product_cat-rh-reinigung","12":"product_cat-rosel-heim","13":"product_tag-duschgel","14":"product_tag-duschlotion","15":"product_tag-koerper","16":"product_tag-koerperreinigung","17":"product_tag-winter-duschlotion","18":"pa_inhalt-100ml","19":"pa_packform-airless-spender","21":"first","22":"instock","23":"taxable","24":"shipping-taxable","25":"purchasable","26":"product-type-simple"},"booking_location":null,"booking_location_type":null,"booking_duration":null,"booking_duration_unit":null,"booking_buffer":null,"booking_cost":null,"booking_resources":null,"exclude_global_add_ons":[],"addons":[],"_links":{"self":[{"href":"https:\/\/www.claresco-cosmetic.de\/kosmetik-shop\/wp-json\/wp\/v2\/product\/987479749","targetHints":{"allow":["GET"]}}],"collection":[{"href":"https:\/\/www.claresco-cosmetic.de\/kosmetik-shop\/wp-json\/wp\/v2\/product"}],"about":[{"href":"https:\/\/www.claresco-cosmetic.de\/kosmetik-shop\/wp-json\/wp\/v2\/types\/product"}],"replies":[{"embeddable":true,"href":"https:\/\/www.claresco-cosmetic.de\/kosmetik-shop\/wp-json\/wp\/v2\/comments?post=987479749"}],"wp:featuredmedia":[{"embeddable":true,"href":"https:\/\/www.claresco-cosmetic.de\/kosmetik-shop\/wp-json\/wp\/v2\/media\/987479752"}],"wp:attachment":[{"href":"https:\/\/www.claresco-cosmetic.de\/kosmetik-shop\/wp-json\/wp\/v2\/media?parent=987479749"}],"wp:term":[{"taxonomy":"product_brand","embeddable":true,"href":"https:\/\/www.claresco-cosmetic.de\/kosmetik-shop\/wp-json\/wp\/v2\/product_brand?post=987479749"},{"taxonomy":"product_cat","embeddable":true,"href":"https:\/\/www.claresco-cosmetic.de\/kosmetik-shop\/wp-json\/wp\/v2\/product_cat?post=987479749"},{"taxonomy":"product_tag","embeddable":true,"href":"https:\/\/www.claresco-cosmetic.de\/kosmetik-shop\/wp-json\/wp\/v2\/product_tag?post=987479749"}],"curies":[{"name":"wp","href":"https:\/\/api.w.org\/{rel}","templated":true}]}}