{"id":987479758,"date":"2023-06-23T13:56:26","date_gmt":"2023-06-23T11:56:26","guid":{"rendered":"https:\/\/www.claresco-cosmetic.de\/kosmetik-shop\/?post_type=product&#038;p=987479758"},"modified":"2025-12-19T17:49:41","modified_gmt":"2025-12-19T16:49:41","slug":"sommer-duschlotion","status":"publish","type":"product","link":"https:\/\/www.claresco-cosmetic.de\/kosmetik-shop\/produkt\/sommer-duschlotion\/","title":{"rendered":"Duschlotion Sommer"},"content":{"rendered":"<p>Abzuwaschende O\/W Emulsion mit L(+) Milchs\u00e4ure, mit einer besonders wertvollen mediterranen Parf\u00fcmierung.<\/p>\n<p>&nbsp;<\/p>\n<p><span style=\"color: #333333; font-size: 16px;\">Anwendungsgebiet:<\/span><\/p>\n<p>Zur Reinigung der Haut. Unterst\u00fctzt den nat\u00fcrlichen Abl\u00f6seprozess der Hornschichtpartikel. L(+) Milchs\u00e4ure wirkt der \u00fcberm\u00e4\u00dfigen Verhornung der Talgdr\u00fcsenausg\u00e4nge entgegen.<\/p>\n<p>&nbsp;<\/p>\n<h5>Wirkungsweise:<\/h5>\n<p>Die Sommer Duschlotion imitiert und unterst\u00fctzt die nat\u00fcrlichen Reinigungsmechanismen der Haut. Die hauteigenen Schutz- und Abwehrfunktionen werden dadurch nicht gest\u00f6rt. Die Emulsion nimmt fett- und wasserl\u00f6sliche Staub und Schmutzpartikel auf. L(+) Milchs\u00e4ure in physiologischer Konzentration l\u00f6st schonend Hornpartikel ohne dabei gesundes Gewebe anzugreifen. Gleichzeitig wird die nat\u00fcrliche Abwehrfunktion unseres hauteigenen Mikrobioms unterst\u00fctzt.<\/p>\n<p>Die besonders wertvolle mediterrane Parf\u00fcmierung hat eine balsamische Grundnote aus Feigenholz und Zedernholz. Diese wird erg\u00e4nzt durch die Herznote aus Feige und Jasmin. Die Kopfnote erfrischt durch den Duft von mediterranen Agrumen.<\/p>\n<p>&nbsp;<\/p>\n<h5>Anwendung:<\/h5>\n<p>Die Sommer Duschlotion auf die nasse Haut auftragen, nach kurzem Einwirken mit viel Wasser abwaschen. Kalkhaltiges Wasser wird durch die Wirkung der L+Milchs\u00e4ure neutralisiert, die Bildung von Kalkseifen verhindert.<br \/>\nDieses Produkt sollte nicht in Kontakt mit den Augen kommen und somit nicht zum Entfernen von Augen-Make-up verwendet werden. Wir empfehlen hierf\u00fcr das reine Squalan\u00f6l!<\/p>\n<p>&nbsp;<\/p>\n<h5>Gegenanzeigen:<\/h5>\n<p>Nicht bekannt.<br \/>\nDieses Produkt sollte nicht in Kontakt mit den Augen kommen und somit nicht zum Entfernen von Augen-Make-up verwendet werden. Wir empfehlen hierf\u00fcr das reine Squalan\u00f6l!<\/p>\n","protected":false},"excerpt":{"rendered":"<p>Eine milde Sommer Duschlotion mit (L+) Milchs\u00e4ure und einer besonders wertvollen mediterranen Parf\u00fcmierung.<\/p>\n<p>&nbsp;<\/p>\n","protected":false},"featured_media":987479760,"comment_status":"open","ping_status":"closed","template":"","meta":{"_et_pb_use_builder":"off","_et_pb_old_content":"<strong>Anwendungsgebiete:<\/strong>\r\n\r\nAls K\u00f6rper\u00f6l zur Hautpflege und bei sehr empfindlicher Haut kann Squalan\u00f6l auch zur Reinigung der Haut verwendet werden.\r\n\r\n<strong>Wirkungsweise:<\/strong>\r\n\r\nSqualan\u00f6l ist ein hochwirksames hautidentisches \u00d6l, das von der Haut vollst\u00e4ndig verwertet wird. Es entspricht dem \u00f6ligen Anteil der nat\u00fcrlichen Hautlipide.\r\n\r\n<span style=\"font-weight: bold\">Anwendung:<\/span>\r\n\r\nSqualan\u00f6l sollte auf Grund der hochwirksamen Inhaltsstoffe immer verd\u00fcnnt auf die Haut gebracht werden. Wenige Tropfen ins Badewasser oder auf einen nassen Waschhandschuh reichen aus, um die hautpflegende Wirkung zu erreichen..","_et_gb_content_width":""},"product_brand":[472],"product_cat":[372,95,85,212,89,43],"product_tag":[195,400,202,402,403],"class_list":{"0":"post-987479758","1":"product","2":"type-product","3":"status-publish","4":"has-post-thumbnail","6":"product_brand-rosel-heim","7":"product_cat-alle-rosel-heim-produkte","8":"product_cat-rh-body-line","9":"product_cat-koerper","10":"product_cat-reinigung","11":"product_cat-rh-reinigung","12":"product_cat-rosel-heim","13":"product_tag-duschgel","14":"product_tag-duschlotion","15":"product_tag-koerper","16":"product_tag-koerperreinigung","17":"product_tag-sommer-duschlotion","18":"pa_inhalt-100ml","19":"pa_packform-airless-spender","21":"first","22":"instock","23":"taxable","24":"shipping-taxable","25":"purchasable","26":"product-type-simple"},"booking_location":null,"booking_location_type":null,"booking_duration":null,"booking_duration_unit":null,"booking_buffer":null,"booking_cost":null,"booking_resources":null,"exclude_global_add_ons":[],"addons":[],"_links":{"self":[{"href":"https:\/\/www.claresco-cosmetic.de\/kosmetik-shop\/wp-json\/wp\/v2\/product\/987479758","targetHints":{"allow":["GET"]}}],"collection":[{"href":"https:\/\/www.claresco-cosmetic.de\/kosmetik-shop\/wp-json\/wp\/v2\/product"}],"about":[{"href":"https:\/\/www.claresco-cosmetic.de\/kosmetik-shop\/wp-json\/wp\/v2\/types\/product"}],"replies":[{"embeddable":true,"href":"https:\/\/www.claresco-cosmetic.de\/kosmetik-shop\/wp-json\/wp\/v2\/comments?post=987479758"}],"wp:featuredmedia":[{"embeddable":true,"href":"https:\/\/www.claresco-cosmetic.de\/kosmetik-shop\/wp-json\/wp\/v2\/media\/987479760"}],"wp:attachment":[{"href":"https:\/\/www.claresco-cosmetic.de\/kosmetik-shop\/wp-json\/wp\/v2\/media?parent=987479758"}],"wp:term":[{"taxonomy":"product_brand","embeddable":true,"href":"https:\/\/www.claresco-cosmetic.de\/kosmetik-shop\/wp-json\/wp\/v2\/product_brand?post=987479758"},{"taxonomy":"product_cat","embeddable":true,"href":"https:\/\/www.claresco-cosmetic.de\/kosmetik-shop\/wp-json\/wp\/v2\/product_cat?post=987479758"},{"taxonomy":"product_tag","embeddable":true,"href":"https:\/\/www.claresco-cosmetic.de\/kosmetik-shop\/wp-json\/wp\/v2\/product_tag?post=987479758"}],"curies":[{"name":"wp","href":"https:\/\/api.w.org\/{rel}","templated":true}]}}