{"id":987484318,"date":"2024-03-17T20:41:23","date_gmt":"2024-03-17T19:41:23","guid":{"rendered":"https:\/\/www.claresco-cosmetic.de\/kosmetik-shop\/?post_type=product&#038;p=987484318"},"modified":"2025-07-26T20:52:01","modified_gmt":"2025-07-26T18:52:01","slug":"blush-velvet-petal","status":"publish","type":"product","link":"https:\/\/www.claresco-cosmetic.de\/kosmetik-shop\/produkt\/blush-velvet-petal\/","title":{"rendered":"Blush Velvet Petal"},"content":{"rendered":"<p>&#8220;Ready to Bloom\u201c \u2013 so verhei\u00dfungsvoll klingt der Name der neuen Kollektion von jane iredale. Mit ihr feiert die Marke nicht nur den Fr\u00fchling, sondern auch ihr 30-j\u00e4hriges Bestehen.<\/p>\n<p>Die Jubil\u00e4ums-Kollektion von jane iredale ist eine Hommage an 30 Jahre Einsatz der Marke f\u00fcr die nat\u00fcrliche Sch\u00f6nheit. Mit ihren frischen, femininen Farben, die durch Janes eigenen Garten inspiriert wurden, setzen die beliebten Lidschatten, Blushes und der Just Kissed Lip Stain in trendigen Apricot-T\u00f6nen herrliche Impulse zum Fr\u00fchlingsbeginn.<\/p>\n<p>Jane iredale m\u00f6chte mit dieser Kollektion Begeisterung f\u00fcr die Zukunft des Skincare-Make-ups erzeugen, denn 30 Jahre sind erst der Anfang!<\/p>\n<p>&nbsp;<\/p>\n<h5>Funktionen und Vorteile:<\/h5>\n<ul>\n<li>Aschiger Pfirsich<\/li>\n<li>Ohne chemische Farbstoffe und reizende Inhaltsstoffe<\/li>\n<li>Formel enth\u00e4lt Mineralien und Antioxidationsmittel<\/li>\n<li>Schmeichelt mit frischer Wangenr\u00f6te<\/li>\n<li>Nicht komedogen<\/li>\n<\/ul>\n<p>&nbsp;<\/p>\n<h5>Empfohlener Pinsel:<\/h5>\n<p>Dome Brush<\/p>\n<p>&nbsp;<\/p>\n<h5>Beschreibung:<\/h5>\n<p>Ein Rouge auf Mineralienbasis, das Wangenknochen konturiert.<\/p>\n<p>&nbsp;<\/p>\n<h5>Wirkung:<\/h5>\n<p>Setzt farbliche Akzente auf den Wangen.<\/p>\n<p>&nbsp;<\/p>\n<h5>Inhalt:<\/h5>\n<p>3,2g<\/p>\n<p>&nbsp;<\/p>\n<h5>Inhaltsstoffe:<\/h5>\n<p>Aktiver Inhaltsstoff: Synthetic Fluorphlogopite. Weitere Inhaltsstoffe: Mica, Octyldodecyl Stearoyl Stearate, Butyrospermum Parkii (Shea) Butter, Caprylic\/Capric Triglyceride, Boron Nitride, Caprylyl Glycol, Zinc Stearate, Triethoxycaprylylsilane, Tin Oxide, Simmondsia Chinensis (Jojoba) Seed Oil, Punica Granatum Seed Oil, Pinus Strobus Bark Extract. [+\/-], Titanium Dioxide (CI 77891), Iron Oxides (CI 77491, CI 77492), Red 6 Lake (CI 15850), Red 7 Lake (CI 15850).<\/p>\n","protected":false},"excerpt":{"rendered":"<p>&#8220;Ready to Bloom\u201c \u2013 so verhei\u00dfungsvoll klingt der Name der neuen Kollektion von jane iredale. Mit ihr feiert die Marke nicht nur den Fr\u00fchling, sondern auch ihr 30-j\u00e4hriges Bestehen. Die Jubil\u00e4ums-Kollektion von jane iredale ist eine Hommage an 30 Jahre Einsatz der Marke f\u00fcr die nat\u00fcrliche Sch\u00f6nheit. Mit ihren frischen, femininen Farben, die durch Janes [&hellip;]<\/p>\n","protected":false},"featured_media":987484276,"comment_status":"open","ping_status":"closed","template":"","meta":{"_et_pb_use_builder":"off","_et_pb_old_content":"<strong>Anwendungsgebiete: <\/strong>\r\n\r\nAls Gesichtspackung wird masque verwendet bei allen Hautarten zur Straffung und Versch\u00f6nerung des Hautbildes.\r\nZur kurfristigen Therapie bei d\u00fcnner, empfindlicher Haut mit oberfl\u00e4chlichen Entz\u00fcndungen.\r\n\r\n<strong>Wirkungsweise:<\/strong>\r\n\r\nMasque erh\u00f6ht mit Hilfe der Lipacide RH (Lipoaminos\u00e4uren) die F\u00e4higkeit der Epidermis, den zullul\u00e4ren Wassergehalt stabil zu halten. Die Haut wird sichtbar straffer und elastischer. Lipacide RH wirkt gleichzeitig vorbeugend gegen bakterielle Entz\u00fcndungen.\r\n\r\n<strong>Anwendung<\/strong>:\r\n\r\nQuantit\u00e4t und Art der Anwendung sind nach dem individuellen und aktuellen Zustand der Haut festzulegen.\r\n\r\n<strong>Gegenanzeigen:<\/strong>\r\n\r\nDas Produkt sollte bei bekannter Campher-Unvertr\u00e4glichkeit nicht angewendet werden.\r\n\r\n\u00a0","_et_gb_content_width":""},"product_brand":[474],"product_cat":[101,223,129,220,83,86,438,434,177],"product_tag":[175,124,413,173,134],"class_list":{"0":"post-987484318","1":"product","2":"type-product","3":"status-publish","4":"has-post-thumbnail","6":"product_brand-jane-iredale","7":"product_cat-aktuelle-kollektion","8":"product_cat-mu-aktuelles","9":"product_cat-mineralmakeup-gesicht","10":"product_cat-mu-gesicht","11":"product_cat-jane-iredale","12":"product_cat-make-up","13":"product_cat-ready-to-bloom-kollektion","14":"product_cat-rouge","15":"product_cat-wangen","16":"product_tag-blush","17":"product_tag-lippen","18":"product_tag-lippenstift","19":"product_tag-make-up","20":"product_tag-teint","22":"first","23":"onbackorder","24":"taxable","25":"shipping-taxable","26":"purchasable","27":"product-type-simple"},"booking_location":null,"booking_location_type":null,"booking_duration":null,"booking_duration_unit":null,"booking_buffer":null,"booking_cost":null,"booking_resources":null,"exclude_global_add_ons":[],"addons":[],"_links":{"self":[{"href":"https:\/\/www.claresco-cosmetic.de\/kosmetik-shop\/wp-json\/wp\/v2\/product\/987484318","targetHints":{"allow":["GET"]}}],"collection":[{"href":"https:\/\/www.claresco-cosmetic.de\/kosmetik-shop\/wp-json\/wp\/v2\/product"}],"about":[{"href":"https:\/\/www.claresco-cosmetic.de\/kosmetik-shop\/wp-json\/wp\/v2\/types\/product"}],"replies":[{"embeddable":true,"href":"https:\/\/www.claresco-cosmetic.de\/kosmetik-shop\/wp-json\/wp\/v2\/comments?post=987484318"}],"wp:featuredmedia":[{"embeddable":true,"href":"https:\/\/www.claresco-cosmetic.de\/kosmetik-shop\/wp-json\/wp\/v2\/media\/987484276"}],"wp:attachment":[{"href":"https:\/\/www.claresco-cosmetic.de\/kosmetik-shop\/wp-json\/wp\/v2\/media?parent=987484318"}],"wp:term":[{"taxonomy":"product_brand","embeddable":true,"href":"https:\/\/www.claresco-cosmetic.de\/kosmetik-shop\/wp-json\/wp\/v2\/product_brand?post=987484318"},{"taxonomy":"product_cat","embeddable":true,"href":"https:\/\/www.claresco-cosmetic.de\/kosmetik-shop\/wp-json\/wp\/v2\/product_cat?post=987484318"},{"taxonomy":"product_tag","embeddable":true,"href":"https:\/\/www.claresco-cosmetic.de\/kosmetik-shop\/wp-json\/wp\/v2\/product_tag?post=987484318"}],"curies":[{"name":"wp","href":"https:\/\/api.w.org\/{rel}","templated":true}]}}