{"id":987484403,"date":"2024-03-21T14:12:26","date_gmt":"2024-03-21T13:12:26","guid":{"rendered":"https:\/\/www.claresco-cosmetic.de\/kosmetik-shop\/?post_type=product&#038;p=987484403"},"modified":"2025-07-26T20:52:01","modified_gmt":"2025-07-26T18:52:01","slug":"triple-eye-shadow-honeysuckle","status":"publish","type":"product","link":"https:\/\/www.claresco-cosmetic.de\/kosmetik-shop\/produkt\/triple-eye-shadow-honeysuckle\/","title":{"rendered":"Triple Eye Shadow &#8211; Honeysuckle"},"content":{"rendered":"<p>&#8220;Ready to Bloom\u201c \u2013 so verhei\u00dfungsvoll klingt der Name der neuen Kollektion von jane iredale. Mit ihr feiert die Marke nicht nur den Fr\u00fchling, sondern auch ihr 30-j\u00e4hriges Bestehen.<\/p>\n<p>Die Jubil\u00e4ums-Kollektion von jane iredale ist eine Hommage an 30 Jahre Einsatz der Marke f\u00fcr die nat\u00fcrliche Sch\u00f6nheit. Mit ihren frischen, femininen Farben, die durch Janes eigenen Garten inspiriert wurden, setzen die beliebten Lidschatten, Blushes und der Just Kissed Lip Stain in trendigen Apricot-T\u00f6nen herrliche Impulse zum Fr\u00fchlingsbeginn.<\/p>\n<p>Jane iredale m\u00f6chte mit dieser Kollektion Begeisterung f\u00fcr die Zukunft des Skincare-Make-ups erzeugen, denn 30 Jahre sind erst der Anfang!<\/p>\n<p>&nbsp;<\/p>\n<h5>Merkmale und Vorteile:<\/h5>\n<ul>\n<li>Metallic-Champagner mit einem sanft-matten Apricot und einem metallic-erdigen Braun<\/li>\n<li>Entworfen, um die Farbe und Form der Augen hervorzuheben<\/li>\n<li>Kann nass oder trocken verwendet werden<\/li>\n<li>Sanft und sicher f\u00fcr sensible Augen<\/li>\n<li>Hoch pigmentiert, br\u00f6ckelt nicht und h\u00e4lt lange an<\/li>\n<\/ul>\n<p>&nbsp;<\/p>\n<h5>Empfohlene Pinsel:<\/h5>\n<p>Crease Brush, Deluxe Shader Brush &amp; Smudge Brush<\/p>\n<p>&nbsp;<\/p>\n<h5>Beschreibung:<\/h5>\n<p>Gepresster Lidschatten auf Mineralienbasis<\/p>\n<p>&nbsp;<\/p>\n<h5>Wirkung:<\/h5>\n<ul>\n<li>Schafft einen lang anhaltenden Lidschatten, der nicht br\u00f6ckelt<\/li>\n<li>Kann auch zum Auff\u00fcllen der Brauen verwendet werden<\/li>\n<li>Kann als Rouge auf den Wangen aufgetragen werden<\/li>\n<li>Kann als Farbe auf den Lippen aufgetragen werden<\/li>\n<\/ul>\n<p>&nbsp;<\/p>\n<h5>Inhalt:<\/h5>\n<p>2,1g<\/p>\n<p>&nbsp;<\/p>\n<h5>Inhaltsstoffe:<\/h5>\n<p><em>Light (Metallic-Champagner):<\/em><\/p>\n<p>Synthetic Fluorphlogopite, Mica, Octyldodecyl Stearoyl Stearate, Zinc Stearate, Boron Nitride, Caprylic\/Capric Triglyceride, Butyrospermum Parkii (Shea) Butter, Caprylyl Glycol, Simmondsia Chinensis (Jojoba) Seed Oil, Punica Granatum Seed Oil, Tin Oxide, Pinus Strobus Bark Extract. [+\/-] Titanium Dioxide (CI 77891), Bismuth Oxychloride (CI 77163), Iron Oxides (CI 77491).<\/p>\n<p><em>Medium (Sanft-mattes Apricot):<\/em><\/p>\n<p>Synthetic Fluorphlogopite, Mica, Octyldodecyl Stearoyl Stearate, Zinc Stearate, Boron Nitride, Caprylic\/Capric Triglyceride, Butyrospermum Parkii (Shea) Butter, Triethoxycaprylylsilane, Caprylyl Glycol, Simmondsia Chinensis (Jojoba) Seed Oil, Punica Granatum Seed Oil, Tin Oxide. [+\/-] Titanium Dioxide (CI 77891), Iron Oxides (CI 77491, CI 77492, CI 77499), Ultramarines (CI 77007).<\/p>\n<p><em>Dark (Metallic-erdiges Braun):<\/em><\/p>\n<p>Synthetic Fluorphlogopite, Mica, Octyldodecyl Stearoyl Stearate, Zinc Stearate, Boron Nitride, Caprylic\/Capric Triglyceride, Butyrospermum Parkii (Shea) Butter, Triethoxycaprylylsilane, Caprylyl Glycol, Simmondsia Chinensis (Jojoba) Seed Oil, Punica Granatum Seed Oil, Tin Oxide. [+\/-] Titanium Dioxide (CI 77891), Iron Oxides (CI 77491, CI 77492, CI 77499), Ultramarines (CI 77007).<\/p>\n","protected":false},"excerpt":{"rendered":"<p>&#8220;Ready to Bloom\u201c \u2013 so verhei\u00dfungsvoll klingt der Name der neuen Kollektion von jane iredale. Mit ihr feiert die Marke nicht nur den Fr\u00fchling, sondern auch ihr 30-j\u00e4hriges Bestehen. Die Jubil\u00e4ums-Kollektion von jane iredale ist eine Hommage an 30 Jahre Einsatz der Marke f\u00fcr die nat\u00fcrliche Sch\u00f6nheit. Mit ihren frischen, femininen Farben, die durch Janes [&hellip;]<\/p>\n","protected":false},"featured_media":987484279,"comment_status":"open","ping_status":"closed","template":"","meta":{"_et_pb_use_builder":"off","_et_pb_old_content":"<strong>Anwendungsgebiete: <\/strong>\r\n\r\nAls Gesichtspackung wird masque verwendet bei allen Hautarten zur Straffung und Versch\u00f6nerung des Hautbildes.\r\nZur kurfristigen Therapie bei d\u00fcnner, empfindlicher Haut mit oberfl\u00e4chlichen Entz\u00fcndungen.\r\n\r\n<strong>Wirkungsweise:<\/strong>\r\n\r\nMasque erh\u00f6ht mit Hilfe der Lipacide RH (Lipoaminos\u00e4uren) die F\u00e4higkeit der Epidermis, den zullul\u00e4ren Wassergehalt stabil zu halten. Die Haut wird sichtbar straffer und elastischer. Lipacide RH wirkt gleichzeitig vorbeugend gegen bakterielle Entz\u00fcndungen.\r\n\r\n<strong>Anwendung<\/strong>:\r\n\r\nQuantit\u00e4t und Art der Anwendung sind nach dem individuellen und aktuellen Zustand der Haut festzulegen.\r\n\r\n<strong>Gegenanzeigen:<\/strong>\r\n\r\nDas Produkt sollte bei bekannter Campher-Unvertr\u00e4glichkeit nicht angewendet werden.\r\n\r\n\u00a0","_et_gb_content_width":""},"product_brand":[474],"product_cat":[101,221,130,129,83,86,438],"product_tag":[175,124,413,173,134],"class_list":{"0":"post-987484403","1":"product","2":"type-product","3":"status-publish","4":"has-post-thumbnail","6":"product_brand-jane-iredale","7":"product_cat-aktuelle-kollektion","8":"product_cat-mu-augen","9":"product_cat-mineralmakeup-augen","10":"product_cat-mineralmakeup-gesicht","11":"product_cat-jane-iredale","12":"product_cat-make-up","13":"product_cat-ready-to-bloom-kollektion","14":"product_tag-blush","15":"product_tag-lippen","16":"product_tag-lippenstift","17":"product_tag-make-up","18":"product_tag-teint","20":"first","21":"onbackorder","22":"taxable","23":"shipping-taxable","24":"purchasable","25":"product-type-simple"},"booking_location":null,"booking_location_type":null,"booking_duration":null,"booking_duration_unit":null,"booking_buffer":null,"booking_cost":null,"booking_resources":null,"exclude_global_add_ons":[],"addons":[],"_links":{"self":[{"href":"https:\/\/www.claresco-cosmetic.de\/kosmetik-shop\/wp-json\/wp\/v2\/product\/987484403","targetHints":{"allow":["GET"]}}],"collection":[{"href":"https:\/\/www.claresco-cosmetic.de\/kosmetik-shop\/wp-json\/wp\/v2\/product"}],"about":[{"href":"https:\/\/www.claresco-cosmetic.de\/kosmetik-shop\/wp-json\/wp\/v2\/types\/product"}],"replies":[{"embeddable":true,"href":"https:\/\/www.claresco-cosmetic.de\/kosmetik-shop\/wp-json\/wp\/v2\/comments?post=987484403"}],"wp:featuredmedia":[{"embeddable":true,"href":"https:\/\/www.claresco-cosmetic.de\/kosmetik-shop\/wp-json\/wp\/v2\/media\/987484279"}],"wp:attachment":[{"href":"https:\/\/www.claresco-cosmetic.de\/kosmetik-shop\/wp-json\/wp\/v2\/media?parent=987484403"}],"wp:term":[{"taxonomy":"product_brand","embeddable":true,"href":"https:\/\/www.claresco-cosmetic.de\/kosmetik-shop\/wp-json\/wp\/v2\/product_brand?post=987484403"},{"taxonomy":"product_cat","embeddable":true,"href":"https:\/\/www.claresco-cosmetic.de\/kosmetik-shop\/wp-json\/wp\/v2\/product_cat?post=987484403"},{"taxonomy":"product_tag","embeddable":true,"href":"https:\/\/www.claresco-cosmetic.de\/kosmetik-shop\/wp-json\/wp\/v2\/product_tag?post=987484403"}],"curies":[{"name":"wp","href":"https:\/\/api.w.org\/{rel}","templated":true}]}}