{"id":987485507,"date":"2024-06-02T11:31:20","date_gmt":"2024-06-02T09:31:20","guid":{"rendered":"https:\/\/www.claresco-cosmetic.de\/kosmetik-shop\/?post_type=product&#038;p=987485507"},"modified":"2025-07-26T20:52:00","modified_gmt":"2025-07-26T18:52:00","slug":"calming-lavender-hydration-spray-refill","status":"publish","type":"product","link":"https:\/\/www.claresco-cosmetic.de\/kosmetik-shop\/produkt\/calming-lavender-hydration-spray-refill\/","title":{"rendered":"Calming Lavender Hydration Spray Refill"},"content":{"rendered":"<p>Das Calming Lavender Hydration Spray tr\u00e4gt das EcoCert Siegel und wurde entsprechend zertifiziert!<\/p>\n<p>Der Refill ist die Nachf\u00fcllflasche f\u00fcr bereits vorhandene Sprayflaschen mit Zerst\u00e4uber.<\/p>\n<p>Das Calming Lavender Hydration Spray mit Kamille und Bio-Lavendel fixiert nicht nur das Make-up f\u00fcr ein langanhaltendes, glattes Finish, sondern beruhigt auch die Haut und entspannt den Geist. Die enthaltenen Kamillenbl\u00fcten- und Myramaze-Extrakte wirken lindernd und intensiv feuchtigkeitsspendend. Bespr\u00fchen Sie Ihre Gesichtshaut und Sie werden es sp\u00fcren!<\/p>\n<p>&nbsp;<\/p>\n<h5>Merkmale und Vorteile:<\/h5>\n<ul>\n<li>Fixiert das Make-up f\u00fcr ein langanhaltendes, ebenm\u00e4\u00dfiges Finish.<\/li>\n<\/ul>\n<ul>\n<li>Die Formulierung mit Myramaze-Extrakten spendet intensive Feuchtigkeit, lindert das Gef\u00fchl von Trockenheit, mildert R\u00f6tungen und reduziert sichtbar feine Linien und F\u00e4ltchen.<\/li>\n<\/ul>\n<ul>\n<li>Verbessert das Erscheinungsbild von matter, trockener Haut.<\/li>\n<\/ul>\n<ul>\n<li>Kamillenbl\u00fctenextrakt beruhigt die Haut und hilft, Juckreiz zu lindern.<\/li>\n<\/ul>\n<ul>\n<li>Lavendelextrakt wirkt aromatherapeutisch beruhigend und hilft, R\u00f6tungen sowie Entz\u00fcndungen zu lindern. Ideal f\u00fcr trockene Haut.<\/li>\n<\/ul>\n<p>&nbsp;<\/p>\n<h5>Hauptinhaltsstoffe:<\/h5>\n<p>Kamillenbl\u00fctenextrakt<\/p>\n<ul>\n<li style=\"list-style-type: none;\">\n<ul>\n<li>Beruhigend und lindernd.<\/li>\n<li>Hilft, Trockenheit, R\u00f6tungen und Juckreiz zu lindern.<\/li>\n<\/ul>\n<\/li>\n<\/ul>\n<p>Lavendelbl\u00fcten-\/Blatt-\/Stamm-Extrakt &amp; \u00d6l<\/p>\n<ul>\n<li style=\"list-style-type: none;\">\n<ul>\n<li>Beruhigt und hilft, R\u00f6tungen und Entz\u00fcndungen zu lindern.<\/li>\n<\/ul>\n<\/li>\n<\/ul>\n<p>Salbeibl\u00e4tter-Extrakt<\/p>\n<ul>\n<li style=\"list-style-type: none;\">\n<ul>\n<li>Hilft, den Talg zu kontrollieren.<\/li>\n<li>Reduziert das Erscheinungsbild von feinen Linien.<\/li>\n<\/ul>\n<\/li>\n<\/ul>\n<p>Myramaze Blatt-\/Stammextrakt<\/p>\n<ul>\n<li style=\"list-style-type: none;\">\n<ul>\n<li>Spendet Feuchtigkeit.<\/li>\n<li>Hilft, Trockenheit, R\u00f6tungen und Juckreiz zu lindern.<\/li>\n<li>Reduziert sichtbar das Erscheinungsbild stumpfer, trockener Haut.<\/li>\n<\/ul>\n<\/li>\n<\/ul>\n<p>&nbsp;<\/p>\n<h5>Inhalt:<\/h5>\n<p>0,281 Liter<\/p>\n<p>&nbsp;<\/p>\n<h5>Inhaltsstoffe:<\/h5>\n<p>Aqua\/Water\/Eau, Aloe Barbadensis Leaf Juice Powder*, Leuconostoc\/Radish Root Ferment Filtrate, Chamomilla Recutita (Matricaria) Flower Extract, Lavandula Angustifolia (Lavender) Flower\/Leaf Stem Extract, Salvia Officinalis (Sage) Leaf Extract, Propanediol, Myrothamnus Flabellifolia Extract, Ascorbic Acid, Citric Acid, Lavandula Hybrida Grosso (Lavender) Flower\/Leaf Stem Oil*. * Inhaltsstoff aus \u00f6kologischem Anbau. 100% der Inhaltsstoffe sind nat\u00fcrlichen Ursprungs. 3% aller Inhaltsstoffe sind aus \u00f6kologischem Anbau.<\/p>\n<p>&nbsp;<\/p>\n<h5>Was ist EcoCert?<\/h5>\n<p>EcoCert ist eine anerkannte und weltweit in h\u00f6chstem Ma\u00dfe respektierte, \u00f6kologische Zertifizierungsstelle. Es war das erste Zertifizierungsunternehmen, das einen Standard f\u00fcr &#8220;nat\u00fcrliche und \u00f6kologische Kosmetik&#8221; entwickelt hat. Die Mission dieses EcoCert Standards ist es sicherzustellen, dass ein Produkt mit diesem Siegel nat\u00fcrlich und \u00f6kologisch einwandfrei hergestellt wurde und diese Kriterien w\u00e4hrend des gesamten Produktlebenszyklus erf\u00fcllt.<\/p>\n","protected":false},"excerpt":{"rendered":"<p>Fixiert das Make-up f\u00fcr ein langanhaltendes, ebenm\u00e4\u00dfiges Finish, spendet Feuchtigkeit beruhigt die Haut und entspannt den Geist.<\/p>\n","protected":false},"featured_media":987485485,"comment_status":"open","ping_status":"closed","template":"","meta":{"_et_pb_use_builder":"off","_et_pb_old_content":"<strong>Anwendungsgebiete: <\/strong>\r\n\r\nAls Gesichtspackung wird masque verwendet bei allen Hautarten zur Straffung und Versch\u00f6nerung des Hautbildes.\r\nZur kurfristigen Therapie bei d\u00fcnner, empfindlicher Haut mit oberfl\u00e4chlichen Entz\u00fcndungen.\r\n\r\n<strong>Wirkungsweise:<\/strong>\r\n\r\nMasque erh\u00f6ht mit Hilfe der Lipacide RH (Lipoaminos\u00e4uren) die F\u00e4higkeit der Epidermis, den zullul\u00e4ren Wassergehalt stabil zu halten. Die Haut wird sichtbar straffer und elastischer. Lipacide RH wirkt gleichzeitig vorbeugend gegen bakterielle Entz\u00fcndungen.\r\n\r\n<strong>Anwendung<\/strong>:\r\n\r\nQuantit\u00e4t und Art der Anwendung sind nach dem individuellen und aktuellen Zustand der Haut festzulegen.\r\n\r\n<strong>Gegenanzeigen:<\/strong>\r\n\r\nDas Produkt sollte bei bekannter Campher-Unvertr\u00e4glichkeit nicht angewendet werden.\r\n\r\n\u00a0","_et_gb_content_width":""},"product_brand":[474],"product_cat":[368,220,129,83,86],"product_tag":[197,199,442,173,443],"class_list":{"0":"post-987485507","1":"product","2":"type-product","3":"status-publish","4":"has-post-thumbnail","6":"product_brand-jane-iredale","7":"product_cat-feuchtigkeitsspray","8":"product_cat-mu-gesicht","9":"product_cat-mineralmakeup-gesicht","10":"product_cat-jane-iredale","11":"product_cat-make-up","12":"product_tag-feuchtigkeit","13":"product_tag-feuchtigkeitsspray","14":"product_tag-fixierung","15":"product_tag-make-up","16":"product_tag-make-up-fixieren","18":"first","19":"onbackorder","20":"taxable","21":"shipping-taxable","22":"purchasable","23":"product-type-simple"},"booking_location":null,"booking_location_type":null,"booking_duration":null,"booking_duration_unit":null,"booking_buffer":null,"booking_cost":null,"booking_resources":null,"exclude_global_add_ons":[],"addons":[],"_links":{"self":[{"href":"https:\/\/www.claresco-cosmetic.de\/kosmetik-shop\/wp-json\/wp\/v2\/product\/987485507","targetHints":{"allow":["GET"]}}],"collection":[{"href":"https:\/\/www.claresco-cosmetic.de\/kosmetik-shop\/wp-json\/wp\/v2\/product"}],"about":[{"href":"https:\/\/www.claresco-cosmetic.de\/kosmetik-shop\/wp-json\/wp\/v2\/types\/product"}],"replies":[{"embeddable":true,"href":"https:\/\/www.claresco-cosmetic.de\/kosmetik-shop\/wp-json\/wp\/v2\/comments?post=987485507"}],"wp:featuredmedia":[{"embeddable":true,"href":"https:\/\/www.claresco-cosmetic.de\/kosmetik-shop\/wp-json\/wp\/v2\/media\/987485485"}],"wp:attachment":[{"href":"https:\/\/www.claresco-cosmetic.de\/kosmetik-shop\/wp-json\/wp\/v2\/media?parent=987485507"}],"wp:term":[{"taxonomy":"product_brand","embeddable":true,"href":"https:\/\/www.claresco-cosmetic.de\/kosmetik-shop\/wp-json\/wp\/v2\/product_brand?post=987485507"},{"taxonomy":"product_cat","embeddable":true,"href":"https:\/\/www.claresco-cosmetic.de\/kosmetik-shop\/wp-json\/wp\/v2\/product_cat?post=987485507"},{"taxonomy":"product_tag","embeddable":true,"href":"https:\/\/www.claresco-cosmetic.de\/kosmetik-shop\/wp-json\/wp\/v2\/product_tag?post=987485507"}],"curies":[{"name":"wp","href":"https:\/\/api.w.org\/{rel}","templated":true}]}}