{"id":987486274,"date":"2024-08-12T16:10:50","date_gmt":"2024-08-12T14:10:50","guid":{"rendered":"https:\/\/www.claresco-cosmetic.de\/kosmetik-shop\/?post_type=product&#038;p=987486274"},"modified":"2025-12-31T18:21:06","modified_gmt":"2025-12-31T17:21:06","slug":"moisturizing-spray-mini","status":"publish","type":"product","link":"https:\/\/www.claresco-cosmetic.de\/kosmetik-shop\/produkt\/moisturizing-spray-mini\/","title":{"rendered":"Moisturizing Spray Mini"},"content":{"rendered":"<h5>Produktinformationen<\/h5>\n<p>Das Moisturizing Spray ist ein Multitalent, Allesk\u00f6nner, Sch\u00f6nheitselixier, Rundumschutz, Lebensbegleiter. Eine Liste, die unendlich so weitergehen k\u00f6nnte. Das Feuchtigkeitsspray ist ein echter Freund. Es versteht alles, h\u00f6rt immer zu und hilft jederzeit.<\/p>\n<p>Hier f\u00fchlen Sie den 100% reinen Bio Aloe Vera Ursaft und erleben die befreiende Wirkung von Tulsi, das w\u00f6rtlich \u00fcbersetzt \u201edie Unvergleichliche\u201c hei\u00dft. \u200b Schon beim Aufspr\u00fchen auf das Gesicht und den K\u00f6rper durchl\u00e4uft Sie ein wohltuender Schauer, gleichzeitig sp\u00fcren Sie einen aufmunternden Energiekick.<\/p>\n<p>Jederzeit und \u00fcberall ist dieses feuchtigkeitsspendende Allroundtalent &#8211; auch als Feuchtigkeitsspray f\u00fcr die Haare und Kopfhaut &#8211; den ganzen Tag anwendbar. \u200b Die antibakterielle Wirkung von Tulsi sch\u00fctzt Ihre Haut, Ihren K\u00f6rper und Ihre ganze Pers\u00f6nlichkeit hervorragend. Mit wundheilender und entz\u00fcndungshemmender Wirkung z.B. bei Akne, Unreinheiten und Juckreiz. \u200b<\/p>\n<p>Das Feuchtigkeitsspray aktiviert Ihren Stoffwechsel, harmonisiert Ihr Nervensystem, kl\u00e4rt Ihren Geist, f\u00f6rdert Ihre Konzentration. Es hilft dabei Alltagsstress loszulassen und wirkt reinigend. Durch seinen herb-frischen Himalaya-Duft \u00f6ffnet sich Ihr Bewusstsein, sodass Kreativit\u00e4t und Phantasie angeregt werden.<\/p>\n<p>&nbsp;<\/p>\n<h5>Das Ergebnis:<\/h5>\n<p>Sch\u00f6nheit, Frische, gesunde Haut, ein starkes Immunsystem und eine offene Ausstrahlung. Tiefstes Wohlbefinden. \u200b Ohne beim Aufspr\u00fchen R\u00fcckst\u00e4nde auf Ihrer Haut zu hinterlassen und ohne zu fetten, bindet der Aloe Vera Bio Ursaft aufgrund seiner Viskosit\u00e4t die Wirkstoffe aus dem Tulsi-\u00d6l, nimmt diese Huckepack und f\u00fchrt sie ganz sanft in die Haut. Ihre Hautoberfl\u00e4che f\u00fchlt sich dauerhaft streichelzart an. Gesunde Haut bl\u00fcht auf, irritierte Haut kann sich bestens erholen. Eine entspannende und gleichzeitig erfrischende Wirkung entfaltet sich von Kopf bis Fu\u00df. \u200b<\/p>\n<p>&nbsp;<\/p>\n<h5>Gut zu wissen:<\/h5>\n<p>Das Tulsi stammt aus Wildsammlungen in Nepal. Von Kleinbauern wird es achtsam geerntet, getrocknet und beh\u00fctet.<\/p>\n<p>&nbsp;<\/p>\n<h5>Anwendung:<\/h5>\n<p>Spr\u00fchen Sie die MOISTURIZING SPRAY nach der Reinigung morgens und abends gro\u00dfz\u00fcgig auf Gesicht, Hals und Dekollet\u00e9 oder auf die gew\u00fcnschten K\u00f6rperstellen auf und dr\u00fccken es mit den H\u00e4nden sanft an. Oder geben Sie es auf ein Wattepad und streichen damit \u00fcber Ihr Gesicht.<\/p>\n<p>&nbsp;<\/p>\n<h5>Empfohlen f\u00fcr:<\/h5>\n<ul>\n<li style=\"list-style-type: none;\">\n<ul>\n<li>Mischhaut, fettige, unreine Haut \u2192 <em>befreit die Haut schonend von R\u00fcckst\u00e4nden aus Leitungswasser<\/em><\/li>\n<li>Entz\u00fcndungen und Sonnenbrand \u2192 <em>wirkt beruhigend und k\u00fchlend\u200b<\/em><\/li>\n<li>M\u00fcde, schwere Beine\u200b \u2192 <em>erfrischt und belebt<\/em>\u200b<\/li>\n<li>Irritationen nach der Rasur \u2192 <em>wirkt entz\u00fcndungshemmend und anti-bakteriell<\/em><\/li>\n<li>Nachlassende Konzentration \u2192 <em>f\u00f6rdert die Konzentration &amp; \u00f6ffnet das Bewusstsein\u200b<\/em><\/li>\n<li>M\u00fcckenstiche \u2192 <em>wirkt Juckreiz entgegen<\/em><\/li>\n<\/ul>\n<\/li>\n<\/ul>\n<p>&nbsp;<\/p>\n<p>&nbsp;<\/p>\n[et_pb_section global_module=\"987493041\"][\/et_pb_section]\n","protected":false},"excerpt":{"rendered":"<p>Moisturizing Feuchtigkeitsspray Kleingr\u00f6\u00dfe, aus 100% naturbelassener Bio Aloe Vera &amp; reinem Tulsi-\u00d6l (20ml)<\/p>\n<p>&nbsp;<\/p>\n<ul>\n<li>Feuchtigkeit spendender Rundumschutz \u200b<\/li>\n<li>f\u00f6rdert die Konzentration &amp; \u00f6ffnet das Bewusstsein \u200b<\/li>\n<li>erfrischendes Energiespray \u200b<\/li>\n<li>entz\u00fcndungshemmend und anti-bakteriell \u200b<\/li>\n<li>befreit die Haut schonend von R\u00fcckst\u00e4nden aus dem Leitungswasser<\/li>\n<li>aus echten Heil- und Verj\u00fcngungspflanzen, sacred plants<\/li>\n<\/ul>\n<p>&nbsp;<\/p>\n","protected":false},"featured_media":987486275,"comment_status":"open","ping_status":"closed","template":"","meta":{"_et_pb_use_builder":"","_et_pb_old_content":"","_et_gb_content_width":""},"product_brand":[473],"product_cat":[251,84,243,115,250,214,240,239,242,248],"product_tag":[],"class_list":{"0":"post-987486274","1":"product","2":"type-product","3":"status-publish","4":"has-post-thumbnail","6":"product_brand-pharmos-natur","7":"product_cat-pharmos-alle-naturkosmetik","8":"product_cat-gesicht","9":"product_cat-pharmos-gesichtspflege","10":"product_cat-gesichtsreinigung","11":"product_cat-pharmos-haarpflege","12":"product_cat-handpflege","13":"product_cat-pharmos-naturkosmetik","14":"product_cat-pharmos-natur","15":"product_cat-pharmos-reinigung","16":"product_cat-pharmos-sonnenpflege","18":"first","19":"instock","20":"taxable","21":"shipping-taxable","22":"purchasable","23":"product-type-simple"},"booking_location":null,"booking_location_type":null,"booking_duration":null,"booking_duration_unit":null,"booking_buffer":null,"booking_cost":null,"booking_resources":null,"exclude_global_add_ons":[],"addons":[],"_links":{"self":[{"href":"https:\/\/www.claresco-cosmetic.de\/kosmetik-shop\/wp-json\/wp\/v2\/product\/987486274","targetHints":{"allow":["GET"]}}],"collection":[{"href":"https:\/\/www.claresco-cosmetic.de\/kosmetik-shop\/wp-json\/wp\/v2\/product"}],"about":[{"href":"https:\/\/www.claresco-cosmetic.de\/kosmetik-shop\/wp-json\/wp\/v2\/types\/product"}],"replies":[{"embeddable":true,"href":"https:\/\/www.claresco-cosmetic.de\/kosmetik-shop\/wp-json\/wp\/v2\/comments?post=987486274"}],"wp:featuredmedia":[{"embeddable":true,"href":"https:\/\/www.claresco-cosmetic.de\/kosmetik-shop\/wp-json\/wp\/v2\/media\/987486275"}],"wp:attachment":[{"href":"https:\/\/www.claresco-cosmetic.de\/kosmetik-shop\/wp-json\/wp\/v2\/media?parent=987486274"}],"wp:term":[{"taxonomy":"product_brand","embeddable":true,"href":"https:\/\/www.claresco-cosmetic.de\/kosmetik-shop\/wp-json\/wp\/v2\/product_brand?post=987486274"},{"taxonomy":"product_cat","embeddable":true,"href":"https:\/\/www.claresco-cosmetic.de\/kosmetik-shop\/wp-json\/wp\/v2\/product_cat?post=987486274"},{"taxonomy":"product_tag","embeddable":true,"href":"https:\/\/www.claresco-cosmetic.de\/kosmetik-shop\/wp-json\/wp\/v2\/product_tag?post=987486274"}],"curies":[{"name":"wp","href":"https:\/\/api.w.org\/{rel}","templated":true}]}}