{"id":987487773,"date":"2024-10-23T13:17:10","date_gmt":"2024-10-23T11:17:10","guid":{"rendered":"https:\/\/www.claresco-cosmetic.de\/kosmetik-shop\/?post_type=product&#038;p=987487773"},"modified":"2025-09-04T20:07:18","modified_gmt":"2025-09-04T18:07:18","slug":"lip-drink-sheer-transparent","status":"publish","type":"product","link":"https:\/\/www.claresco-cosmetic.de\/kosmetik-shop\/produkt\/lip-drink-sheer-transparent\/","title":{"rendered":"Lip Drink Sheer -transparent-"},"content":{"rendered":"<h5>Funktionen und Vorteile:<\/h5>\n<p>Erfrischen Sie Ihre Lippen mit einem feuchtigkeitsspendenden Schutz, der die Lippen mit Feuchtigkeit versorgt, sch\u00fctzt und erfrischend duftet.<\/p>\n<ul>\n<li>Intensive Feuchtigkeit in einem wohltuenden Balsam.<\/li>\n<li>Breites Spektrum SPF 15 Sonnenschutzmittel.<\/li>\n<li>Eine Vielzahl von Wachsen und \u00d6len bilden einen antioxidativen Schutzschild.<\/li>\n<li>Erfrischender Zitronengeschmack.<\/li>\n<li>Riffsicher.<\/li>\n<li>Empfohlen von der Skin Cancer Foundation als effektiver Breitspektrum-Sonnenschutz.<\/li>\n<\/ul>\n<p>&nbsp;<\/p>\n<h5>Beschreibung:<\/h5>\n<ul>\n<li>Ein Lippenbalsam mit LSF.<\/li>\n<li>Dieses Produkt ist glutenfrei und vegan.<\/li>\n<\/ul>\n<p>&nbsp;<\/p>\n<h5>Wirkung:<\/h5>\n<ul>\n<li>Versorgt die Lippen mit Feuchtigkeit.<\/li>\n<li>Sch\u00fctzt die Lippen mit LSF 15 und mittlerem UVA-Schutz.<\/li>\n<\/ul>\n<p>&nbsp;<\/p>\n<h5>Inhalt:<\/h5>\n<p>4g<\/p>\n<p>&nbsp;<\/p>\n<h5>Inhaltsstoffe:<\/h5>\n<p>Active Ingredient: Titanium Dioxide 1.75%. Ingredients: Vegetable Oil, Ricinus Communis (Castor) Seed Oil, Octyldodecyl Neopentanoate, Copernicia Cerifera Cera, Daucus Carota Sativa (Carrot) Seed Oil, Persea Gratissima (Avocado) Oil, Lotus Corniculatus (Lotus Flower) Extract, Aloe Barbadensis Leaf Extract, Camellia Sinensis (Green Tea) Leaf Extract, Coconut Alkanes, Stearic Acid, Coffea Arabica (Coffee) Seed Extract, Rubus Fruticosus (Blackberry) Fruit Extract, Alumina, Coco-Caprylate\/Caprate, Ascorbyl Palmitate, Tocopherol, Citrus Medica Limonum (Lemon) Peel Oil. May Contain: Mica, Iron Oxides (CI 77489, CI 77491, CI 77492, CI 77499), Red 7 Lake (CI 15850)(Aka 202), Red 30 Lake (CI 73360).<\/p>\n","protected":false},"excerpt":{"rendered":"<p>Funktionen und Vorteile: Erfrischen Sie Ihre Lippen mit einem feuchtigkeitsspendenden Schutz, der die Lippen mit Feuchtigkeit versorgt, sch\u00fctzt und erfrischend duftet. Intensive Feuchtigkeit in einem wohltuenden Balsam. Breites Spektrum SPF 15 Sonnenschutzmittel. Eine Vielzahl von Wachsen und \u00d6len bilden einen antioxidativen Schutzschild. Erfrischender Zitronengeschmack. Riffsicher. Empfohlen von der Skin Cancer Foundation als effektiver Breitspektrum-Sonnenschutz. &nbsp; [&hellip;]<\/p>\n","protected":false},"featured_media":987487787,"comment_status":"open","ping_status":"closed","template":"","meta":{"_et_pb_use_builder":"off","_et_pb_old_content":"<strong>Anwendungsgebiete: <\/strong>\r\n\r\nAls Gesichtspackung wird masque verwendet bei allen Hautarten zur Straffung und Versch\u00f6nerung des Hautbildes.\r\nZur kurfristigen Therapie bei d\u00fcnner, empfindlicher Haut mit oberfl\u00e4chlichen Entz\u00fcndungen.\r\n\r\n<strong>Wirkungsweise:<\/strong>\r\n\r\nMasque erh\u00f6ht mit Hilfe der Lipacide RH (Lipoaminos\u00e4uren) die F\u00e4higkeit der Epidermis, den zullul\u00e4ren Wassergehalt stabil zu halten. Die Haut wird sichtbar straffer und elastischer. Lipacide RH wirkt gleichzeitig vorbeugend gegen bakterielle Entz\u00fcndungen.\r\n\r\n<strong>Anwendung<\/strong>:\r\n\r\nQuantit\u00e4t und Art der Anwendung sind nach dem individuellen und aktuellen Zustand der Haut festzulegen.\r\n\r\n<strong>Gegenanzeigen:<\/strong>\r\n\r\nDas Produkt sollte bei bekannter Campher-Unvertr\u00e4glichkeit nicht angewendet werden.\r\n\r\n\u00a0","_et_gb_content_width":""},"product_brand":[474],"product_cat":[129,83,131,222,462,86],"product_tag":[124,454,196,413],"class_list":{"0":"post-987487773","1":"product","2":"type-product","3":"status-publish","4":"has-post-thumbnail","6":"product_brand-jane-iredale","7":"product_cat-mineralmakeup-gesicht","8":"product_cat-jane-iredale","9":"product_cat-mineralmakeup-lippen","10":"product_cat-mu-lippen","11":"product_cat-lippenpflege","12":"product_cat-make-up","13":"product_tag-lippen","14":"product_tag-lippenbalsam","15":"product_tag-lippenpflege","16":"product_tag-lippenstift","18":"first","19":"instock","20":"taxable","21":"shipping-taxable","22":"purchasable","23":"product-type-simple"},"booking_location":null,"booking_location_type":null,"booking_duration":null,"booking_duration_unit":null,"booking_buffer":null,"booking_cost":null,"booking_resources":null,"exclude_global_add_ons":[],"addons":[],"_links":{"self":[{"href":"https:\/\/www.claresco-cosmetic.de\/kosmetik-shop\/wp-json\/wp\/v2\/product\/987487773","targetHints":{"allow":["GET"]}}],"collection":[{"href":"https:\/\/www.claresco-cosmetic.de\/kosmetik-shop\/wp-json\/wp\/v2\/product"}],"about":[{"href":"https:\/\/www.claresco-cosmetic.de\/kosmetik-shop\/wp-json\/wp\/v2\/types\/product"}],"replies":[{"embeddable":true,"href":"https:\/\/www.claresco-cosmetic.de\/kosmetik-shop\/wp-json\/wp\/v2\/comments?post=987487773"}],"wp:featuredmedia":[{"embeddable":true,"href":"https:\/\/www.claresco-cosmetic.de\/kosmetik-shop\/wp-json\/wp\/v2\/media\/987487787"}],"wp:attachment":[{"href":"https:\/\/www.claresco-cosmetic.de\/kosmetik-shop\/wp-json\/wp\/v2\/media?parent=987487773"}],"wp:term":[{"taxonomy":"product_brand","embeddable":true,"href":"https:\/\/www.claresco-cosmetic.de\/kosmetik-shop\/wp-json\/wp\/v2\/product_brand?post=987487773"},{"taxonomy":"product_cat","embeddable":true,"href":"https:\/\/www.claresco-cosmetic.de\/kosmetik-shop\/wp-json\/wp\/v2\/product_cat?post=987487773"},{"taxonomy":"product_tag","embeddable":true,"href":"https:\/\/www.claresco-cosmetic.de\/kosmetik-shop\/wp-json\/wp\/v2\/product_tag?post=987487773"}],"curies":[{"name":"wp","href":"https:\/\/api.w.org\/{rel}","templated":true}]}}