{"id":987488608,"date":"2024-12-08T11:11:15","date_gmt":"2024-12-08T10:11:15","guid":{"rendered":"https:\/\/www.claresco-cosmetic.de\/kosmetik-shop\/?post_type=product&#038;p=987488608"},"modified":"2026-04-20T22:55:12","modified_gmt":"2026-04-20T20:55:12","slug":"geschenkset-bodyline","status":"publish","type":"product","link":"https:\/\/www.claresco-cosmetic.de\/kosmetik-shop\/produkt\/geschenkset-bodyline\/","title":{"rendered":"Geschenkset Bodyline"},"content":{"rendered":"<p>Ein wunderbares Set mit hochwertigen Produkten &#8211; zum Verschenken ideal!<\/p>\n<h5>Duschlotion<\/h5>\n<p>Inhalt: 200ml<br \/>\nDie Duschlotion ist ein ideales Reinigungsmittel auch f\u00fcr die empfindlichste Haut und Schleimhaut, auch zur Intimpflege. Sie bietet Schutz gegen Infektionen durch Bakterien und Pilze und verhindert ein Austrocknen der Haut.<\/p>\n<p>Anwendungsgebiet:<br \/>\nZur Reinigung der Haut. Unterst\u00fctzt den nat\u00fcrlichen Abl\u00f6seprozess der Hornschichtpartikel. L(+) Milchs\u00e4ure wirkt der \u00fcberm\u00e4\u00dfigen Verhornung der Talgdr\u00fcsenausg\u00e4nge entgegen.<\/p>\n<p>&nbsp;<\/p>\n<h5>K\u00f6rpercreme<\/h5>\n<p>Inhalt: 200ml<br \/>\nDie K\u00f6rpercreme ist eine Emulsion mit Fetten und \u00d6len, wie sie in unserem Hydrolipidfilm in nat\u00fcrlicher Weise vorkommen. Das Provitamin B3, bekannt als Calciumpantothenat oder Panthenol ist das Hautvitamin schlechthin, wirkt heilend, reguliert die Hornschicht und unterst\u00fctzt die Eigenregeneration der Haut.<\/p>\n<p>Anwendungsgebiet:<br \/>\nDie K\u00f6rpercreme verbessert die Elastizit\u00e4t und Spannkraft der Haut. Die Haut wird straffer und glatter. Nach dem Duschen oder Baden in die feuchte Haut einreiben.<\/p>\n","protected":false},"excerpt":{"rendered":"<p>Ein sch\u00f6nes Geschenkset besonders mild und f\u00fcr empfindliche Haut geeignet<\/p>\n<p>1x K\u00f6rpercreme 200ml<br \/>\n1x Duschlotion 200ml<\/p>\n<p>&nbsp;<\/p>\n","protected":false},"featured_media":987491890,"comment_status":"open","ping_status":"closed","template":"","meta":{"_et_pb_use_builder":"off","_et_pb_old_content":"<strong>Anwendungsgebiete:<\/strong>\r\n\r\nAls K\u00f6rper\u00f6l zur Hautpflege und bei sehr empfindlicher Haut kann Squalan\u00f6l auch zur Reinigung der Haut verwendet werden.\r\n\r\n<strong>Wirkungsweise:<\/strong>\r\n\r\nSqualan\u00f6l ist ein hochwirksames hautidentisches \u00d6l, das von der Haut vollst\u00e4ndig verwertet wird. Es entspricht dem \u00f6ligen Anteil der nat\u00fcrlichen Hautlipide.\r\n\r\n<span style=\"font-weight: bold\">Anwendung:<\/span>\r\n\r\nSqualan\u00f6l sollte auf Grund der hochwirksamen Inhaltsstoffe immer verd\u00fcnnt auf die Haut gebracht werden. Wenige Tropfen ins Badewasser oder auf einen nassen Waschhandschuh reichen aus, um die hautpflegende Wirkung zu erreichen..","_et_gb_content_width":""},"product_brand":[472],"product_cat":[372,95,85,213,212,43,483,456],"product_tag":[195,400,325,202,402,324],"class_list":{"0":"post-987488608","1":"product","2":"type-product","3":"status-publish","4":"has-post-thumbnail","6":"product_brand-rosel-heim","7":"product_cat-alle-rosel-heim-produkte","8":"product_cat-rh-body-line","9":"product_cat-koerper","10":"product_cat-koerperpflege","11":"product_cat-reinigung","12":"product_cat-rosel-heim","13":"product_cat-rosel-heim-geschenksets","14":"product_cat-sets","15":"product_tag-duschgel","16":"product_tag-duschlotion","17":"product_tag-geschenke","18":"product_tag-koerper","19":"product_tag-koerperreinigung","20":"product_tag-weihnachten","21":"pa_packform-geschenkkarton","23":"first","24":"onbackorder","25":"taxable","26":"shipping-taxable","27":"purchasable","28":"product-type-simple"},"booking_location":null,"booking_location_type":null,"booking_duration":null,"booking_duration_unit":null,"booking_buffer":null,"booking_cost":null,"booking_resources":null,"exclude_global_add_ons":[],"addons":[],"_links":{"self":[{"href":"https:\/\/www.claresco-cosmetic.de\/kosmetik-shop\/wp-json\/wp\/v2\/product\/987488608","targetHints":{"allow":["GET"]}}],"collection":[{"href":"https:\/\/www.claresco-cosmetic.de\/kosmetik-shop\/wp-json\/wp\/v2\/product"}],"about":[{"href":"https:\/\/www.claresco-cosmetic.de\/kosmetik-shop\/wp-json\/wp\/v2\/types\/product"}],"replies":[{"embeddable":true,"href":"https:\/\/www.claresco-cosmetic.de\/kosmetik-shop\/wp-json\/wp\/v2\/comments?post=987488608"}],"wp:featuredmedia":[{"embeddable":true,"href":"https:\/\/www.claresco-cosmetic.de\/kosmetik-shop\/wp-json\/wp\/v2\/media\/987491890"}],"wp:attachment":[{"href":"https:\/\/www.claresco-cosmetic.de\/kosmetik-shop\/wp-json\/wp\/v2\/media?parent=987488608"}],"wp:term":[{"taxonomy":"product_brand","embeddable":true,"href":"https:\/\/www.claresco-cosmetic.de\/kosmetik-shop\/wp-json\/wp\/v2\/product_brand?post=987488608"},{"taxonomy":"product_cat","embeddable":true,"href":"https:\/\/www.claresco-cosmetic.de\/kosmetik-shop\/wp-json\/wp\/v2\/product_cat?post=987488608"},{"taxonomy":"product_tag","embeddable":true,"href":"https:\/\/www.claresco-cosmetic.de\/kosmetik-shop\/wp-json\/wp\/v2\/product_tag?post=987488608"}],"curies":[{"name":"wp","href":"https:\/\/api.w.org\/{rel}","templated":true}]}}