{"id":987488708,"date":"2024-12-10T10:04:30","date_gmt":"2024-12-10T09:04:30","guid":{"rendered":"https:\/\/www.claresco-cosmetic.de\/kosmetik-shop\/?post_type=product&#038;p=987488708"},"modified":"2025-12-31T20:23:00","modified_gmt":"2025-12-31T19:23:00","slug":"geschenkset-you-are-so-beautiful","status":"publish","type":"product","link":"https:\/\/www.claresco-cosmetic.de\/kosmetik-shop\/produkt\/geschenkset-you-are-so-beautiful\/","title":{"rendered":"Geschenkset You Are So Beautiful"},"content":{"rendered":"<p>Ein Geschenkset mit einer innovativen Kombination ausgew\u00e4hlter Heil- und Verj\u00fcngungspflanzen schenkt Ihrer Haut F\u00fclle, Regeneration und neue Widerstandskraft. Ihre Haut wird umfassend gepflegt, gen\u00e4hrt und gesch\u00fctzt. Ein sinnliches Erlebnis, das Ihre innere und \u00e4u\u00dfere Sch\u00f6nheit zum Strahlen bringt.<\/p>\n<p>Das Geschenkset enth\u00e4lt:<\/p>\n<p>&nbsp;<\/p>\n<h5>CARE BALM<\/h5>\n<p>50 ml<\/p>\n<p>BIO ALOE VERA &amp; MACADAMIA<br \/>\nReichhaltiger Pflegebalsam mit leichter Textur. F\u00fcr einen strahlend frischen Teint. Er verleiht der Haut sp\u00fcrbare Vitalit\u00e4t. Sensible Hautstellen werden beruhigt und gegl\u00e4ttet. F\u00fcr trockene und normale Haut. Ganz besonders f\u00fcr empfindliche Haut.<\/p>\n<p>&nbsp;<\/p>\n<h5>CLEANSING CREAM<\/h5>\n<p>20 ml<\/p>\n<p>BIO ALOE VERA &amp; OLIVE<\/p>\n<p>Nat\u00fcrliche Reinigungsemulsion mit besonders milder und pflegender Wirkung. Pflanzliche Wirkstoffe entfernen auf sanfte Art und Weise Make-up und Schmutzpartikel. Sch\u00fctzt die Haut vor dem Austrocknen und versorgt sie mit Feuchtigkeit und N\u00e4hrstoffen.<\/p>\n<p>&nbsp;<\/p>\n<h5>Anwendung<\/h5>\n<ul>\n<li>Eine kleine Menge CLEANSING CREAM mit etwas Wasser vermengt auftragen und einmassieren. Waschen Sie die Reinigungsemulsion danach mit lauwarmem Wasser ab.<\/li>\n<li>Tragen Sie anschlie\u00dfend den CARE BALM gleichm\u00e4\u00dfig auf Ihre gereinigte Haut auf.<\/li>\n<\/ul>\n","protected":false},"excerpt":{"rendered":"<p>Das Set enth\u00e4lt: Care Balm 50ml + Geschenk: Cleansing Cream 20ml<\/p>\n<p>&nbsp;<\/p>\n<ul>\n<li>Verleiht der Haut ein glattes und ebenm\u00e4\u00dfiges Erscheinungsbild<\/li>\n<li>Leichte Textur mit extrem pflegender Wirkung<\/li>\n<li>Versorgt die Haut optimal mit N\u00e4hrstoffen<\/li>\n<li>Aus echten Heil- und Verj\u00fcngungspflanzen, sacred plants<\/li>\n<\/ul>\n","protected":false},"featured_media":987496701,"comment_status":"open","ping_status":"closed","template":"","meta":{"_et_pb_use_builder":"","_et_pb_old_content":"","_et_gb_content_width":""},"product_brand":[473],"product_cat":[251,455,84,210,240,239,482,456],"product_tag":[344,288,287,68,289,324],"class_list":{"0":"post-987488708","1":"product","2":"type-product","3":"status-publish","4":"has-post-thumbnail","6":"product_brand-pharmos-natur","7":"product_cat-pharmos-alle-naturkosmetik","8":"product_cat-geschenkideen","9":"product_cat-gesicht","10":"product_cat-gesichtspflege","11":"product_cat-pharmos-naturkosmetik","12":"product_cat-pharmos-natur","13":"product_cat-pharmos-geschenksets","14":"product_cat-sets","15":"product_tag-geschenk","16":"product_tag-geschenkset","17":"product_tag-kleingroessen","18":"product_tag-regeneration","19":"product_tag-set","20":"product_tag-weihnachten","22":"first","23":"onbackorder","24":"taxable","25":"shipping-taxable","26":"purchasable","27":"product-type-simple"},"booking_location":null,"booking_location_type":null,"booking_duration":null,"booking_duration_unit":null,"booking_buffer":null,"booking_cost":null,"booking_resources":null,"exclude_global_add_ons":[],"addons":[],"_links":{"self":[{"href":"https:\/\/www.claresco-cosmetic.de\/kosmetik-shop\/wp-json\/wp\/v2\/product\/987488708","targetHints":{"allow":["GET"]}}],"collection":[{"href":"https:\/\/www.claresco-cosmetic.de\/kosmetik-shop\/wp-json\/wp\/v2\/product"}],"about":[{"href":"https:\/\/www.claresco-cosmetic.de\/kosmetik-shop\/wp-json\/wp\/v2\/types\/product"}],"replies":[{"embeddable":true,"href":"https:\/\/www.claresco-cosmetic.de\/kosmetik-shop\/wp-json\/wp\/v2\/comments?post=987488708"}],"wp:featuredmedia":[{"embeddable":true,"href":"https:\/\/www.claresco-cosmetic.de\/kosmetik-shop\/wp-json\/wp\/v2\/media\/987496701"}],"wp:attachment":[{"href":"https:\/\/www.claresco-cosmetic.de\/kosmetik-shop\/wp-json\/wp\/v2\/media?parent=987488708"}],"wp:term":[{"taxonomy":"product_brand","embeddable":true,"href":"https:\/\/www.claresco-cosmetic.de\/kosmetik-shop\/wp-json\/wp\/v2\/product_brand?post=987488708"},{"taxonomy":"product_cat","embeddable":true,"href":"https:\/\/www.claresco-cosmetic.de\/kosmetik-shop\/wp-json\/wp\/v2\/product_cat?post=987488708"},{"taxonomy":"product_tag","embeddable":true,"href":"https:\/\/www.claresco-cosmetic.de\/kosmetik-shop\/wp-json\/wp\/v2\/product_tag?post=987488708"}],"curies":[{"name":"wp","href":"https:\/\/api.w.org\/{rel}","templated":true}]}}