{"id":987489159,"date":"2025-01-21T10:07:43","date_gmt":"2025-01-21T09:07:43","guid":{"rendered":"https:\/\/www.claresco-cosmetic.de\/kosmetik-shop\/?post_type=product&#038;p=987489159"},"modified":"2026-02-16T15:44:12","modified_gmt":"2026-02-16T14:44:12","slug":"sesamkraft-nachfuellpack","status":"publish","type":"product","link":"https:\/\/www.claresco-cosmetic.de\/kosmetik-shop\/produkt\/sesamkraft-nachfuellpack\/","title":{"rendered":"Sesamkraft Nachf\u00fcllpack"},"content":{"rendered":"[et_pb_section global_module=\"987493261\"][\/et_pb_section]\n<p>SESAMKRAFT\u00ae liefert wichtige Mikron\u00e4hrstoffe zur t\u00e4glichen Unterst\u00fctzung des K\u00f6rpers. Magnesium und Calcium tragen zur normalen Funktion von Muskeln, Knochen und Z\u00e4hnen bei. Sie leisten au\u00dferdem einen Beitrag zum Erhalt eines gesunden Nervensystems. Zink unterst\u00fctzt die Erhaltung normaler Haut, Haare und N\u00e4gel. Enthalten sind zudem Eisen, B-Vitamine, Lecithin sowie nat\u00fcrliche Antioxidantien wie Sesamol und Sesamolin. Die enthaltenen Aminos\u00e4uren \u2013 einschlie\u00dflich schwefelhaltiger wie Prolin, Lysin und Taurin \u2013 erg\u00e4nzen die ausgewogene N\u00e4hrstoffkomposition.<\/p>\n<p>&nbsp;<\/p>\n<h5>Unsere Empfehlung<\/h5>\n<p>SESAMKRAFT\u00ae ist ein licht- und n\u00e4hrstoffreiches Lebensmittel, das Ihre t\u00e4gliche Ern\u00e4hrung sinnvoll erg\u00e4nzen kann. Viele Anwender berichten von einem sp\u00fcrbaren Wohlgef\u00fchl \u2013 und einem sichtbar gepflegten Hautbild. Genie\u00dfen Sie SESAMKRAFT\u00ae t\u00e4glich, z.\u202fB. im M\u00fcsli, mit frischem Obst oder pur. Bereits 1\u20132 Teel\u00f6ffel t\u00e4glich tragen zur Versorgung mit wichtigen Mikron\u00e4hrstoffen und bioaktiven Pflanzenstoffen bei.<\/p>\n<p>&nbsp;<\/p>\n<h5>N\u00e4hrwertanalyse<\/h5>\n<p>N\u00e4hrwerte (100g enthalten durchschnittlich)<br \/>\nBrennwert 1300 kJ<br \/>\nBrennwert 312 kcal<br \/>\nFett 7,9 g<br \/>\ndavon ges\u00e4ttigte Fetts\u00e4uren 1,3 g<br \/>\nKohlenhydrate 12 g<br \/>\ndavon Zucker 1,0 g<br \/>\nBallaststoffe 34 g<br \/>\nEiwei\u00df 32 g<br \/>\nSalz &lt; 0,01 g<\/p>\n<p>Calcium 2.100mg (262%)*<br \/>\nMagnesium 560mg (149%)*<br \/>\nEisen 15mg (93%)*<br \/>\nPhosphor 1100mg (157%)*<br \/>\nZink 11 mg (110%)*<br \/>\nNiacin 10 mg (62%)*<br \/>\nVitamin B1 (Thiamin) 1,18mg (107%)*<br \/>\nVitamin B6 1,17mg (83%)*<\/p>\n<p>*= Referenzmenge gem\u00e4\u00df LMIV (abh\u00e4ngig von erntebedingten Schwankungen)<\/p>\n<p>K\u00fchl und trocken lagern.<\/p>\n<p>&nbsp;<\/p>\n","protected":false},"excerpt":{"rendered":"<p>Bio Sesam aus dem schwarzen Ursamen &#8211; Nachf\u00fcllpack<\/p>\n<p>&nbsp;<\/p>\n<ul>\n<li style=\"margin-bottom: 12px;\">Hochwertiges pflanzliches Eiwei\u00df &#8211; gluten- und laktosefrei<\/li>\n<li style=\"margin-bottom: 12px;\">Mit einer F\u00fclle an Biophotonen \u2013 Ausdruck h\u00f6chster Qualit\u00e4t und achtsamer Verarbeitung<\/li>\n<li style=\"margin-bottom: 12px;\">Calcium tr\u00e4gt zur Erhaltung normaler Knochen und Z\u00e4hne bei<\/li>\n<li style=\"margin-bottom: 12px;\">Magnesium tr\u00e4gt zur Verringerung von M\u00fcdigkeit und Erm\u00fcdung bei<\/li>\n<li style=\"margin-bottom: 12px;\">Zink tr\u00e4gt zur Erhaltung normaler Haut, Haare und N\u00e4gel bei<\/li>\n<li style=\"margin-bottom: 12px;\">Niacin tr\u00e4gt zur Erhaltung normaler Haut bei<\/li>\n<li style=\"margin-bottom: 12px;\">Vitamin B6 tr\u00e4gt zur Regulierung der Hormont\u00e4tigkeit bei<\/li>\n<li style=\"margin-bottom: 12px;\">Vitamin B1 tr\u00e4gt zu einem normalen Energiestoffwechsel bei<\/li>\n<li style=\"margin-bottom: 12px;\">100 % vegan, biozertifiziert &#8211; ohne Zus\u00e4tze und Konservierungsstoffe<\/li>\n<li style=\"margin-bottom: 12px;\">Schonend verarbeitet in Deutschland &#8211; aus nachhaltigem Anbau in Bolivien<\/li>\n<\/ul>\n","protected":false},"featured_media":987489160,"comment_status":"open","ping_status":"closed","template":"","meta":{"_et_pb_use_builder":"","_et_pb_old_content":"","_et_gb_content_width":""},"product_brand":[473],"product_cat":[256,253,241,239],"product_tag":[],"class_list":{"0":"post-987489159","1":"product","2":"type-product","3":"status-publish","4":"has-post-thumbnail","6":"product_brand-pharmos-natur","7":"product_cat-alle-lebensgesundmittel","8":"product_cat-kraft-staerke","9":"product_cat-lebensgesundmittel","10":"product_cat-pharmos-natur","11":"pa_inhalt-250g","13":"first","14":"onbackorder","15":"taxable","16":"shipping-taxable","17":"purchasable","18":"product-type-simple"},"booking_location":null,"booking_location_type":null,"booking_duration":null,"booking_duration_unit":null,"booking_buffer":null,"booking_cost":null,"booking_resources":null,"exclude_global_add_ons":[],"addons":[],"_links":{"self":[{"href":"https:\/\/www.claresco-cosmetic.de\/kosmetik-shop\/wp-json\/wp\/v2\/product\/987489159","targetHints":{"allow":["GET"]}}],"collection":[{"href":"https:\/\/www.claresco-cosmetic.de\/kosmetik-shop\/wp-json\/wp\/v2\/product"}],"about":[{"href":"https:\/\/www.claresco-cosmetic.de\/kosmetik-shop\/wp-json\/wp\/v2\/types\/product"}],"replies":[{"embeddable":true,"href":"https:\/\/www.claresco-cosmetic.de\/kosmetik-shop\/wp-json\/wp\/v2\/comments?post=987489159"}],"wp:featuredmedia":[{"embeddable":true,"href":"https:\/\/www.claresco-cosmetic.de\/kosmetik-shop\/wp-json\/wp\/v2\/media\/987489160"}],"wp:attachment":[{"href":"https:\/\/www.claresco-cosmetic.de\/kosmetik-shop\/wp-json\/wp\/v2\/media?parent=987489159"}],"wp:term":[{"taxonomy":"product_brand","embeddable":true,"href":"https:\/\/www.claresco-cosmetic.de\/kosmetik-shop\/wp-json\/wp\/v2\/product_brand?post=987489159"},{"taxonomy":"product_cat","embeddable":true,"href":"https:\/\/www.claresco-cosmetic.de\/kosmetik-shop\/wp-json\/wp\/v2\/product_cat?post=987489159"},{"taxonomy":"product_tag","embeddable":true,"href":"https:\/\/www.claresco-cosmetic.de\/kosmetik-shop\/wp-json\/wp\/v2\/product_tag?post=987489159"}],"curies":[{"name":"wp","href":"https:\/\/api.w.org\/{rel}","templated":true}]}}