{"id":987489343,"date":"2025-02-06T12:10:18","date_gmt":"2025-02-06T11:10:18","guid":{"rendered":"https:\/\/www.claresco-cosmetic.de\/kosmetik-shop\/?post_type=product&#038;p=987489343"},"modified":"2025-07-26T20:51:58","modified_gmt":"2025-07-26T18:51:58","slug":"hydropure-hyaluronic-lip-gloss-snow-berry","status":"publish","type":"product","link":"https:\/\/www.claresco-cosmetic.de\/kosmetik-shop\/produkt\/hydropure-hyaluronic-lip-gloss-snow-berry\/","title":{"rendered":"HydroPure Hyaluronic Lip Gloss &#8211; Snow Berry"},"content":{"rendered":"<p>Lip Gloss im Farbton silbern schimmerndes Rosa. Der HydroPure Hyaluronic Lip Gloss von jane iredale ist ein aufbauender, weicher Gloss, der langanhaltende Feuchtigkeit mit den lippenpflegenden Eigenschaften eines Balsams f\u00fcr vollere, geschmeidige Lippen kombiniert. \u00a0<\/p>\n<h5>Funktionen und Vorteile:<\/h5>\n<h5>\u00a0<\/h5>\n<ul>\n<li>Farbton silbern schimmerndes Rosa.<\/li>\n<\/ul>\n<ul>\n<li>Pflegende, ultra-hydratisierende, nicht klebende Formel, polstert auf und exfoliert.<\/li>\n<\/ul>\n<ul>\n<li>Leistungsstarke Peptide spenden Feuchtigkeit und verbessern das Erscheinungsbild von feinen Linien und der Lippenstruktur f\u00fcr ein glatteres Aussehen.<\/li>\n<\/ul>\n<ul>\n<li>Ideal f\u00fcr trockene, d\u00fcnne, empfindliche oder alternde Lippen.<\/li>\n<\/ul>\n<p>\u00a0<\/p>\n<h5>Wirkung:<\/h5>\n<ul>\n<li>Hyalurons\u00e4ure spendet Feuchtigkeit und schlie\u00dft sie ein &#8211; f\u00fcr eine lang anhaltende Feuchtigkeitsversorgung der Lippen.<\/li>\n<\/ul>\n<ul>\n<li>Botanische \u00d6l- und Buttermischungen pflegen, sch\u00fctzen und duften dezent nach Vanille.<\/li>\n<\/ul>\n<ul>\n<li>Milchs\u00e4ure exfoliert sanft, um das Erscheinungsbild feiner Linien zu verbessern Linien zu verbessern und den Zellumsatz zu beschleunigen.<\/li>\n<\/ul>\n<p>\u00a0<\/p>\n<h5>Anwendungshinweis:<\/h5>\n<div>\u00a0<\/div>\n<div>Verwenden Sie den Applikator und tragen Sie den Gloss mit gleitenden Bewegungen auf die Lippen auf. Kann allein getragen werden oder \u00fcber einem Lippenstift.<\/div>\n<p>\u00a0<\/p>\n<div>\n<h5>Inhalt:<\/h5>\n<p>3,75 ml \u00a0<\/p>\n<h5>Inhaltsstoffe:<\/h5>\n<p>Hydrogenated Poly(C6-14 Olefin), Ethylhexyl Hydroxystearate, Simmondsia Chinensis (Jojoba) Seed Oil, Ricinus Communis (Castor) Seed Oil, Ethylene\/Propylene\/Styrene Copolymer, Silica, Copernicia Cerifera (Carnauba) Wax\/Copernicia Cerifera Cera, Stearyl Behenate, Caprylic\/Capric Triglyceride, Ethylhexyl Palmitate, Polyhydroxystearic Acid, Hydroxystearic Acid, Butylene\/Ethylene\/Styrene Copolymer, Tribehenin, Mangifera Indica (Mango) Seed Butter, Hydrolyzed Hyaluronic Acid, Butyrospermum Parkii (Shea) Butter, Isostearic Acid, Vanilla Planifolia Fruit Extract, Sorbitan Isostearate, Hydrogenated Vegetable Oil, Persea Gratissima (Avocado) Oil, Lecithin, Polyglyceryl-3 Polyricinoleate, Pentaerythrityl Tetra-di-t-butyl Hydroxyhydrocinnamate, Lactic Acid, Palmitoyl Tripeptide-1, Stearoyl Glutamic Acid. Kann enthalten: Mica CI 77019, Titanium Dioxide CI 77891, Iron Oxides CI 77491, Red 7 Lake CI 15850, Iron Oxides CI 77492.<\/p><\/div>\n","protected":false},"excerpt":{"rendered":"<p>Lip Gloss im Farbton silbern schimmerndes Rosa. Der HydroPure Hyaluronic Lip Gloss von jane iredale ist ein aufbauender, weicher Gloss, der langanhaltende Feuchtigkeit mit den lippenpflegenden Eigenschaften eines Balsams f\u00fcr vollere, geschmeidige Lippen kombiniert. \u00a0 Funktionen und Vorteile: \u00a0 Farbton silbern schimmerndes Rosa. Pflegende, ultra-hydratisierende, nicht klebende Formel, polstert auf und exfoliert. Leistungsstarke Peptide spenden [&hellip;]<\/p>\n","protected":false},"featured_media":987489364,"comment_status":"open","ping_status":"closed","template":"","meta":{"_et_pb_use_builder":"off","_et_pb_old_content":"<strong>Anwendungsgebiete: <\/strong>\r\n\r\nAls Gesichtspackung wird masque verwendet bei allen Hautarten zur Straffung und Versch\u00f6nerung des Hautbildes.\r\nZur kurfristigen Therapie bei d\u00fcnner, empfindlicher Haut mit oberfl\u00e4chlichen Entz\u00fcndungen.\r\n\r\n<strong>Wirkungsweise:<\/strong>\r\n\r\nMasque erh\u00f6ht mit Hilfe der Lipacide RH (Lipoaminos\u00e4uren) die F\u00e4higkeit der Epidermis, den zullul\u00e4ren Wassergehalt stabil zu halten. Die Haut wird sichtbar straffer und elastischer. Lipacide RH wirkt gleichzeitig vorbeugend gegen bakterielle Entz\u00fcndungen.\r\n\r\n<strong>Anwendung<\/strong>:\r\n\r\nQuantit\u00e4t und Art der Anwendung sind nach dem individuellen und aktuellen Zustand der Haut festzulegen.\r\n\r\n<strong>Gegenanzeigen:<\/strong>\r\n\r\nDas Produkt sollte bei bekannter Campher-Unvertr\u00e4glichkeit nicht angewendet werden.\r\n\r\n\u00a0","_et_gb_content_width":""},"product_brand":[474],"product_cat":[83,460,131,222,86],"product_tag":[124,454,196,413],"class_list":{"0":"post-987489343","1":"product","2":"type-product","3":"status-publish","4":"has-post-thumbnail","6":"product_brand-jane-iredale","7":"product_cat-jane-iredale","8":"product_cat-lip-gloss","9":"product_cat-mineralmakeup-lippen","10":"product_cat-mu-lippen","11":"product_cat-make-up","12":"product_tag-lippen","13":"product_tag-lippenbalsam","14":"product_tag-lippenpflege","15":"product_tag-lippenstift","17":"first","18":"onbackorder","19":"taxable","20":"shipping-taxable","21":"purchasable","22":"product-type-simple"},"booking_location":null,"booking_location_type":null,"booking_duration":null,"booking_duration_unit":null,"booking_buffer":null,"booking_cost":null,"booking_resources":null,"exclude_global_add_ons":[],"addons":[],"_links":{"self":[{"href":"https:\/\/www.claresco-cosmetic.de\/kosmetik-shop\/wp-json\/wp\/v2\/product\/987489343","targetHints":{"allow":["GET"]}}],"collection":[{"href":"https:\/\/www.claresco-cosmetic.de\/kosmetik-shop\/wp-json\/wp\/v2\/product"}],"about":[{"href":"https:\/\/www.claresco-cosmetic.de\/kosmetik-shop\/wp-json\/wp\/v2\/types\/product"}],"replies":[{"embeddable":true,"href":"https:\/\/www.claresco-cosmetic.de\/kosmetik-shop\/wp-json\/wp\/v2\/comments?post=987489343"}],"wp:featuredmedia":[{"embeddable":true,"href":"https:\/\/www.claresco-cosmetic.de\/kosmetik-shop\/wp-json\/wp\/v2\/media\/987489364"}],"wp:attachment":[{"href":"https:\/\/www.claresco-cosmetic.de\/kosmetik-shop\/wp-json\/wp\/v2\/media?parent=987489343"}],"wp:term":[{"taxonomy":"product_brand","embeddable":true,"href":"https:\/\/www.claresco-cosmetic.de\/kosmetik-shop\/wp-json\/wp\/v2\/product_brand?post=987489343"},{"taxonomy":"product_cat","embeddable":true,"href":"https:\/\/www.claresco-cosmetic.de\/kosmetik-shop\/wp-json\/wp\/v2\/product_cat?post=987489343"},{"taxonomy":"product_tag","embeddable":true,"href":"https:\/\/www.claresco-cosmetic.de\/kosmetik-shop\/wp-json\/wp\/v2\/product_tag?post=987489343"}],"curies":[{"name":"wp","href":"https:\/\/api.w.org\/{rel}","templated":true}]}}