{"id":987491339,"date":"2025-05-04T13:08:13","date_gmt":"2025-05-04T11:08:13","guid":{"rendered":"https:\/\/www.claresco-cosmetic.de\/kosmetik-shop\/?post_type=product&#038;p=987491339"},"modified":"2026-03-13T11:55:33","modified_gmt":"2026-03-13T10:55:33","slug":"liftrepair-discovery-duo","status":"publish","type":"product","link":"https:\/\/www.claresco-cosmetic.de\/kosmetik-shop\/produkt\/liftrepair-discovery-duo\/","title":{"rendered":"Lift &#038; Repair Discovery Duo"},"content":{"rendered":"<h5>Produktinformationen:<\/h5>\n<p>Erleben Sie die perfekte Synergie aus Reinigung, Regeneration und intensiver Feuchtigkeit \u2013 mit dem Lift &amp; Repair Discovery Duo. Dieses hochwertige Set vereint zwei der beliebtesten Produkte: das sanfte Enzyme Peeling und das tiefenwirksame Lift &amp; Repair Hyaluronic Serum.<\/p>\n<p>Starten Sie Ihre Pflege mit der kl\u00e4renden Kraft des Enzyme Peelings, das abgestorbene Hautzellen sanft entfernt, die Hautstruktur verfeinert und die Zellerneuerung aktiviert. Direkt danach entfaltet das Lift &amp; Repair Hyaluronic Serum seine volle Wirkung: Es versorgt Ihre Haut intensiv mit Feuchtigkeit, gl\u00e4ttet sichtbar feine Linien und schenkt ihr einen strahlenden Glow.<\/p>\n<p>Gemeinsam sorgen diese beiden Produkte f\u00fcr ein sp\u00fcrbar glatteres, jugendlicheres Hautbild \u2013 in wenigen Minuten. Die sorgf\u00e4ltig ausgew\u00e4hlten sacred plants und die lichtvolle Qualit\u00e4t der Biophotonen lassen Ihre Haut lebendig, gesund und tiefenwirksam gepflegt erscheinen.<\/p>\n<p>&nbsp;<\/p>\n<h5>Anwendung:<\/h5>\n<p><span style=\"font-weight: 500;\">Enzympeeling:<br \/>\n<\/span>Ein- bis zweimal pro Woche starten Sie mit dem sanften Enzyme Peeling, das abgestorbene Hautzellen entfernt und die Haut optimal auf die nachfolgende Pflege vorbereitet. Tragen Sie eine d\u00fcnne Schicht auf die gereinigte, leicht feuchte Haut auf, sparen Sie die Augen- und Mundpartie aus und massieren Sie das Peeling sanft mit den Fingerspitzen ein. Nach 5 bis 10 Minuten Einwirkzeit gr\u00fcndlich mit Wasser absp\u00fclen.<\/p>\n<div class=\"product-detail-description-text\">\n<p>&nbsp;<\/p>\n<p><span style=\"font-weight: 500;\">Lift &amp; Repair Hyaluronic Serum:<br \/>\n<\/span>Im Anschluss \u2013 oder t\u00e4glich morgens und abends nach der Reinigung \u2013 verw\u00f6hnen Sie Ihre Haut mit dem Lift &amp; Repair Hyaluronic Serum. Tragen Sie es gleichm\u00e4\u00dfig auf Gesicht, Hals und Dekollet\u00e9 auf und genie\u00dfen Sie die intensive Feuchtigkeitsversorgung sowie den sichtbaren Lifting-Effekt. Ideal erg\u00e4nzt durch eine PHARMOS NATUR Pflegecreme oder ein \u00d6l-Serum Ihrer Wahl.<\/p>\n<p>&nbsp;<\/p>\n<h5>Empfohlen f\u00fcr:<\/h5>\n<p><span style=\"font-weight: 500;\">Fahle und m\u00fcde Haut:<\/span><em><br \/>\n<\/em>Entfernt abgestorbene Hautzellen und aktiviert die Zellerneuerung<\/p>\n<p><span style=\"font-weight: 500;\">Anspruchsvolle Haut:<\/span><br \/>\nWirkt revitalisierend und sorgt f\u00fcr einen strahlenden Teint<\/p>\n<p><span style=\"font-weight: 500;\">Trockene, feuchtigkeitsarme Haut:<\/span><br \/>\nVersorgt die Haut intensiv mit Feuchtigkeit und sch\u00fctzt vor dem Austrocknen<\/p>\n<p><span style=\"font-weight: 500;\">Haut mit ersten Anzeichen der Hautalterung:<\/span><br \/>\nStrafft und polstert die Haut auf, beugt Faltenbildung und Elastizit\u00e4tsverlust vor<\/p>\n<p><span style=\"font-weight: 500;\">F\u00e4ltchen &amp; Linien:<\/span><br \/>\nReduziert feine Linien und Falten, f\u00f6rdert die Hautelastizit\u00e4t und sorgt f\u00fcr ein glattes Hautbild<\/p>\n<p><span style=\"font-weight: 500;\">Reife Haut:<\/span><br \/>\nUnterst\u00fctzt die Zellregeneration und f\u00f6rdert eine jugendliche, straffe Haut<\/p>\n<p><span style=\"font-weight: 500;\">Gest\u00f6rte Hautbarriere:<\/span><br \/>\nBeruhigt und sch\u00fctzt die Haut vor \u00e4u\u00dferen Einfl\u00fcssen, st\u00e4rkt die Hautbarriere<\/p>\n<p>&nbsp;<\/p>\n<\/div>\n","protected":false},"excerpt":{"rendered":"<h5>Enzymatisches Peeling &amp; Hyalurons\u00e4ure-Serum Set<\/h5>\n<p>3ml Enzyme Peeling<br \/>\n5ml Lift &amp; Repair Hyaluronic Serum<\/p>\n<p>&nbsp;<\/p>\n<ul>\n<li>Sanfte Reinigung und intensive Pflege in einem Set<\/li>\n<\/ul>\n<ul>\n<li>Spendet tiefenwirksam Feuchtigkeit und polstert die Haut auf<\/li>\n<\/ul>\n<ul>\n<li>Gl\u00e4ttet feine Linien und verfeinert das Hautbild<\/li>\n<\/ul>\n<ul>\n<li>F\u00f6rdert die Zellerneuerung und unterst\u00fctzt die Hautregeneration<\/li>\n<\/ul>\n<ul>\n<li>St\u00e4rkt das Hautmikrobiom und sch\u00fctzt vor \u00e4u\u00dferen Einfl\u00fcssen<\/li>\n<\/ul>\n<ul>\n<li>Schenkt einen frischen, strahlenden Teint<\/li>\n<\/ul>\n<ul>\n<li>Aus echten Heil- und Verj\u00fcngungspflanzen \u2013 sacred plants<\/li>\n<\/ul>\n<ul>\n<li>Mit einer F\u00fclle an Biophotonen \u2013 Ausdruck h\u00f6chster Qualit\u00e4t und achtsamer Verarbeitung<\/li>\n<\/ul>\n","protected":false},"featured_media":987491342,"comment_status":"open","ping_status":"closed","template":"","meta":{"_et_pb_use_builder":"","_et_pb_old_content":"","_et_gb_content_width":""},"product_brand":[473],"product_cat":[341,251,246,350,240,239,482,242],"product_tag":[190,344,288,287,466,68,289],"class_list":{"0":"post-987491339","1":"product","2":"type-product","3":"status-publish","4":"has-post-thumbnail","6":"product_brand-pharmos-natur","7":"product_cat-alle-angebote","8":"product_cat-pharmos-alle-naturkosmetik","9":"product_cat-pharmos-anti-aging","10":"product_cat-kleingroessen","11":"product_cat-pharmos-naturkosmetik","12":"product_cat-pharmos-natur","13":"product_cat-pharmos-geschenksets","14":"product_cat-pharmos-reinigung","15":"product_tag-antiaging","16":"product_tag-geschenk","17":"product_tag-geschenkset","18":"product_tag-kleingroessen","19":"product_tag-lifting","20":"product_tag-regeneration","21":"product_tag-set","22":"pa_inhalt-1-stueck","24":"first","25":"instock","26":"sale","27":"taxable","28":"shipping-taxable","29":"purchasable","30":"product-type-simple"},"booking_location":null,"booking_location_type":null,"booking_duration":null,"booking_duration_unit":null,"booking_buffer":null,"booking_cost":null,"booking_resources":null,"exclude_global_add_ons":[],"addons":[],"_links":{"self":[{"href":"https:\/\/www.claresco-cosmetic.de\/kosmetik-shop\/wp-json\/wp\/v2\/product\/987491339","targetHints":{"allow":["GET"]}}],"collection":[{"href":"https:\/\/www.claresco-cosmetic.de\/kosmetik-shop\/wp-json\/wp\/v2\/product"}],"about":[{"href":"https:\/\/www.claresco-cosmetic.de\/kosmetik-shop\/wp-json\/wp\/v2\/types\/product"}],"replies":[{"embeddable":true,"href":"https:\/\/www.claresco-cosmetic.de\/kosmetik-shop\/wp-json\/wp\/v2\/comments?post=987491339"}],"wp:featuredmedia":[{"embeddable":true,"href":"https:\/\/www.claresco-cosmetic.de\/kosmetik-shop\/wp-json\/wp\/v2\/media\/987491342"}],"wp:attachment":[{"href":"https:\/\/www.claresco-cosmetic.de\/kosmetik-shop\/wp-json\/wp\/v2\/media?parent=987491339"}],"wp:term":[{"taxonomy":"product_brand","embeddable":true,"href":"https:\/\/www.claresco-cosmetic.de\/kosmetik-shop\/wp-json\/wp\/v2\/product_brand?post=987491339"},{"taxonomy":"product_cat","embeddable":true,"href":"https:\/\/www.claresco-cosmetic.de\/kosmetik-shop\/wp-json\/wp\/v2\/product_cat?post=987491339"},{"taxonomy":"product_tag","embeddable":true,"href":"https:\/\/www.claresco-cosmetic.de\/kosmetik-shop\/wp-json\/wp\/v2\/product_tag?post=987491339"}],"curies":[{"name":"wp","href":"https:\/\/api.w.org\/{rel}","templated":true}]}}