{"id":987491417,"date":"2025-05-06T12:32:50","date_gmt":"2025-05-06T10:32:50","guid":{"rendered":"https:\/\/www.claresco-cosmetic.de\/kosmetik-shop\/?post_type=product&#038;p=987491417"},"modified":"2026-04-20T22:56:43","modified_gmt":"2026-04-20T20:56:43","slug":"geschenkset-bodyline-sommer","status":"publish","type":"product","link":"https:\/\/www.claresco-cosmetic.de\/kosmetik-shop\/produkt\/geschenkset-bodyline-sommer\/","title":{"rendered":"Geschenkset Bodyline Sommer"},"content":{"rendered":"<p>Ein wunderbares Set mit hochwertigen Produkten &#8211; zum Verschenken ideal!<\/p>\n<h5>Duschlotion Sommer<\/h5>\n<p>Eine milde Duschlotion mit (L+) Milchs\u00e4ure und einer besonders wertvollen mediterranen sommerlichen Parf\u00fcmierung.<\/p>\n<p>Anwendungsgebiet:<br \/>\nZur Reinigung der Haut. Unterst\u00fctzt den nat\u00fcrlichen Abl\u00f6seprozess der Hornschichtpartikel. L(+) Milchs\u00e4ure wirkt der \u00fcberm\u00e4\u00dfigen Verhornung der Talgdr\u00fcsenausg\u00e4nge entgegen.<\/p>\n<p>&nbsp;<\/p>\n<h5>K\u00f6rpercreme Sommer<\/h5>\n<p>Die Sommer K\u00f6rpercreme k\u00fchlt, regeneriert und verbessert die Spannkraft der Haut. Mit der besonderen wertvollen mediterranen Duftnote.<\/p>\n<p>Anwendungsgebiet:<br \/>\nDie Sommer K\u00f6rpercreme erzeugt ein besonders weiches und seidiges Hautgef\u00fchl. Zum Schutz, zur Regenerierung und zur Unterst\u00fctzung des Hautstoffwechsels.<\/p>\n","protected":false},"excerpt":{"rendered":"<p>Ein praktisches Geschenkset mit einem besonderen Duft.<\/p>\n<p>1x Sommerk\u00f6rpercreme 100ml<br \/>\n1x Sommerduschlotion 100ml<br \/>\n1x\u00a0 Waschhandschuh <strong><span style=\"color: #c59992;\">GESCHENKT!<\/span><\/strong><\/p>\n<p>&nbsp;<\/p>\n","protected":false},"featured_media":987491887,"comment_status":"open","ping_status":"closed","template":"","meta":{"_et_pb_use_builder":"off","_et_pb_old_content":"<strong>Anwendungsgebiete:<\/strong>\r\n\r\nAls K\u00f6rper\u00f6l zur Hautpflege und bei sehr empfindlicher Haut kann Squalan\u00f6l auch zur Reinigung der Haut verwendet werden.\r\n\r\n<strong>Wirkungsweise:<\/strong>\r\n\r\nSqualan\u00f6l ist ein hochwirksames hautidentisches \u00d6l, das von der Haut vollst\u00e4ndig verwertet wird. Es entspricht dem \u00f6ligen Anteil der nat\u00fcrlichen Hautlipide.\r\n\r\n<span style=\"font-weight: bold\">Anwendung:<\/span>\r\n\r\nSqualan\u00f6l sollte auf Grund der hochwirksamen Inhaltsstoffe immer verd\u00fcnnt auf die Haut gebracht werden. Wenige Tropfen ins Badewasser oder auf einen nassen Waschhandschuh reichen aus, um die hautpflegende Wirkung zu erreichen..","_et_gb_content_width":""},"product_brand":[472],"product_cat":[372,95,85,213,212,43,483,456],"product_tag":[195,400,325,202,402,324],"class_list":{"0":"post-987491417","1":"product","2":"type-product","3":"status-publish","4":"has-post-thumbnail","6":"product_brand-rosel-heim","7":"product_cat-alle-rosel-heim-produkte","8":"product_cat-rh-body-line","9":"product_cat-koerper","10":"product_cat-koerperpflege","11":"product_cat-reinigung","12":"product_cat-rosel-heim","13":"product_cat-rosel-heim-geschenksets","14":"product_cat-sets","15":"product_tag-duschgel","16":"product_tag-duschlotion","17":"product_tag-geschenke","18":"product_tag-koerper","19":"product_tag-koerperreinigung","20":"product_tag-weihnachten","22":"first","23":"instock","24":"taxable","25":"shipping-taxable","26":"purchasable","27":"product-type-simple"},"booking_location":null,"booking_location_type":null,"booking_duration":null,"booking_duration_unit":null,"booking_buffer":null,"booking_cost":null,"booking_resources":null,"exclude_global_add_ons":[],"addons":[],"_links":{"self":[{"href":"https:\/\/www.claresco-cosmetic.de\/kosmetik-shop\/wp-json\/wp\/v2\/product\/987491417","targetHints":{"allow":["GET"]}}],"collection":[{"href":"https:\/\/www.claresco-cosmetic.de\/kosmetik-shop\/wp-json\/wp\/v2\/product"}],"about":[{"href":"https:\/\/www.claresco-cosmetic.de\/kosmetik-shop\/wp-json\/wp\/v2\/types\/product"}],"replies":[{"embeddable":true,"href":"https:\/\/www.claresco-cosmetic.de\/kosmetik-shop\/wp-json\/wp\/v2\/comments?post=987491417"}],"wp:featuredmedia":[{"embeddable":true,"href":"https:\/\/www.claresco-cosmetic.de\/kosmetik-shop\/wp-json\/wp\/v2\/media\/987491887"}],"wp:attachment":[{"href":"https:\/\/www.claresco-cosmetic.de\/kosmetik-shop\/wp-json\/wp\/v2\/media?parent=987491417"}],"wp:term":[{"taxonomy":"product_brand","embeddable":true,"href":"https:\/\/www.claresco-cosmetic.de\/kosmetik-shop\/wp-json\/wp\/v2\/product_brand?post=987491417"},{"taxonomy":"product_cat","embeddable":true,"href":"https:\/\/www.claresco-cosmetic.de\/kosmetik-shop\/wp-json\/wp\/v2\/product_cat?post=987491417"},{"taxonomy":"product_tag","embeddable":true,"href":"https:\/\/www.claresco-cosmetic.de\/kosmetik-shop\/wp-json\/wp\/v2\/product_tag?post=987491417"}],"curies":[{"name":"wp","href":"https:\/\/api.w.org\/{rel}","templated":true}]}}