{"id":987492314,"date":"2025-06-18T12:39:49","date_gmt":"2025-06-18T10:39:49","guid":{"rendered":"https:\/\/www.claresco-cosmetic.de\/kosmetik-shop\/?post_type=product&#038;p=987492314"},"modified":"2026-03-14T15:55:03","modified_gmt":"2026-03-14T14:55:03","slug":"lift-repair-serum","status":"publish","type":"product","link":"https:\/\/www.claresco-cosmetic.de\/kosmetik-shop\/produkt\/lift-repair-serum\/","title":{"rendered":"Lift &#038; Repair Hyaluronic Serum"},"content":{"rendered":"<h5>Produktinformationen:<\/h5>\n<p>Sch\u00f6nheit, die unter die Haut geht. Das LOVE YOUR AGE LIFT &amp; REPAIR HYALURONIC SERUM ist ein wahres Beauty-Elixier. Es wirkt sofort und belebt Ihre Haut mit einem sicht- und sp\u00fcrbaren Lifting-Effekt. Die Kombination aus biophotonenreicher Aloe Vera, kurz- und langkettigem sowie pflanzlichem Hyaluron und Snow Mushroom pflegt Ihre Haut mit intensiver Feuchtigkeit, polstert sie auf und sorgt f\u00fcr einen jugendlichen Glow.<\/p>\n<p>Feine Linien und F\u00e4ltchen werden sichtbar gegl\u00e4ttet, Ihre Haut wirkt straffer und frischer. Die Textur zieht schnell ein, hinterl\u00e4sst keinen Fettfilm und sorgt f\u00fcr ein geschmeidiges, frisches Hautgef\u00fchl, das den ganzen Tag anh\u00e4lt. Dank der holistischen Wirkung werden Ihre Hautzellen zur Regeneration angeregt, was an Ihrem strahlenden Teint unmittelbar zu sehen ist.<\/p>\n<p>Perfekt f\u00fcr jeden Tag: als Feuchtigkeitsspender und Lifting-Wunder, das Ihre Haut von innen heraus st\u00e4rkt und au\u00dfen wirksam pflegt. Der bet\u00f6rende Duft aus Vanille, Patschuli und Citrus Aurantium beruhigt Ihren Geist und vollendet diese sinnliche Hautpflege. G\u00f6nnen Sie Ihrer Haut Holistic Skincare aus der Natur: f\u00fcr strahlende, jugendliche Haut, die lebendig und tiefenwirksam gepflegt aussieht.<\/p>\n<p>&nbsp;<\/p>\n<h5>Anwendung:<\/h5>\n<p>Morgens und abends nach der Reinigung auf Gesicht, Hals und Dekollet\u00e9 auftragen &#8211; idealerweise auf die noch feuchte Haut. Verwenden Sie im Anschluss eine PHARMOS NATUR\u00a0Pflegecreme oder bei Bedarf auch eines der \u00d6l-Seren.<\/p>\n<p>&nbsp;<\/p>\n<div class=\"product-detail-description-text\">\n<p>&nbsp;<\/p>\n<h5>Empfohlen f\u00fcr:<\/h5>\n<ul>\n<li style=\"margin-bottom: 14px;\"><span style=\"font-weight: 500;\">Haut mit ersten Anzeichen der Hautalterung:<\/span> Strafft und polstert die Haut auf, beugt Faltenbildung und Elastizit\u00e4tsverlust vor<\/li>\n<li style=\"margin-bottom: 14px;\"><span style=\"font-weight: 500;\">F\u00e4ltchen &amp; Linien:<\/span> Reduziert feine Linien und Falten, f\u00f6rdert die Hautelastizit\u00e4t und sorgt f\u00fcr ein glattes Hautbild<\/li>\n<li style=\"margin-bottom: 14px;\"><span style=\"font-weight: 500;\">Reife Haut:<\/span> Unterst\u00fctzt die Zellregeneration und f\u00f6rdert eine jugendliche, straffe Haut<\/li>\n<li style=\"margin-bottom: 14px;\"><span style=\"font-weight: 500;\">Trockene, feuchtigkeitsarme Haut:<\/span> Spendet intensive Feuchtigkeit und hilft, die Haut langanhaltend zu hydratisieren<\/li>\n<li style=\"margin-bottom: 14px;\"><span style=\"font-weight: 500;\">Gest\u00f6rte Hautbarriere:<\/span> Beruhigt und sch\u00fctzt die Haut vor \u00e4u\u00dferen Einfl\u00fcssen, st\u00e4rkt die Hautbarriere<\/li>\n<li style=\"margin-bottom: 14px;\"><span style=\"font-weight: 500;\">Matt, stumpf und m\u00fcde wirkende Haut:<\/span> Verleiht der Haut ein frisches, revitalisiertes Aussehen und f\u00f6rdert eine gesunde Ausstrahlung<\/li>\n<\/ul>\n<\/div>\n","protected":false},"excerpt":{"rendered":"<p>Straffendes &amp; Regenerierendes Hyaluronserum, ein Feuchtigkeitsbooster mit Sofort-Lifting-Effekt<\/p>\n<p>&nbsp;<\/p>\n<ul>\n<li style=\"margin-bottom: 12px;\">Spendet intensiv Feuchtigkeit<\/li>\n<li style=\"margin-bottom: 12px;\">Reduziert F\u00e4ltchen und gl\u00e4ttet sofort<\/li>\n<li style=\"margin-bottom: 12px;\">Wirkt straffend und regenerierend<\/li>\n<li style=\"margin-bottom: 12px;\">Unterst\u00fctzt ein gesundes Hautmikrobiom<\/li>\n<li style=\"margin-bottom: 12px;\">F\u00f6rdert die Zellerneuerung und revitalisiert<\/li>\n<li style=\"margin-bottom: 12px;\">St\u00e4rkt die Hautbarriere und sch\u00fctzt vor \u00e4u\u00dferen Einfl\u00fcssen<\/li>\n<li style=\"margin-bottom: 12px;\">Aus echten Heil- und Verj\u00fcngungspflanzen, sacred plants<\/li>\n<\/ul>\n","protected":false},"featured_media":987492315,"comment_status":"open","ping_status":"closed","template":"","meta":{"_et_pb_use_builder":"","_et_pb_old_content":"","_et_gb_content_width":""},"product_brand":[473],"product_cat":[251,246,243,239,244],"product_tag":[190,470,287,68,120],"class_list":{"0":"post-987492314","1":"product","2":"type-product","3":"status-publish","4":"has-post-thumbnail","6":"product_brand-pharmos-natur","7":"product_cat-pharmos-alle-naturkosmetik","8":"product_cat-pharmos-anti-aging","9":"product_cat-pharmos-gesichtspflege","10":"product_cat-pharmos-natur","11":"product_cat-pharmos-serum","12":"product_tag-antiaging","13":"product_tag-hyaluron","14":"product_tag-kleingroessen","15":"product_tag-regeneration","16":"product_tag-serum","18":"first","19":"onbackorder","20":"taxable","21":"shipping-taxable","22":"purchasable","23":"product-type-simple"},"booking_location":null,"booking_location_type":null,"booking_duration":null,"booking_duration_unit":null,"booking_buffer":null,"booking_cost":null,"booking_resources":null,"exclude_global_add_ons":[],"addons":[],"_links":{"self":[{"href":"https:\/\/www.claresco-cosmetic.de\/kosmetik-shop\/wp-json\/wp\/v2\/product\/987492314","targetHints":{"allow":["GET"]}}],"collection":[{"href":"https:\/\/www.claresco-cosmetic.de\/kosmetik-shop\/wp-json\/wp\/v2\/product"}],"about":[{"href":"https:\/\/www.claresco-cosmetic.de\/kosmetik-shop\/wp-json\/wp\/v2\/types\/product"}],"replies":[{"embeddable":true,"href":"https:\/\/www.claresco-cosmetic.de\/kosmetik-shop\/wp-json\/wp\/v2\/comments?post=987492314"}],"wp:featuredmedia":[{"embeddable":true,"href":"https:\/\/www.claresco-cosmetic.de\/kosmetik-shop\/wp-json\/wp\/v2\/media\/987492315"}],"wp:attachment":[{"href":"https:\/\/www.claresco-cosmetic.de\/kosmetik-shop\/wp-json\/wp\/v2\/media?parent=987492314"}],"wp:term":[{"taxonomy":"product_brand","embeddable":true,"href":"https:\/\/www.claresco-cosmetic.de\/kosmetik-shop\/wp-json\/wp\/v2\/product_brand?post=987492314"},{"taxonomy":"product_cat","embeddable":true,"href":"https:\/\/www.claresco-cosmetic.de\/kosmetik-shop\/wp-json\/wp\/v2\/product_cat?post=987492314"},{"taxonomy":"product_tag","embeddable":true,"href":"https:\/\/www.claresco-cosmetic.de\/kosmetik-shop\/wp-json\/wp\/v2\/product_tag?post=987492314"}],"curies":[{"name":"wp","href":"https:\/\/api.w.org\/{rel}","templated":true}]}}