{"id":987494309,"date":"2025-09-04T15:19:32","date_gmt":"2025-09-04T13:19:32","guid":{"rendered":"https:\/\/www.claresco-cosmetic.de\/kosmetik-shop\/?post_type=product&#038;p=987494309"},"modified":"2025-12-31T18:21:04","modified_gmt":"2025-12-31T17:21:04","slug":"calming-body-lotion","status":"publish","type":"product","link":"https:\/\/www.claresco-cosmetic.de\/kosmetik-shop\/produkt\/calming-body-lotion\/","title":{"rendered":"Calming Body Lotion"},"content":{"rendered":"<h5>Produktinformation<\/h5>\n<p>Manchmal braucht es nur einen Moment, um zur Ruhe zu kommen. Ein sanftes Ritual, das K\u00f6rper und Seele wie in eine warme Umarmung h\u00fcllt. Die CALMING BODY LOTION ist genau daf\u00fcr geschaffen, ein sinnliches Pflegeerlebnis, das weit \u00fcber reine Hautpflege hinausgeht. Der zarte Duft wei\u00dfer Bl\u00fcten, wie Jasmin, Tuberose, Gardenie, Lilie und Orangenbl\u00fcte, verbindet sich mit der sanften S\u00fc\u00dfe von Vanille zu einer Komposition, die das Nervensystem beruhigt, Spannungen l\u00f6st und das innere Gleichgewicht st\u00e4rkt. Schon beim Auftragen entfaltet sich eine Atmosph\u00e4re von W\u00e4rme, Sicherheit und stiller Freude.<\/p>\n<p>F\u00fcr alle Hauttypen geeignet.<\/p>\n<p>&nbsp;<\/p>\n<h5>Anwendung<\/h5>\n<p>T\u00e4glich auf den gesamten K\u00f6rper auftragen, um die Haut und die Sinne zu verw\u00f6hnen.<\/p>\n<p>&nbsp;<\/p>\n<h5>Empfohlen f\u00fcr<\/h5>\n<ul>\n<li>Sensible, anspruchsvolle Haut \u2192 wirkt sanft, beruhigt und regeneriert tiefenwirksam<\/li>\n<li>Verlust an Spannkraft \u2192 st\u00e4rkt das Gewebe und unterst\u00fctzt die nat\u00fcrliche Zellaktivit\u00e4t\u200b<\/li>\n<li>Haut im Ungleichgewicht \u2192 bringt den Hautzustand ins nat\u00fcrliche Gleichgewicht zur\u00fcck<\/li>\n<li>Innere Unruhe \u2192 der feine Durft aus Vanille und wei\u00dfen Bl\u00fcten wirkt ausgleichend und entspannt<\/li>\n<\/ul>\n<p>&nbsp;<\/p>\n[et_pb_section global_module=\"987493092\"][\/et_pb_section]\n","protected":false},"excerpt":{"rendered":"<p>Beruhigende Body Lotion mit wei\u00dfen Bl\u00fcten &amp; Vanille<\/p>\n<p>&nbsp;<\/p>\n<ul>\n<li style=\"margin-bottom: 12px;\">wirkt entz\u00fcndungshemmend<\/li>\n<li style=\"margin-bottom: 12px;\">beruhigend und zart duftend<\/li>\n<li style=\"margin-bottom: 12px;\">spendet intensive Feuchtigkeit\u200b<\/li>\n<li style=\"margin-bottom: 12px;\">unterst\u00fctzt die innere Ruhe und f\u00f6rdert einen guten Schlaf\u200b<\/li>\n<li style=\"margin-bottom: 12px;\">sch\u00fctzt vor freien Radikalen &amp; beugt vorzeitiger Hautalterung vor\u200b<\/li>\n<li>entspannt das Nervensystem und die Muskulatur<\/li>\n<\/ul>\n","protected":false},"featured_media":987494312,"comment_status":"open","ping_status":"closed","template":"","meta":{"_et_pb_use_builder":"","_et_pb_old_content":"","_et_gb_content_width":""},"product_brand":[473],"product_cat":[251,479,85,249,213,240,87,239],"product_tag":[305,203,68],"class_list":{"0":"post-987494309","1":"product","2":"type-product","3":"status-publish","4":"has-post-thumbnail","6":"product_brand-pharmos-natur","7":"product_cat-pharmos-alle-naturkosmetik","8":"product_cat-body-soul","9":"product_cat-koerper","10":"product_cat-pharmos-koerperpflege","11":"product_cat-koerperpflege","12":"product_cat-pharmos-naturkosmetik","13":"product_cat-new-in","14":"product_cat-pharmos-natur","15":"product_tag-bindegewebe","16":"product_tag-bodylotion","17":"product_tag-regeneration","18":"pa_inhalt-200ml","20":"first","21":"onbackorder","22":"taxable","23":"shipping-taxable","24":"purchasable","25":"product-type-simple"},"booking_location":null,"booking_location_type":null,"booking_duration":null,"booking_duration_unit":null,"booking_buffer":null,"booking_cost":null,"booking_resources":null,"exclude_global_add_ons":[],"addons":[],"_links":{"self":[{"href":"https:\/\/www.claresco-cosmetic.de\/kosmetik-shop\/wp-json\/wp\/v2\/product\/987494309","targetHints":{"allow":["GET"]}}],"collection":[{"href":"https:\/\/www.claresco-cosmetic.de\/kosmetik-shop\/wp-json\/wp\/v2\/product"}],"about":[{"href":"https:\/\/www.claresco-cosmetic.de\/kosmetik-shop\/wp-json\/wp\/v2\/types\/product"}],"replies":[{"embeddable":true,"href":"https:\/\/www.claresco-cosmetic.de\/kosmetik-shop\/wp-json\/wp\/v2\/comments?post=987494309"}],"wp:featuredmedia":[{"embeddable":true,"href":"https:\/\/www.claresco-cosmetic.de\/kosmetik-shop\/wp-json\/wp\/v2\/media\/987494312"}],"wp:attachment":[{"href":"https:\/\/www.claresco-cosmetic.de\/kosmetik-shop\/wp-json\/wp\/v2\/media?parent=987494309"}],"wp:term":[{"taxonomy":"product_brand","embeddable":true,"href":"https:\/\/www.claresco-cosmetic.de\/kosmetik-shop\/wp-json\/wp\/v2\/product_brand?post=987494309"},{"taxonomy":"product_cat","embeddable":true,"href":"https:\/\/www.claresco-cosmetic.de\/kosmetik-shop\/wp-json\/wp\/v2\/product_cat?post=987494309"},{"taxonomy":"product_tag","embeddable":true,"href":"https:\/\/www.claresco-cosmetic.de\/kosmetik-shop\/wp-json\/wp\/v2\/product_tag?post=987494309"}],"curies":[{"name":"wp","href":"https:\/\/api.w.org\/{rel}","templated":true}]}}