{"id":987494314,"date":"2025-09-04T17:25:15","date_gmt":"2025-09-04T15:25:15","guid":{"rendered":"https:\/\/www.claresco-cosmetic.de\/kosmetik-shop\/?post_type=product&#038;p=987494314"},"modified":"2025-12-31T18:21:06","modified_gmt":"2025-12-31T17:21:06","slug":"refreshing-body-lotion","status":"publish","type":"product","link":"https:\/\/www.claresco-cosmetic.de\/kosmetik-shop\/produkt\/refreshing-body-lotion\/","title":{"rendered":"Refreshing Body Lotion"},"content":{"rendered":"<h5>Produktinformation<\/h5>\n<p>Die Refreshing Body Lotion ist hat eine belebende Wirkung mit der warmen Klarheit von Sandelholz. Die leichte K\u00f6rperlotion zieht schnell ein und versorgt die Haut intensiv mit Feuchtigkeit. Bio Aloe Vera, Jojoba\u00f6l und Sheabutter pflegen sanft, st\u00e4rken die Hautbarriere und unterst\u00fctzen die nat\u00fcrliche Regeneration \u2013 f\u00fcr ein glattes, ausgeglichenes Hautgef\u00fchl. Die ausgewogene Kombination nat\u00fcrlicher Pflanzenwirkstoffe hilft der Haut, ins Gleichgewicht zu kommen, reduziert Spannungsgef\u00fchle und verleiht ihr neue Energie.<\/p>\n<p>Minz\u00f6l und Menthol sorgen f\u00fcr angenehme Frische und ein sp\u00fcrbar belebtes Hautgef\u00fchl \u2013 ideal am Morgen, nach dem Duschen oder bei m\u00fcder, beanspruchter Haut.<\/p>\n<p>Begleitet wird das Pflegeerlebnis von einem dezenten Duft auf Basis nat\u00fcrlicher Essenzen: Zitrusfrische in der Kopfnote, feine Kr\u00e4uternuancen im Herzen und eine klare, holzige Tiefe aus Vetiver und Sandelholz schaffen ein harmonisches, ausgleichendes Dufterlebnis.<\/p>\n<p>Ideal f\u00fcr: Alle Hauttypen, auch f\u00fcr sensible oder gestresste Haut.<br \/>\nEbenfalls wohltuend: Nach dem Sonnenbad.<\/p>\n<p>&nbsp;<\/p>\n<h5>Anwendung<\/h5>\n<p>T\u00e4glich auf den gesamten K\u00f6rper auftragen, um die Haut und die Sinne zu verw\u00f6hnen.<\/p>\n<p>&nbsp;<\/p>\n<h5>Empfohlen f\u00fcr<\/h5>\n<ul>\n<li><strong><span style=\"color: #617665;\">Hitze und warme Tage<\/span><\/strong> \u2192 schenkt angenehme K\u00fchlung und erfrischt die Haut sp\u00fcrbar<\/li>\n<li><strong><span style=\"color: #617665;\">M\u00fcde gestresste Haut<\/span><\/strong> \u2192 Belebt sofort mit Minz\u00f6l, Menthol und erfrischenden Zitrusnoten\u200b<\/li>\n<li><strong><span style=\"color: #617665;\">Spannungsgef\u00fchle<\/span> <\/strong>\u2192 werden sp\u00fcrbar reduziert und bringt die Haut ins nat\u00fcrliche Gleichgewicht<\/li>\n<li><span style=\"color: #617665;\"><strong>Nach dem Sonnenbad<\/strong><\/span> \u2192 wirkt wohltuend, spendet Feuchtigkeit und k\u00fchlt sanft<\/li>\n<\/ul>\n<p>&nbsp;<\/p>\n[et_pb_section global_module=\"987493092\"][\/et_pb_section]\n","protected":false},"excerpt":{"rendered":"<p>Erfrischende Body Lotion mit Vetiver &amp; Sandelholz<\/p>\n<p>&nbsp;<\/p>\n<ul>\n<li style=\"margin-bottom: 12px;\">spendet intensive Feuchtigkeit und wirkt k\u00fchlend<\/li>\n<li style=\"margin-bottom: 12px;\">beruhigt gestresste Hautpartien<\/li>\n<li style=\"margin-bottom: 12px;\">regt den Lymphfluss an<\/li>\n<li style=\"margin-bottom: 12px;\">mit Bio Aloe Vera, Jojoba\u00f6l und Sheabutter<\/li>\n<li style=\"margin-bottom: 12px;\">f\u00fcr angenehme Frische und ein belebtes Hautgef\u00fchl durch Minz\u00f6l und Menthol<\/li>\n<li style=\"margin-bottom: 12px;\">Ideal bei Cellulite und Stauungen<\/li>\n<li>Wohltuend an hei\u00dfen Tagen und als After-Sun-Lotion<\/li>\n<\/ul>\n","protected":false},"featured_media":987494311,"comment_status":"open","ping_status":"closed","template":"","meta":{"_et_pb_use_builder":"","_et_pb_old_content":"","_et_gb_content_width":""},"product_brand":[473],"product_cat":[251,479,85,249,213,240,87,239],"product_tag":[305,203,68],"class_list":{"0":"post-987494314","1":"product","2":"type-product","3":"status-publish","4":"has-post-thumbnail","6":"product_brand-pharmos-natur","7":"product_cat-pharmos-alle-naturkosmetik","8":"product_cat-body-soul","9":"product_cat-koerper","10":"product_cat-pharmos-koerperpflege","11":"product_cat-koerperpflege","12":"product_cat-pharmos-naturkosmetik","13":"product_cat-new-in","14":"product_cat-pharmos-natur","15":"product_tag-bindegewebe","16":"product_tag-bodylotion","17":"product_tag-regeneration","18":"pa_inhalt-200ml","20":"first","21":"onbackorder","22":"taxable","23":"shipping-taxable","24":"purchasable","25":"product-type-simple"},"booking_location":null,"booking_location_type":null,"booking_duration":null,"booking_duration_unit":null,"booking_buffer":null,"booking_cost":null,"booking_resources":null,"exclude_global_add_ons":[],"addons":[],"_links":{"self":[{"href":"https:\/\/www.claresco-cosmetic.de\/kosmetik-shop\/wp-json\/wp\/v2\/product\/987494314","targetHints":{"allow":["GET"]}}],"collection":[{"href":"https:\/\/www.claresco-cosmetic.de\/kosmetik-shop\/wp-json\/wp\/v2\/product"}],"about":[{"href":"https:\/\/www.claresco-cosmetic.de\/kosmetik-shop\/wp-json\/wp\/v2\/types\/product"}],"replies":[{"embeddable":true,"href":"https:\/\/www.claresco-cosmetic.de\/kosmetik-shop\/wp-json\/wp\/v2\/comments?post=987494314"}],"wp:featuredmedia":[{"embeddable":true,"href":"https:\/\/www.claresco-cosmetic.de\/kosmetik-shop\/wp-json\/wp\/v2\/media\/987494311"}],"wp:attachment":[{"href":"https:\/\/www.claresco-cosmetic.de\/kosmetik-shop\/wp-json\/wp\/v2\/media?parent=987494314"}],"wp:term":[{"taxonomy":"product_brand","embeddable":true,"href":"https:\/\/www.claresco-cosmetic.de\/kosmetik-shop\/wp-json\/wp\/v2\/product_brand?post=987494314"},{"taxonomy":"product_cat","embeddable":true,"href":"https:\/\/www.claresco-cosmetic.de\/kosmetik-shop\/wp-json\/wp\/v2\/product_cat?post=987494314"},{"taxonomy":"product_tag","embeddable":true,"href":"https:\/\/www.claresco-cosmetic.de\/kosmetik-shop\/wp-json\/wp\/v2\/product_tag?post=987494314"}],"curies":[{"name":"wp","href":"https:\/\/api.w.org\/{rel}","templated":true}]}}