{"id":987494317,"date":"2025-09-04T17:55:50","date_gmt":"2025-09-04T15:55:50","guid":{"rendered":"https:\/\/www.claresco-cosmetic.de\/kosmetik-shop\/?post_type=product&#038;p=987494317"},"modified":"2025-12-31T20:26:20","modified_gmt":"2025-12-31T19:26:20","slug":"energizing-body-brush","status":"publish","type":"product","link":"https:\/\/www.claresco-cosmetic.de\/kosmetik-shop\/produkt\/energizing-body-brush\/","title":{"rendered":"Energizing Body Brush"},"content":{"rendered":"<h5>Produktinformation<\/h5>\n<p>Die Energizing Body Brush ist Ihr t\u00e4gliches Selfcare-Ritual f\u00fcr mehr Energie, glatte Haut und eine verbesserte Durchblutung. Die Kombination aus nat\u00fcrlichen, feinen Haar- und Kupferborsten aktiviert Ihr Lymphsystem, unterst\u00fctzt die Entgiftung und schenkt Ihrer Haut sp\u00fcrbar neue Vitalit\u00e4t.<\/p>\n<p>Wussten Sie schon? Kupfer besitzt nat\u00fcrliche antimikrobielle Eigenschaften und wirkt energetisierend. Durch die Reibung auf der Haut entstehen negativ geladene Ionen (Anionen), die das energetische Gleichgewicht f\u00f6rdern \u2013 ein traditionell bew\u00e4hrter Weg, um K\u00f6rper und Geist in Einklang zu bringen.<\/p>\n<p>&nbsp;<\/p>\n<h5>Anwendung<\/h5>\n<p>Verwenden Sie die B\u00fcrste idealerweise vor dem Duschen auf trockener Haut. F\u00fchren Sie lange, gleichm\u00e4\u00dfige B\u00fcrstenstriche immer in Richtung Herz aus \u2013 beginnen Sie an F\u00fc\u00dfen oder H\u00e4nden und arbeiten Sie sich zur K\u00f6rpermitte vor. Bauch und R\u00fccken b\u00fcrsten Sie in sanften, kreisenden Bewegungen. Bei einer Allergie gegen Kupfer oder Zinn nicht verwenden.<\/p>\n<p><em>Tipp:<\/em> Tragen Sie im Anschluss das Detoxing Body Oil auf, um die Wirkung zu intensivieren.<\/p>\n<p><em>Pflege der Trockenb\u00fcrste:<\/em> Nach jeder Anwendung gut ausklopfen und trocken lagern. Nicht mit Wasser reinigen \u2013 Kupfer kann oxidieren.<\/p>\n<p>&nbsp;<\/p>\n<h5>Empfohlen f\u00fcr<\/h5>\n<ul>\n<li><span style=\"color: #617665;\"><b>M\u00fcde, fahle Haut <\/b><\/span>\u2192 bringt neue Frische und Strahlkraft &#8211; die Haut wirkt wacher und vitaler<\/li>\n<li><strong><span style=\"color: #617665;\">Unreine Haut oder Cellulite<\/span><\/strong> \u2192 F\u00f6rdert die Durchblutung, regt den Stoffwechsel an und unterst\u00fctzt die Hautreinigung<\/li>\n<li><strong><span style=\"color: #617665;\">St\u00e4rkung des Lymphsystems<\/span>\u00a0<\/strong>\u2192 Unterst\u00fctzt den Abtransport von Schlackenstoffen und aktiviert den Lymphfluss<\/li>\n<li><span style=\"color: #617665;\"><strong>Energetisierung des K\u00f6rpers<\/strong><\/span> \u2192 wirkt belebend, ausgleichend und aktiviert die k\u00f6rpereigenen Energiezentren<\/li>\n<li><span style=\"color: #617665;\"><strong>Regeneration und Selbstpflegerituale<\/strong><\/span> \u2192 Schafft Momente der Achtsamkeit und unterst\u00fctzt die nat\u00fcrliche Regeneration von Haut und Seele<\/li>\n<\/ul>\n<p>&nbsp;<\/p>\n<p>&nbsp;<\/p>\n","protected":false},"excerpt":{"rendered":"<p>F\u00fcr ein frisches &amp; geschmeidiges Hautbild<\/p>\n<p>&nbsp;<\/p>\n<ul>\n<li style=\"margin-bottom: 12px;\">regt die Durchblutung und den Lymphfluss an<\/li>\n<li style=\"margin-bottom: 12px;\">entfernt abgestorbene Hautzellen &#8211; f\u00fcr sichbar glattere Haut<\/li>\n<li style=\"margin-bottom: 12px;\">ionisierender Kupfereffekt f\u00fcr energetischen Ausgleich<\/li>\n<li style=\"margin-bottom: 12px;\">100% Naturmaterialien &#8211; handgefertigt in Deutschland<\/li>\n<li style=\"margin-bottom: 12px;\">ideal bei Cellulite, fahler Haut und zur Detox-Unterst\u00fctzung<\/li>\n<\/ul>\n<p>&nbsp;<\/p>\n","protected":false},"featured_media":987494310,"comment_status":"open","ping_status":"closed","template":"","meta":{"_et_pb_use_builder":"","_et_pb_old_content":"","_et_gb_content_width":""},"product_brand":[473],"product_cat":[251,479,85,249,213,240,87,239],"product_tag":[305,203,68],"class_list":{"0":"post-987494317","1":"product","2":"type-product","3":"status-publish","4":"has-post-thumbnail","6":"product_brand-pharmos-natur","7":"product_cat-pharmos-alle-naturkosmetik","8":"product_cat-body-soul","9":"product_cat-koerper","10":"product_cat-pharmos-koerperpflege","11":"product_cat-koerperpflege","12":"product_cat-pharmos-naturkosmetik","13":"product_cat-new-in","14":"product_cat-pharmos-natur","15":"product_tag-bindegewebe","16":"product_tag-bodylotion","17":"product_tag-regeneration","18":"pa_inhalt-1-stueck","20":"first","21":"onbackorder","22":"taxable","23":"shipping-taxable","24":"purchasable","25":"product-type-simple"},"booking_location":null,"booking_location_type":null,"booking_duration":null,"booking_duration_unit":null,"booking_buffer":null,"booking_cost":null,"booking_resources":null,"exclude_global_add_ons":[],"addons":[],"_links":{"self":[{"href":"https:\/\/www.claresco-cosmetic.de\/kosmetik-shop\/wp-json\/wp\/v2\/product\/987494317","targetHints":{"allow":["GET"]}}],"collection":[{"href":"https:\/\/www.claresco-cosmetic.de\/kosmetik-shop\/wp-json\/wp\/v2\/product"}],"about":[{"href":"https:\/\/www.claresco-cosmetic.de\/kosmetik-shop\/wp-json\/wp\/v2\/types\/product"}],"replies":[{"embeddable":true,"href":"https:\/\/www.claresco-cosmetic.de\/kosmetik-shop\/wp-json\/wp\/v2\/comments?post=987494317"}],"wp:featuredmedia":[{"embeddable":true,"href":"https:\/\/www.claresco-cosmetic.de\/kosmetik-shop\/wp-json\/wp\/v2\/media\/987494310"}],"wp:attachment":[{"href":"https:\/\/www.claresco-cosmetic.de\/kosmetik-shop\/wp-json\/wp\/v2\/media?parent=987494317"}],"wp:term":[{"taxonomy":"product_brand","embeddable":true,"href":"https:\/\/www.claresco-cosmetic.de\/kosmetik-shop\/wp-json\/wp\/v2\/product_brand?post=987494317"},{"taxonomy":"product_cat","embeddable":true,"href":"https:\/\/www.claresco-cosmetic.de\/kosmetik-shop\/wp-json\/wp\/v2\/product_cat?post=987494317"},{"taxonomy":"product_tag","embeddable":true,"href":"https:\/\/www.claresco-cosmetic.de\/kosmetik-shop\/wp-json\/wp\/v2\/product_tag?post=987494317"}],"curies":[{"name":"wp","href":"https:\/\/api.w.org\/{rel}","templated":true}]}}