{"id":987496101,"date":"2025-11-15T17:16:20","date_gmt":"2025-11-15T16:16:20","guid":{"rendered":"https:\/\/www.claresco-cosmetic.de\/kosmetik-shop\/?post_type=product&#038;p=987496101"},"modified":"2025-12-03T19:26:07","modified_gmt":"2025-12-03T18:26:07","slug":"haut-starter-make-up-hautanalyse-make-up-2-produkte","status":"publish","type":"product","link":"https:\/\/www.claresco-cosmetic.de\/kosmetik-shop\/produkt\/haut-starter-make-up-hautanalyse-make-up-2-produkte\/","title":{"rendered":"HAUT-Starter Make-up &#8211; Hautanalyse + Make-up + 2 Produkte"},"content":{"rendered":"<div class=\"et_pb_toggle_content clearfix\">\n<h5><strong>Ihre Kernvorteile:<\/strong><\/h5>\n<div class=\"woocommerce et-dynamic-content-woo et-dynamic-content-woo--product_description\">\n<p>\u2192 Volle Analyse wie bei Pflege-Bundle: Auswertung von Anamnese und Fotos mit individuellem Tages-\/Abend-Plan.<\/p>\n<p>\u2192 Make-up-Fokus: Shade-Empfehlung nach Foto-Abgleich, Produkte und die Anwendung sind harmonisch abgestimmt.<\/p>\n<p>\u2192 Startklar in 24 h: Klarer Ablauf, terminfrei und mit verst\u00e4ndlichen Anwendungsschritten.<\/p>\n<p>&nbsp;<\/p>\n<h5><strong>So funktioniert&#8217;s (3 Schritte):<\/strong><\/h5>\n<p><span style=\"color: #808080;\">\u2192 <strong>Kaufen:<\/strong><br \/>\n<span style=\"color: #666666;\">Sie bezahlen sicher im Shop und erhalten direkt den Link zum Anamesebogen in Ihrem Kundenkonto bereitgestellt<\/span><\/span><\/p>\n<p><span style=\"color: #808080;\"><strong>\u2192 Ausf\u00fcllen &amp; absenden:<\/strong><\/span><br \/>\n<span style=\"color: #666666;\">Den Anamnesebogen einfach absenden plus 2-4 Fotos Ihrer Haut per Email an team@claresco-cosmetic.de sicher \u00fcbermitteln.<\/span><\/p>\n<p><span style=\"color: #808080;\"><strong>\u2192 Erhalten:<\/strong><\/span><br \/>\nIhren personalisierten Pflegeplan erhalten Sie in 24 h an Werktagen per E-Mail-PDF, danach best\u00e4tigen wir die Produktauswahl und versenden die Produkte an Sie. Optionales Feedback nach ca. 4 Wochen.<\/p>\n<p>&nbsp;<\/p>\n<\/div>\n<\/div>\n<h5><strong>Varianten &amp; Upgrades:<\/strong><\/h5>\n<ul>\n<li>Nach Ihrer Online-Hautanalyse empfehlen wir die exakt passenden Produktgr\u00f6\u00dfen und Varianten; im Bundel sind Einsteiger-Gr\u00f6\u00dfen vorgesehen (z.B. Reinigung 100ml, Pflege je 15ml)<\/li>\n<\/ul>\n<ul>\n<li>Falls Ihre Hautsituation gr\u00f6\u00dfere Verpackungseinheiten oder eine bestimmte h\u00f6herpreisige Tagespflege sinnvoll macht, informieren wir Sie transparent \u00fcber eventuelle Aufpreise und holen vor dem Versand Ihre Zustimmung ein.<\/li>\n<\/ul>\n<ul>\n<li>Sie behalten die Wahl: Ohne Ihre aktive Best\u00e4tigung bleiben wir beim Bundle-Standard ohne Mehrkosten.<\/li>\n<\/ul>\n<p>&nbsp;<\/p>\n<h5><strong>Was Sie erhalten:<\/strong><\/h5>\n<ul>\n<li>Individueller Pflegeplan (PDF) mit Analyse, Tages- und Abend-Routine, Dosierungen, Reihenfolge und Anwendungshinweisen.<\/li>\n<\/ul>\n<ul>\n<li>Drei Basis-Produkte in Starter Gr\u00f6\u00dfen, auf Ihre Hautkonditionen abgestimmt.<\/li>\n<\/ul>\n<ul>\n<li>Optionales E-Mail-Feedback nach vier Wochen zur Fein-Abstimmung Ihrer Routine. (bitte melden Sie sich per E-Mail)<\/li>\n<\/ul>\n<p>&nbsp;<\/p>\n<h5><strong>Was wir brauchen:<\/strong><\/h5>\n<ul>\n<li>Anamnesebogen vollst\u00e4ndig ausgef\u00fcllt<\/li>\n<\/ul>\n<ul>\n<li>2-4 gut belichtete Fotos (Front, links, rechts, optional Nahaufnahme) per Email an team@claresco-cosmetic.de<\/li>\n<\/ul>\n<p><em><span style=\"font-size: 0.8rem; line-height: 1.2em;\">Hinweis: Ohne vollst\u00e4ndige Angaben verz\u00f6gert sich die 24-h-Lieferung<\/span><\/em><\/p>\n<p>&nbsp;<\/p>\n<h5><strong>F\u00fcr wen ist das geeignet:<\/strong><\/h5>\n<ul>\n<li>F\u00fcr Einsteiger aller Hauttypen, die mit einer regulative Routine direkt und mit einem nat\u00fcrlichen Make-up-Look kombiniert, starten m\u00f6chten.<\/li>\n<\/ul>\n<ul>\n<li>Kund:innen, die eine schnelle L\u00f6sung mit klarer Anleitung und Shade-Sicherheit suchen.<\/li>\n<\/ul>\n","protected":false},"excerpt":{"rendered":"<p>Ihre Online-Hautanalyse mit pers\u00f6nlichem Pflegeplan &#8211; regulativ, verst\u00e4ndlich und alltagstauglich.<\/p>\n<p>&nbsp;<\/p>\n<ul>\n<li>Pflegeplan in 24 h werktags &#8211; keine Terminbuchung n\u00f6tig<\/li>\n<li>Inklusive Multivalent-Make-up im D\u00f6schen plus zwei ausgew\u00e4hlte Produkte passend zu Ihrem Hautzustand.<\/li>\n<li>Nach der Haut-Analyse: Freischaltung f\u00fcr die Rosel Heim Produkte mit individuellen Empfehlungen<\/li>\n<li>Sichere Vorauszahlung im Checkout; Versand der Produkte per DHL<\/li>\n<\/ul>\n","protected":false},"featured_media":987496091,"comment_status":"open","ping_status":"closed","template":"","meta":{"_et_pb_use_builder":"off","_et_pb_old_content":"<strong>Dieser Service beinhaltet:<\/strong>\r\n<ul>\r\n \t<li>\u00dcbergang bestehender Nagelmodellage feilen<\/li>\r\n \t<li>in Form feilen<\/li>\r\n \t<li>Nagelhaut entfernen<\/li>\r\n \t<li>Gel\u00fcberzug \/ Rebalancierung in Frenchoptik oder mit Glitzer\u00fcberzug<\/li>\r\n \t<li>Hand & Nagelpflege<\/li>\r\n<\/ul>","_et_gb_content_width":""},"product_brand":[],"product_cat":[481],"product_tag":[406,358,426,428,427],"class_list":{"0":"post-987496101","1":"product","2":"type-product","3":"status-publish","4":"has-post-thumbnail","6":"product_cat-online-hautanalyse-pflegeplan-in-24h","7":"product_tag-hautberatung","8":"product_tag-hautpflege","9":"product_tag-hautpflegeplan","10":"product_tag-produkte-richtig-anwenden","11":"product_tag-rosel-heim-produkte","13":"first","14":"instock","15":"downloadable","16":"virtual","17":"taxable","18":"purchasable","19":"product-type-simple"},"booking_location":null,"booking_location_type":null,"booking_duration":null,"booking_duration_unit":null,"booking_buffer":null,"booking_cost":null,"booking_resources":null,"exclude_global_add_ons":[],"addons":[],"_links":{"self":[{"href":"https:\/\/www.claresco-cosmetic.de\/kosmetik-shop\/wp-json\/wp\/v2\/product\/987496101","targetHints":{"allow":["GET"]}}],"collection":[{"href":"https:\/\/www.claresco-cosmetic.de\/kosmetik-shop\/wp-json\/wp\/v2\/product"}],"about":[{"href":"https:\/\/www.claresco-cosmetic.de\/kosmetik-shop\/wp-json\/wp\/v2\/types\/product"}],"replies":[{"embeddable":true,"href":"https:\/\/www.claresco-cosmetic.de\/kosmetik-shop\/wp-json\/wp\/v2\/comments?post=987496101"}],"wp:featuredmedia":[{"embeddable":true,"href":"https:\/\/www.claresco-cosmetic.de\/kosmetik-shop\/wp-json\/wp\/v2\/media\/987496091"}],"wp:attachment":[{"href":"https:\/\/www.claresco-cosmetic.de\/kosmetik-shop\/wp-json\/wp\/v2\/media?parent=987496101"}],"wp:term":[{"taxonomy":"product_brand","embeddable":true,"href":"https:\/\/www.claresco-cosmetic.de\/kosmetik-shop\/wp-json\/wp\/v2\/product_brand?post=987496101"},{"taxonomy":"product_cat","embeddable":true,"href":"https:\/\/www.claresco-cosmetic.de\/kosmetik-shop\/wp-json\/wp\/v2\/product_cat?post=987496101"},{"taxonomy":"product_tag","embeddable":true,"href":"https:\/\/www.claresco-cosmetic.de\/kosmetik-shop\/wp-json\/wp\/v2\/product_tag?post=987496101"}],"curies":[{"name":"wp","href":"https:\/\/api.w.org\/{rel}","templated":true}]}}