{"id":987496718,"date":"2025-12-04T20:20:41","date_gmt":"2025-12-04T19:20:41","guid":{"rendered":"https:\/\/www.claresco-cosmetic.de\/kosmetik-shop\/?post_type=product&#038;p=987496718"},"modified":"2025-12-04T20:37:02","modified_gmt":"2025-12-04T19:37:02","slug":"geschenkset-repair-glow-ritual","status":"publish","type":"product","link":"https:\/\/www.claresco-cosmetic.de\/kosmetik-shop\/produkt\/geschenkset-repair-glow-ritual\/","title":{"rendered":"Geschenkset Repair &#038; Glow Ritual"},"content":{"rendered":"<p>Ein Ritual wie ein Neubeginn: Es schenkt der Haut strahlende Frische, neue Energie und echte Leuchtkraft. Die Enzyme Peeling Maske pflegt und befreit die Haut, das Hyaluron-Serum durchfeuchtet tief, der Repair Balm beruhigt und regeneriert.<\/p>\n<p>&nbsp;<\/p>\n<p>Das Geschenkset enth\u00e4lt:<\/p>\n<h5>ENZYME PEELING<br \/>\nBIO ALOE VERA &amp; GARDENIE -pflanzliches Retinol<\/h5>\n<p>3ml<\/p>\n<p>Eine sanft wirkende Enzyme Peeling Maske, die abgestorbene Hautzellen l\u00f6st, gleichzeitig den Teint sichtbar verfeinert. Sie belebt, kl\u00e4rt und aktiviert die nat\u00fcrliche Zellerneuerung. Die Haut wirkt sofort frischer, glatter und lebendiger.<\/p>\n<p>&nbsp;<\/p>\n<h5>LIFT &amp; REPAIR HYALURONIC SERUM<br \/>\nBIO ALOE VERA &amp; SNOW MUSHROOM<\/h5>\n<p>5ml<\/p>\n<p>Eine hochwirksame Feuchtigkeitspflege mit lang- und kurzkettigem sowie pflanzlichem Hyaluron. Sie durchflutet die Haut mit Lebendigkeit, polstert sie von innen auf und schenkt neue Spannkraft. F\u00fcr einen prallen, jugendlich frischen Glow.<\/p>\n<p>&nbsp;<\/p>\n<h5>REPAIR BALM<br \/>\nBIO ALOE VERA &amp; ARGAN \u00d6L<\/h5>\n<p>50ml<\/p>\n<p>Reichhaltige, regenerierende Pflege mit beruhigender Wirkung. St\u00e4rkt die Hautbarriere, mindert Irritationen und schenkt Schutz, Geschmeidigkeit und ein gepflegtes Hautgef\u00fchl. Ein wohltuender Balsam mit sanfter Textur f\u00fcr beanspruchte Haut. Harmonisierend und n\u00e4hrend zugleich.<\/p>\n<p>&nbsp;<\/p>\n<h5>Anwendung<\/h5>\n<p>Tragen Sie die Enzyme Peeling Maske auf die gereinigte Gesichtshaut auf und lassen Sie sie 10-20 Minuten einwirken. Mit lauwarmem Wasser sanft abnehmen. Anschlie\u00dfend einige Tropfen des Hyaluron Serums in die Haut einklopfen, f\u00fcr intensive Feuchtigkeit und neue Strahlkraft. Zum Abschluss eine kleine Menge des Repair Balms sanft auf\u2018s Gesicht auftragen. Mit leichten, streichenden Bewegungen einmassieren. So entfaltet sich der Dreiklang aus Reinigung, Erneuerung und Schutz, f\u00fcr ein sichtbar erfrischtes, regeneriertes Hautbild.<\/p>\n<p>&nbsp;<\/p>\n<h5>Empfohlen f\u00fcr:<\/h5>\n<ul>\n<li>Anspruchsvolle Haut \u2192 Versorgt die Haut mit n\u00e4hrenden Wirkstoffen<\/li>\n<li>Feinporige, d\u00fcnne Haut \u2192 Verbessert das Erscheinungsbild der Haut<\/li>\n<li>Raue, schuppige Haut \u2192 Gl\u00e4ttet Hautschuppen und raue Stellen<\/li>\n<li>Neurodermitis \u2192 Regeneriert und pflegt betroffene Hautstellen<\/li>\n<\/ul>\n","protected":false},"excerpt":{"rendered":"<p>Verschenken Sie ein Love your Age Ritual<\/p>\n<p>&nbsp;<\/p>\n<ul>\n<li>Verleiht der Haut ein glattes und ebenm\u00e4\u00dfiges Erscheinungsbild<\/li>\n<li>Leichte Textur mit extrem pflegender Wirkung<\/li>\n<li>Versorgt die Haut optimal mit N\u00e4hrstoffen<\/li>\n<li>Aus echten Heil- und Verj\u00fcngungspflanzen, sacred plants<\/li>\n<\/ul>\n","protected":false},"featured_media":987496719,"comment_status":"open","ping_status":"closed","template":"","meta":{"_et_pb_use_builder":"","_et_pb_old_content":"","_et_gb_content_width":""},"product_brand":[473],"product_cat":[251,455,84,210,240,239,482,456],"product_tag":[344,288,287,68,289,324],"class_list":{"0":"post-987496718","1":"product","2":"type-product","3":"status-publish","4":"has-post-thumbnail","6":"product_brand-pharmos-natur","7":"product_cat-pharmos-alle-naturkosmetik","8":"product_cat-geschenkideen","9":"product_cat-gesicht","10":"product_cat-gesichtspflege","11":"product_cat-pharmos-naturkosmetik","12":"product_cat-pharmos-natur","13":"product_cat-pharmos-geschenksets","14":"product_cat-sets","15":"product_tag-geschenk","16":"product_tag-geschenkset","17":"product_tag-kleingroessen","18":"product_tag-regeneration","19":"product_tag-set","20":"product_tag-weihnachten","22":"first","23":"onbackorder","24":"taxable","25":"shipping-taxable","26":"purchasable","27":"product-type-simple"},"booking_location":null,"booking_location_type":null,"booking_duration":null,"booking_duration_unit":null,"booking_buffer":null,"booking_cost":null,"booking_resources":null,"exclude_global_add_ons":[],"addons":[],"_links":{"self":[{"href":"https:\/\/www.claresco-cosmetic.de\/kosmetik-shop\/wp-json\/wp\/v2\/product\/987496718","targetHints":{"allow":["GET"]}}],"collection":[{"href":"https:\/\/www.claresco-cosmetic.de\/kosmetik-shop\/wp-json\/wp\/v2\/product"}],"about":[{"href":"https:\/\/www.claresco-cosmetic.de\/kosmetik-shop\/wp-json\/wp\/v2\/types\/product"}],"replies":[{"embeddable":true,"href":"https:\/\/www.claresco-cosmetic.de\/kosmetik-shop\/wp-json\/wp\/v2\/comments?post=987496718"}],"wp:featuredmedia":[{"embeddable":true,"href":"https:\/\/www.claresco-cosmetic.de\/kosmetik-shop\/wp-json\/wp\/v2\/media\/987496719"}],"wp:attachment":[{"href":"https:\/\/www.claresco-cosmetic.de\/kosmetik-shop\/wp-json\/wp\/v2\/media?parent=987496718"}],"wp:term":[{"taxonomy":"product_brand","embeddable":true,"href":"https:\/\/www.claresco-cosmetic.de\/kosmetik-shop\/wp-json\/wp\/v2\/product_brand?post=987496718"},{"taxonomy":"product_cat","embeddable":true,"href":"https:\/\/www.claresco-cosmetic.de\/kosmetik-shop\/wp-json\/wp\/v2\/product_cat?post=987496718"},{"taxonomy":"product_tag","embeddable":true,"href":"https:\/\/www.claresco-cosmetic.de\/kosmetik-shop\/wp-json\/wp\/v2\/product_tag?post=987496718"}],"curies":[{"name":"wp","href":"https:\/\/api.w.org\/{rel}","templated":true}]}}