{"id":987496721,"date":"2025-12-04T20:48:44","date_gmt":"2025-12-04T19:48:44","guid":{"rendered":"https:\/\/www.claresco-cosmetic.de\/kosmetik-shop\/?post_type=product&#038;p=987496721"},"modified":"2025-12-31T20:23:00","modified_gmt":"2025-12-31T19:23:00","slug":"geschenkset-be-yourself","status":"publish","type":"product","link":"https:\/\/www.claresco-cosmetic.de\/kosmetik-shop\/produkt\/geschenkset-be-yourself\/","title":{"rendered":"Geschenkset Be Yourself"},"content":{"rendered":"<p>100% Natur. Schnell und perfekt in der Wirkung. Vielseitig und unkompliziert in der Anwendung. Das speziell auf die Haut des Mannes abgestimmte Verw\u00f6hn-Set verleiht Frische, Power und Energie.<\/p>\n<p>Das Geschenkset enth\u00e4lt:<\/p>\n<h5>EFFECT SERUM<\/h5>\n<p>50ml<\/p>\n<p>Bio Aloe Vera, Cranberry &amp; Hyaluron.<br \/>\nEin Vital-Booster f\u00fcr perfekte Pflege, Schutz und Regeneration, mit heilender Mehrfachwirkung. Leichte und gleich\u00adzeitig reichhaltige Textur, die sofort einzieht, Feuchtigkeit spendet, zellerneuernd und energetisierend wirkt.<\/p>\n<p>&nbsp;<\/p>\n<h5>CLEANSING &amp; SHAVING GEL<\/h5>\n<p>15ml<\/p>\n<p>Bio Aloe Vera &amp; Chilean Soap Bark.<br \/>\nSanftes Reinigungs- und Rasiergel in Einem. Beruhigt, harmonisiert, versorgt die Haut mit Feuchtigkeit, desinfiziert und belebt. So wird die t\u00e4gliche Rasur und Reinigung zu einem angenehmen, unvergleichlichen Pflegeritual.<\/p>\n<p>&nbsp;<\/p>\n<h5>Anwendung<\/h5>\n<p>Sch\u00e4umen Sie das CLEANSING &amp; SHAVING GEL f\u00fcr die Reinigung mit etwas Wasser auf. F\u00fcr die Rasur nehmen Sie daf\u00fcr einen Rasierpinsel oder ebenfalls Ihre H\u00e4nde.<\/p>\n<p>Tragen Sie das EFFECT SERUM morgens und abends gleichm\u00e4\u00dfig auf Ihre gereinigte Haut auf. Verwenden Sie das Serum auch nach der Rasur, um Hautirritationen vorzubeugen und zu beruhigen.<\/p>\n<p>&nbsp;<\/p>\n<h5>Empfohlen f\u00fcr<\/h5>\n<ul>\n<li>Besonders empfindliche Haut\u200b \u2192plegt, sch\u00fctzt und regeneriert die Haut<\/li>\n<li>Gereizte Haut\u2192 wirkt regenerierend und beruhigend nach der Rasur<\/li>\n<li>Entz\u00fcndung &amp; eingewachsene Haare \u2192 wirkt vorbeugend<\/li>\n<li>Alle Hauttypen \u2192 100 % vertr\u00e4glich<\/li>\n<\/ul>\n<p>&nbsp;<\/p>\n","protected":false},"excerpt":{"rendered":"<p>Nature of Men Effect Serum 50ml + Geschenk: Cleansing &amp; Shaving Gel 15ml<\/p>\n<ul>\n<li>Beugt Irritationen, Reizungen &amp; eingewachsenen Haaren vor\u200b<\/li>\n<li>Irritationen klingen rasch ab\u200b<\/li>\n<li>Aus echten Heil- und Verj\u00fcngungspflanzen, sacred plants<\/li>\n<\/ul>\n","protected":false},"featured_media":987496722,"comment_status":"open","ping_status":"closed","template":"","meta":{"_et_pb_use_builder":"","_et_pb_old_content":"","_et_gb_content_width":""},"product_brand":[473],"product_cat":[251,455,84,210,247,240,87,239,482],"product_tag":[],"class_list":{"0":"post-987496721","1":"product","2":"type-product","3":"status-publish","4":"has-post-thumbnail","6":"product_brand-pharmos-natur","7":"product_cat-pharmos-alle-naturkosmetik","8":"product_cat-geschenkideen","9":"product_cat-gesicht","10":"product_cat-gesichtspflege","11":"product_cat-pharmos-maennerpflege","12":"product_cat-pharmos-naturkosmetik","13":"product_cat-new-in","14":"product_cat-pharmos-natur","15":"product_cat-pharmos-geschenksets","17":"first","18":"onbackorder","19":"taxable","20":"shipping-taxable","21":"purchasable","22":"product-type-simple"},"booking_location":null,"booking_location_type":null,"booking_duration":null,"booking_duration_unit":null,"booking_buffer":null,"booking_cost":null,"booking_resources":null,"exclude_global_add_ons":[],"addons":[],"_links":{"self":[{"href":"https:\/\/www.claresco-cosmetic.de\/kosmetik-shop\/wp-json\/wp\/v2\/product\/987496721","targetHints":{"allow":["GET"]}}],"collection":[{"href":"https:\/\/www.claresco-cosmetic.de\/kosmetik-shop\/wp-json\/wp\/v2\/product"}],"about":[{"href":"https:\/\/www.claresco-cosmetic.de\/kosmetik-shop\/wp-json\/wp\/v2\/types\/product"}],"replies":[{"embeddable":true,"href":"https:\/\/www.claresco-cosmetic.de\/kosmetik-shop\/wp-json\/wp\/v2\/comments?post=987496721"}],"wp:featuredmedia":[{"embeddable":true,"href":"https:\/\/www.claresco-cosmetic.de\/kosmetik-shop\/wp-json\/wp\/v2\/media\/987496722"}],"wp:attachment":[{"href":"https:\/\/www.claresco-cosmetic.de\/kosmetik-shop\/wp-json\/wp\/v2\/media?parent=987496721"}],"wp:term":[{"taxonomy":"product_brand","embeddable":true,"href":"https:\/\/www.claresco-cosmetic.de\/kosmetik-shop\/wp-json\/wp\/v2\/product_brand?post=987496721"},{"taxonomy":"product_cat","embeddable":true,"href":"https:\/\/www.claresco-cosmetic.de\/kosmetik-shop\/wp-json\/wp\/v2\/product_cat?post=987496721"},{"taxonomy":"product_tag","embeddable":true,"href":"https:\/\/www.claresco-cosmetic.de\/kosmetik-shop\/wp-json\/wp\/v2\/product_tag?post=987496721"}],"curies":[{"name":"wp","href":"https:\/\/api.w.org\/{rel}","templated":true}]}}