{"id":987496828,"date":"2025-12-08T19:53:47","date_gmt":"2025-12-08T18:53:47","guid":{"rendered":"https:\/\/www.claresco-cosmetic.de\/kosmetik-shop\/?post_type=product&#038;p=987496828"},"modified":"2025-12-08T20:43:37","modified_gmt":"2025-12-08T19:43:37","slug":"geschenkset-deep-nourishing","status":"publish","type":"product","link":"https:\/\/www.claresco-cosmetic.de\/kosmetik-shop\/produkt\/geschenkset-deep-nourishing\/","title":{"rendered":"Geschenkset Deep Nourishing Ritual"},"content":{"rendered":"<p>Wie eine liebevolle Umarmung. Dieses Ritual schenkt W\u00e4rme, Tiefe und Harmonie. Pflanzliche Essenzen beruhigen, st\u00e4rken und umh\u00fcllen die Haut samtig weich. Ein Moment reiner Geborgenheit.<\/p>\n<p>&nbsp;<\/p>\n<p>Das Geschenkset enth\u00e4lt:<\/p>\n<h5>NOURISHING ROSE CREAM<br \/>\nBio Aloe Vera &amp; Rose<\/h5>\n<p>50ml<\/p>\n<p>Zart und intensiv pflegend zugleich. Rose harmonisiert, beruhigt und st\u00e4rkt die Hautbarriere. Feuchtigkeit und wertvolle Lipide schenken Geschmeidigkeit und ein sanftes Leuchten. F\u00fcr ein ausgeglichenes, gepflegtes Hautgef\u00fchl.<\/p>\n<p>&nbsp;<\/p>\n<h5>BALANCING OIL<br \/>\nBio Aloe Vera, Sesam &amp; Jojoba<\/h5>\n<p>5ml<\/p>\n<p>Pflegt, n\u00e4hrt und bringt Haut und Seele in Einklang. Das \u00d6l zieht schnell ein, harmonisiert und schenkt seidig-zarte Geschmeidigkeit. Ein pflegendes Ritual f\u00fcr innere und \u00e4u\u00dfere Balance<\/p>\n<p>&nbsp;<\/p>\n<h5>LIP BALM<br \/>\nBio Aloe Vera, Sheabutter &amp; Kakaobutter<\/h5>\n<p>7ml<\/p>\n<p>Reichhaltige Lippenpflege, die gl\u00e4ttet, sch\u00fctzt und pflegt. Beruhigt raue Stellen und bewahrt die zarte Haut vor K\u00e4lte und Trockenheit. F\u00fcr samtweiche, gepflegte Lippen mit nat\u00fcrlichem Glanz.<\/p>\n<p>&nbsp;<\/p>\n<h5>Anwendung<\/h5>\n<p>Tragen Sie die Nourishing Rose Cream morgens und abends nach der Reinigung sanft auf\u2018s Gesicht auf. F\u00fcr zus\u00e4tzliche Pflege einige Tropfen des Balancing Oils dazu geben. Die Lippen mit dem Lip Balm nach Bedarf pflegen, besonders bei Trockenheit oder K\u00e4lte. So entfaltet sich der Dreiklang aus Power, Schutz und Balance f\u00fcr ein rundum gepflegtes, weiches Hautgef\u00fchl.<\/p>\n<p>&nbsp;<\/p>\n<h5>Empfohlen f\u00fcr:<\/h5>\n<ul>\n<li>Trockene empfindliche Haut \u2192 n\u00e4hrt, beruhigt, sch\u00fctzt<\/li>\n<li>gestresste Haut \u2192 bringt sie in ihre nat\u00fcrliche Balance<\/li>\n<li>reife Haut \u2192 gibt Geschmeidigkeit und Elastizit\u00e4t<\/li>\n<li>feuchtigkeitsarme Haut \u2192 versorgt mit pflegenden Lipiden<\/li>\n<\/ul>\n","protected":false},"excerpt":{"rendered":"<p>Ein harmonische Pflege Trio: Power, Schutz und Balance<\/p>\n<p>&nbsp;<\/p>\n<ul>\n<li>Samtweiche, geschmeidige Haut und ein Gef\u00fchl tiefer Geborgenheit<\/li>\n<li>n\u00e4hrende Gesichtscreme mit Bio Aloe Vera &amp; Rose<\/li>\n<li>harmonisierendes \u00d6l mit Bio Aloe Vera, Sesam &amp; Jojoba<\/li>\n<li>reichhaltige Lippenpflege mit Bio Aloe Vera, She- &amp; Kakaobutter<\/li>\n<\/ul>\n<p>&nbsp;<\/p>\n","protected":false},"featured_media":987496830,"comment_status":"open","ping_status":"closed","template":"","meta":{"_et_pb_use_builder":"","_et_pb_old_content":"","_et_gb_content_width":""},"product_brand":[473],"product_cat":[251,455,84,210,240,87,239,482,456],"product_tag":[484,344,288,287,68,289,324],"class_list":{"0":"post-987496828","1":"product","2":"type-product","3":"status-publish","4":"has-post-thumbnail","6":"product_brand-pharmos-natur","7":"product_cat-pharmos-alle-naturkosmetik","8":"product_cat-geschenkideen","9":"product_cat-gesicht","10":"product_cat-gesichtspflege","11":"product_cat-pharmos-naturkosmetik","12":"product_cat-new-in","13":"product_cat-pharmos-natur","14":"product_cat-pharmos-geschenksets","15":"product_cat-sets","16":"product_tag-anti-aging","17":"product_tag-geschenk","18":"product_tag-geschenkset","19":"product_tag-kleingroessen","20":"product_tag-regeneration","21":"product_tag-set","22":"product_tag-weihnachten","24":"first","25":"onbackorder","26":"taxable","27":"shipping-taxable","28":"purchasable","29":"product-type-simple"},"booking_location":null,"booking_location_type":null,"booking_duration":null,"booking_duration_unit":null,"booking_buffer":null,"booking_cost":null,"booking_resources":null,"exclude_global_add_ons":[],"addons":[],"_links":{"self":[{"href":"https:\/\/www.claresco-cosmetic.de\/kosmetik-shop\/wp-json\/wp\/v2\/product\/987496828","targetHints":{"allow":["GET"]}}],"collection":[{"href":"https:\/\/www.claresco-cosmetic.de\/kosmetik-shop\/wp-json\/wp\/v2\/product"}],"about":[{"href":"https:\/\/www.claresco-cosmetic.de\/kosmetik-shop\/wp-json\/wp\/v2\/types\/product"}],"replies":[{"embeddable":true,"href":"https:\/\/www.claresco-cosmetic.de\/kosmetik-shop\/wp-json\/wp\/v2\/comments?post=987496828"}],"wp:featuredmedia":[{"embeddable":true,"href":"https:\/\/www.claresco-cosmetic.de\/kosmetik-shop\/wp-json\/wp\/v2\/media\/987496830"}],"wp:attachment":[{"href":"https:\/\/www.claresco-cosmetic.de\/kosmetik-shop\/wp-json\/wp\/v2\/media?parent=987496828"}],"wp:term":[{"taxonomy":"product_brand","embeddable":true,"href":"https:\/\/www.claresco-cosmetic.de\/kosmetik-shop\/wp-json\/wp\/v2\/product_brand?post=987496828"},{"taxonomy":"product_cat","embeddable":true,"href":"https:\/\/www.claresco-cosmetic.de\/kosmetik-shop\/wp-json\/wp\/v2\/product_cat?post=987496828"},{"taxonomy":"product_tag","embeddable":true,"href":"https:\/\/www.claresco-cosmetic.de\/kosmetik-shop\/wp-json\/wp\/v2\/product_tag?post=987496828"}],"curies":[{"name":"wp","href":"https:\/\/api.w.org\/{rel}","templated":true}]}}