{"id":987498970,"date":"2026-02-16T17:45:29","date_gmt":"2026-02-16T16:45:29","guid":{"rendered":"https:\/\/www.claresco-cosmetic.de\/kosmetik-shop\/?post_type=product&#038;p=987498970"},"modified":"2026-02-16T19:16:33","modified_gmt":"2026-02-16T18:16:33","slug":"body-gua-sha-aventurine","status":"publish","type":"product","link":"https:\/\/www.claresco-cosmetic.de\/kosmetik-shop\/produkt\/body-gua-sha-aventurine\/","title":{"rendered":"Body Gua Sha Aventurine"},"content":{"rendered":"<h5>Produktinformationen:<\/h5>\n<p>Die Kunst des Gua Sha ist seit \u00fcber 2.000 Jahren teil der Traditionellen Chinesischen Medizin (TCM). Der Aventurin-Stein steht f\u00fcr Harmonie, innere Balance und Regeneration. Kombiniere ihn mit deiner Lieblingsmischung aus Pharos Natur Bodylotion und \u00d6l.<\/p>\n<p>Jeder Gua Sha Stein ist ein Unikat. Die na\u00fctrliche Sch\u00f6nheit des klaren Aventurins spiegelt sich in feinen Variationen der Farbe und Form wider.<\/p>\n<p>&nbsp;<\/p>\n<h5>Wirkung:<\/h5>\n<ul>\n<li>Durchblutung und Lymphfluss wird aktiviert<\/li>\n<li>Verspannungen und Verklebungen werden gel\u00f6st<\/li>\n<li>Stoffwechsel und Entgiftung wird unterst\u00fctzt<\/li>\n<li>Das vegetative Nervensystem wird beruhigt<\/li>\n<\/ul>\n<p>&nbsp;<\/p>\n<h5>Anwendung:<\/h5>\n<p>Tragen Sie Ihre Lieblingsprodukte von PHARMOS NATUR auf die gr\u00fcndlich gereinigte Haut auf. Arbeiten Sie die Produkte nun mit dem Gua Sha Stein in Ihre Haut ein. Sanfter Druck verst\u00e4rkt die abschwellende Wirkung, w\u00e4hrend st\u00e4rkerer Druck die Muskeln intensiver massiert und den gl\u00e4ttenden Effekt verst\u00e4rkt.<\/p>\n<p>&nbsp;<\/p>\n<h5>Anleitung:<\/h5>\n<ul>\n<li>Tragen Sie am besten ein Pharmos Natur \u00d6l gemischt mit einer Bodylotion auf die Haut auf.<\/li>\n<li>Gleiten Sie mit der glatten Seite des Steins mit sanftem Druck \u00fcber die Haut \u2013 immer zum Herzen hin.<\/li>\n<li>Die geriffelte Seite des Steins k\u00f6nnen Sie dann f\u00fcr intensivere, k\u00fcrzere oder hin-und-her Bewegungen, z. B. bei Verspannungen, Verklebungen, Cellulite nutzen.<\/li>\n<li>Behandeln Sie jede K\u00f6rperregion ca. 3\u20135 Minuten. Wichtig: Nie direkt auf Knochen oder verletzter Haut arbeiten.<\/li>\n<li>Danach: W\u00e4rmen, ruhen, viel Wasser trinken.<\/li>\n<\/ul>\n<p>&nbsp;<\/p>\n<div class=\"product-detail-description-text\">\n<h5>Empfohlen f\u00fcr:<\/h5>\n<ul>\n<li>Fahle Haut:<br \/>\nf\u00f6rdert die Durchblutung und sotg f\u00fcr einen strahlenden Teint<\/li>\n<li>F\u00e4ltchen und feine Linien:<br \/>\nreduziert sichtbar feine Linien und F\u00e4ltchen<\/li>\n<li>Verspannte Gesichtsmuskulatur:<br \/>\nl\u00f6st Spannungen und unterst\u00fctzt die innere Balance<\/li>\n<li>Stauungen:<br \/>\nhilft, Schwellungen zu reduzieren und \u00fcbersch\u00fcssige Fl\u00fcssigkeiten abzuleiten<\/li>\n<li>Erschlaffte Konturen:<br \/>\nstrafft die Haut durch gezielte Massagebewegungen<\/li>\n<li>Unreine Haut:<br \/>\nunterst\u00fctzt die nat\u00fcrlichen Entgiftungsprozesse der Haut<\/li>\n<li>Gestresste Haut:<br \/>\nberuhigt die Haut mit seiner glatten, k\u00fchlen Oberfl\u00e4che<\/li>\n<li>Energieverlust:<br \/>\nf\u00f6rdert Klarheit und neue Lebensenergie<\/li>\n<\/ul>\n<\/div>\n","protected":false},"excerpt":{"rendered":"<p>Massagetool zur Aktivierung des Lymphflusses<\/p>\n<p>&nbsp;<\/p>\n<ul>\n<li>K\u00f6rpermassage-Tool aus hochwertigem Aventurin<\/li>\n<li>F\u00f6rdert die Durchblutung und verleiht strahlende Haut<\/li>\n<li>Mindert feine Linien, F\u00e4ltchen und Schwellungen<\/li>\n<li>Unterst\u00fctzt die nat\u00fcrliche Lymphdrainage und Entgiftung<\/li>\n<li>Beruhigt die Haut mit einer k\u00fchlen, glatten Oberfl\u00e4che<\/li>\n<li>Verbessert die Elastizit\u00e4t<\/li>\n<li>Ein einzigartiges Unikat f\u00fcr nachhaltige und effektive Hautpflege<\/li>\n<\/ul>\n","protected":false},"featured_media":987498977,"comment_status":"open","ping_status":"closed","template":"","meta":{"_et_pb_use_builder":"","_et_pb_old_content":"","_et_gb_content_width":""},"product_brand":[473],"product_cat":[251,479,249,87,239],"product_tag":[190,470,287,68,120],"class_list":{"0":"post-987498970","1":"product","2":"type-product","3":"status-publish","4":"has-post-thumbnail","6":"product_brand-pharmos-natur","7":"product_cat-pharmos-alle-naturkosmetik","8":"product_cat-body-soul","9":"product_cat-pharmos-koerperpflege","10":"product_cat-new-in","11":"product_cat-pharmos-natur","12":"product_tag-antiaging","13":"product_tag-hyaluron","14":"product_tag-kleingroessen","15":"product_tag-regeneration","16":"product_tag-serum","18":"first","19":"onbackorder","20":"taxable","21":"shipping-taxable","22":"purchasable","23":"product-type-simple"},"booking_location":null,"booking_location_type":null,"booking_duration":null,"booking_duration_unit":null,"booking_buffer":null,"booking_cost":null,"booking_resources":null,"exclude_global_add_ons":[],"addons":[],"_links":{"self":[{"href":"https:\/\/www.claresco-cosmetic.de\/kosmetik-shop\/wp-json\/wp\/v2\/product\/987498970","targetHints":{"allow":["GET"]}}],"collection":[{"href":"https:\/\/www.claresco-cosmetic.de\/kosmetik-shop\/wp-json\/wp\/v2\/product"}],"about":[{"href":"https:\/\/www.claresco-cosmetic.de\/kosmetik-shop\/wp-json\/wp\/v2\/types\/product"}],"replies":[{"embeddable":true,"href":"https:\/\/www.claresco-cosmetic.de\/kosmetik-shop\/wp-json\/wp\/v2\/comments?post=987498970"}],"wp:featuredmedia":[{"embeddable":true,"href":"https:\/\/www.claresco-cosmetic.de\/kosmetik-shop\/wp-json\/wp\/v2\/media\/987498977"}],"wp:attachment":[{"href":"https:\/\/www.claresco-cosmetic.de\/kosmetik-shop\/wp-json\/wp\/v2\/media?parent=987498970"}],"wp:term":[{"taxonomy":"product_brand","embeddable":true,"href":"https:\/\/www.claresco-cosmetic.de\/kosmetik-shop\/wp-json\/wp\/v2\/product_brand?post=987498970"},{"taxonomy":"product_cat","embeddable":true,"href":"https:\/\/www.claresco-cosmetic.de\/kosmetik-shop\/wp-json\/wp\/v2\/product_cat?post=987498970"},{"taxonomy":"product_tag","embeddable":true,"href":"https:\/\/www.claresco-cosmetic.de\/kosmetik-shop\/wp-json\/wp\/v2\/product_tag?post=987498970"}],"curies":[{"name":"wp","href":"https:\/\/api.w.org\/{rel}","templated":true}]}}