{"id":987502927,"date":"2026-04-20T16:34:52","date_gmt":"2026-04-20T14:34:52","guid":{"rendered":"https:\/\/www.claresco-cosmetic.de\/kosmetik-shop\/?post_type=product&#038;p=987502927"},"modified":"2026-04-22T20:51:11","modified_gmt":"2026-04-22T18:51:11","slug":"eau-fraiche-sommer-spezial","status":"publish","type":"product","link":"https:\/\/www.claresco-cosmetic.de\/kosmetik-shop\/produkt\/eau-fraiche-sommer-spezial\/","title":{"rendered":"Eau fraiche Sommer spezial"},"content":{"rendered":"<h5>Wirkungsweise<\/h5>\n<p>Die Duftnote des Eau fra\u00eeche Sommer spezial \u00a0hat eine besonders wertvolle mediterrane Parf\u00fcmierung. Die balsamische Grundnote aus Feigenholz und Zedernholz wird erg\u00e4nzt durch die Herznote aus Feige und Jasmin. Die Kopfnote erfrischt durch den Duft von mediteranen Agrumen<\/p>\n<p>&nbsp;<\/p>\n<h5>Anwendung:<\/h5>\n<p>Nach dem Waschen, am besten mit einer milchsauren Reinigungsemulsion eau fra\u00eeche mit Abstand von mindestens 30-50 cm einspr\u00fchen. Bei starkem Schwitzen sollte die Anwendung nach 4-6 Stunden wiederholt werden.<\/p>\n<p>&nbsp;<\/p>\n<h5>Hinweis:<\/h5>\n<p>Alkohol dient als Tr\u00e4gersubstanz der \u00e4therischen \u00d6le, Bei gest\u00f6rter Haut, zum Beispiel nach der Depilation, sollte der Abstand zwischen Haut und Spr\u00fchkopf mindestens 50cm betragen.<br \/>\nDa der Geruch f\u00fcr die bakterienhemmende Wirkung verantwortlich ist, reicht es in den meisten F\u00e4llen aus, die W\u00e4sche einzuspr\u00fchen.<\/p>\n","protected":false},"excerpt":{"rendered":"<ul>\n<li>Eine Kombination aus Eau de toilette und Deo<\/li>\n<li>frei von bedenklichen Inhaltsstoffen<\/li>\n<li>die nat\u00fcrliche Hautflora wird nicht gest\u00f6rt, die Abwehrfunktion der Haut bleibt erhalten<\/li>\n<li>Eau fraiche Sommer spezial hat eine besondere mediterrane Duftnote, passend zur Sommer K\u00f6rpercreme<\/li>\n<\/ul>\n","protected":false},"featured_media":987503137,"comment_status":"open","ping_status":"closed","template":"","meta":{"_et_pb_use_builder":"off","_et_pb_old_content":"<strong>Anwendungsgebiete:<\/strong>\r\n\r\nAls K\u00f6rper\u00f6l zur Hautpflege und bei sehr empfindlicher Haut kann Squalan\u00f6l auch zur Reinigung der Haut verwendet werden.\r\n\r\n<strong>Wirkungsweise:<\/strong>\r\n\r\nSqualan\u00f6l ist ein hochwirksames hautidentisches \u00d6l, das von der Haut vollst\u00e4ndig verwertet wird. Es entspricht dem \u00f6ligen Anteil der nat\u00fcrlichen Hautlipide.\r\n\r\n<span style=\"font-weight: bold\">Anwendung:<\/span>\r\n\r\nSqualan\u00f6l sollte auf Grund der hochwirksamen Inhaltsstoffe immer verd\u00fcnnt auf die Haut gebracht werden. Wenige Tropfen ins Badewasser oder auf einen nassen Waschhandschuh reichen aus, um die hautpflegende Wirkung zu erreichen..","_et_gb_content_width":""},"product_brand":[472],"product_cat":[372,95,85,213,87,43],"product_tag":[437,121],"class_list":{"0":"post-987502927","1":"product","2":"type-product","3":"status-publish","4":"has-post-thumbnail","6":"product_brand-rosel-heim","7":"product_cat-alle-rosel-heim-produkte","8":"product_cat-rh-body-line","9":"product_cat-koerper","10":"product_cat-koerperpflege","11":"product_cat-new-in","12":"product_cat-rosel-heim","13":"product_tag-deo","14":"product_tag-deodorant","16":"first","17":"instock","18":"taxable","19":"shipping-taxable","20":"purchasable","21":"product-type-simple"},"booking_location":null,"booking_location_type":null,"booking_duration":null,"booking_duration_unit":null,"booking_buffer":null,"booking_cost":null,"booking_resources":null,"exclude_global_add_ons":[],"addons":[],"_links":{"self":[{"href":"https:\/\/www.claresco-cosmetic.de\/kosmetik-shop\/wp-json\/wp\/v2\/product\/987502927","targetHints":{"allow":["GET"]}}],"collection":[{"href":"https:\/\/www.claresco-cosmetic.de\/kosmetik-shop\/wp-json\/wp\/v2\/product"}],"about":[{"href":"https:\/\/www.claresco-cosmetic.de\/kosmetik-shop\/wp-json\/wp\/v2\/types\/product"}],"replies":[{"embeddable":true,"href":"https:\/\/www.claresco-cosmetic.de\/kosmetik-shop\/wp-json\/wp\/v2\/comments?post=987502927"}],"wp:featuredmedia":[{"embeddable":true,"href":"https:\/\/www.claresco-cosmetic.de\/kosmetik-shop\/wp-json\/wp\/v2\/media\/987503137"}],"wp:attachment":[{"href":"https:\/\/www.claresco-cosmetic.de\/kosmetik-shop\/wp-json\/wp\/v2\/media?parent=987502927"}],"wp:term":[{"taxonomy":"product_brand","embeddable":true,"href":"https:\/\/www.claresco-cosmetic.de\/kosmetik-shop\/wp-json\/wp\/v2\/product_brand?post=987502927"},{"taxonomy":"product_cat","embeddable":true,"href":"https:\/\/www.claresco-cosmetic.de\/kosmetik-shop\/wp-json\/wp\/v2\/product_cat?post=987502927"},{"taxonomy":"product_tag","embeddable":true,"href":"https:\/\/www.claresco-cosmetic.de\/kosmetik-shop\/wp-json\/wp\/v2\/product_tag?post=987502927"}],"curies":[{"name":"wp","href":"https:\/\/api.w.org\/{rel}","templated":true}]}}